{"id":44209,"date":"2025-02-05T08:08:54","date_gmt":"2025-02-05T08:08:54","guid":{"rendered":"https:\/\/easyflatsardinia.com\/?page_id=44209"},"modified":"2025-02-06T14:36:04","modified_gmt":"2025-02-06T14:36:04","slug":"cookies","status":"publish","type":"page","link":"https:\/\/easyflatsardinia.com\/hu\/cookies\/","title":{"rendered":"S\u00fctik"},"content":{"rendered":"<div data-elementor-type=\"wp-page\" data-elementor-id=\"44209\" class=\"elementor elementor-44209\" data-elementor-post-type=\"page\">\n\t\t\t\t<div class=\"elementor-element elementor-element-2712ee62 e-flex e-con-boxed e-con e-parent\" data-id=\"2712ee62\" data-element_type=\"container\">\n\t\t\t\t\t<div class=\"e-con-inner\">\n\t\t\t\t<div class=\"elementor-element elementor-element-7cd15b63 elementor-widget elementor-widget-text-editor\" data-id=\"7cd15b63\" data-element_type=\"widget\" data-widget_type=\"text-editor.default\">\n\t\t\t\t<div class=\"elementor-widget-container\">\n\t\t\t\t\t\t\t\t\t<h2><b>Cookie-k \u00e9s nyomk\u00f6vet\u0151 technol\u00f3gi\u00e1k politik\u00e1ja<\/b><\/h2>\n<p style=\"text-align: left;\">Ez a dokumentum a k\u00f6vetkez\u0151 technol\u00f3gi\u00e1k \u00e1ltal haszn\u00e1lt technol\u00f3gi\u00e1kat \u00edrja le <b>EasyFlatSardinia<\/b> az al\u00e1bbiakban meghat\u00e1rozott c\u00e9lok el\u00e9r\u00e9se \u00e9rdek\u00e9ben. Ezek a technol\u00f3gi\u00e1k lehet\u0151v\u00e9 teszik sz\u00e1munkra, hogy inform\u00e1ci\u00f3kat gy\u0171jts\u00fcnk \u00e9s t\u00e1roljunk (pl. s\u00fctik seg\u00edts\u00e9g\u00e9vel) vagy er\u0151forr\u00e1sokat haszn\u00e1ljunk (pl. szkriptek futtat\u00e1s\u00e1val) az \u00d6n eszk\u00f6z\u00e9n, amikor \u00d6n kapcsolatba l\u00e9p a weboldalunkkal. Az egyszer\u0171s\u00e9g kedv\u00e9\u00e9rt a jelen dokumentumban ezeket a technol\u00f3gi\u00e1kat - elt\u00e9r\u0151 megjegyz\u00e9s hi\u00e1ny\u00e1ban - \"Nyomonk\u00f6vet\u00e9si eszk\u00f6z\u00f6k\" n\u00e9ven fogjuk eml\u00edteni.<\/p>\n<h2><b>A nyomonk\u00f6vet\u00e9si eszk\u00f6z\u00f6k t\u00edpusai<\/b><\/h2>\n<p style=\"text-align: left;\"><b>S\u00fctik<\/b> <b>e<\/b> <b>Eszk\u00f6z\u00f6k<\/b> <b>a<\/b> <b>Nyomon k\u00f6vet\u00e9s<\/b> k\u00fcl\u00f6nb\u00f6z\u0151 c\u00e9lokra haszn\u00e1lj\u00e1k, amelyek k\u00f6z\u00fcl n\u00e9h\u00e1nyhoz a felhaszn\u00e1l\u00f3 hozz\u00e1j\u00e1rul\u00e1sa sz\u00fcks\u00e9ges lehet. Ha a hozz\u00e1j\u00e1rul\u00e1s megad\u00e1sra ker\u00fclt, az b\u00e1rmikor visszavonhat\u00f3 a jelen dokumentumban tal\u00e1lhat\u00f3 utas\u00edt\u00e1sok betart\u00e1s\u00e1val.<\/p>\n<p style=\"text-align: left;\"><b>EasyFlatSardinia<\/b> mind az els\u0151 f\u00e9lt\u0151l sz\u00e1rmaz\u00f3 (k\u00f6zvetlen\u00fcl a tulajdonos \u00e1ltal \u00fczemeltetett), mind a harmadik f\u00e9lt\u0151l sz\u00e1rmaz\u00f3 (k\u00fcls\u0151 felek, p\u00e9ld\u00e1ul hirdet\u00e9si szolg\u00e1ltat\u00e1sok \u00e1ltal \u00fczemeltetett) nyomk\u00f6vet\u0151 eszk\u00f6z\u00f6ket haszn\u00e1lja.<\/p>\n<h2><b>A cookie-k id\u0151tartama \u00e9s lej\u00e1rata<\/b><\/h2>\n<p>A s\u00fctik \u00e9s egy\u00e9b nyomk\u00f6vet\u0151 eszk\u00f6z\u00f6k id\u0151tartama \u00e9s lej\u00e1rati ideje v\u00e1ltoz\u00f3 lehet, amelyet a tulajdonos \u00e9s a k\u00fcls\u0151 szolg\u00e1ltat\u00f3 hat\u00e1roz meg. Egyesek a b\u00f6ng\u00e9sz\u00e9si munkamenet v\u00e9g\u00e9n j\u00e1rnak le. Az id\u0151tartamra \u00e9s egy\u00e9b inform\u00e1ci\u00f3kra vonatkoz\u00f3 tov\u00e1bbi r\u00e9szletek\u00e9rt a felhaszn\u00e1l\u00f3k megtekinthetik az adatv\u00e9delmi szab\u00e1lyzatot.<br>a megfelel\u0151 k\u00fcls\u0151 szolg\u00e1ltat\u00f3k.<\/p>\n<h2><b>Nyomonk\u00f6vet\u00e9si eszk\u00f6z\u00f6k haszn\u00e1lata<\/b><\/h2>\n<p><!-- \/wp:paragraph --><\/p>\n<p><!-- wp:list --><\/p>\n<ul>\n<li style=\"list-style-type: none;\">\n<ul><!-- wp:list-item --><\/ul>\n<\/li>\n<\/ul>\n<ul>\n<li style=\"list-style-type: none;\">\n<ul>\n<li><b>Eszk\u00f6z\u00f6k<\/b> <b>sz\u00fcks\u00e9ges<\/b>: Ezek az eszk\u00f6z\u00f6k elengedhetetlenek a weboldal megfelel\u0151 m\u0171k\u00f6d\u00e9s\u00e9hez \u00e9s a k\u00e9rt szolg\u00e1ltat\u00e1sok ny\u00fajt\u00e1s\u00e1hoz.<\/li>\n<li><b>Tapasztalat<\/b> <b>felhaszn\u00e1l\u00f3<\/b>Nyomon k\u00f6vet\u0151 eszk\u00f6z\u00f6ket haszn\u00e1lunk a navig\u00e1ci\u00f3 \u00e9s a k\u00fcls\u0151 tartalmakkal, platformokkal \u00e9s h\u00e1l\u00f3zatokkal val\u00f3 interakci\u00f3 jav\u00edt\u00e1sa \u00e9rdek\u00e9ben.<\/li>\n<li><b>M\u00e9r\u00e9s<\/b>A nyomk\u00f6vet\u0151 eszk\u00f6z\u00f6ket arra haszn\u00e1ljuk, hogy elemezz\u00fck a felhaszn\u00e1l\u00f3k viselked\u00e9s\u00e9t a webhelyen, \u00e9s ez\u00e1ltal jav\u00edtsuk szolg\u00e1ltat\u00e1sainkat.<\/li>\n<li><b>Marketing: <\/b>Eszk\u00f6z\u00f6ket haszn\u00e1lunk szem\u00e9lyre szabott hirdet\u00e9si tartalmak ny\u00fajt\u00e1s\u00e1ra \u00e9s a hirdet\u00e9si kamp\u00e1nyok teljes\u00edtm\u00e9ny\u00e9nek nyomon k\u00f6vet\u00e9s\u00e9re.<span style=\"text-align: var(--text-align);\">&nbsp;<\/span><\/li>\n<\/ul>\n<\/li>\n<\/ul>\n<h2><b>A preferenci\u00e1k kezel\u00e9se \u00e9s a hozz\u00e1j\u00e1rul\u00e1s visszavon\u00e1sa<\/b><\/h2>\n<p>Ha a cookie-k haszn\u00e1lata hozz\u00e1j\u00e1rul\u00e1son alapul, a felhaszn\u00e1l\u00f3 b\u00e1rmikor megv\u00e1ltoztathatja vagy visszavonhatja hozz\u00e1j\u00e1rul\u00e1s\u00e1t a weboldalon el\u00e9rhet\u0151 adatv\u00e9delmi be\u00e1ll\u00edt\u00e1sok panelhez val\u00f3 hozz\u00e1f\u00e9r\u00e9ssel.<\/p>\n<p>A felhaszn\u00e1l\u00f3k a harmadik f\u00e9lt\u0151l sz\u00e1rmaz\u00f3 cookie-kra vonatkoz\u00f3 hozz\u00e1j\u00e1rul\u00e1saikat k\u00f6zvetlen\u00fcl az opt-out linkeken, az adatv\u00e9delmi ir\u00e1nyelvekben le\u00edrt eszk\u00f6z\u00f6k\u00f6n kereszt\u00fcl vagy a szolg\u00e1ltat\u00f3kkal k\u00f6zvetlen\u00fcl kapcsolatba l\u00e9pve is kezelhetik.<\/p>\n<h2><strong>A s\u00fctik ellen\u0151rz\u00e9se \u00e9s t\u00f6rl\u00e9se<\/strong><\/h2>\n<p>A felhaszn\u00e1l\u00f3k a b\u00f6ng\u00e9sz\u0151j\u00fck be\u00e1ll\u00edt\u00e1sain kereszt\u00fcl szab\u00e1lyozhatj\u00e1k vagy t\u00f6r\u00f6lhetik a s\u00fctiket \u00e9s m\u00e1s hasonl\u00f3 technol\u00f3gi\u00e1kat. Az al\u00e1bbiakban tal\u00e1l n\u00e9h\u00e1ny linket, amelyek elmagyar\u00e1zz\u00e1k, hogyan kezelheti a cookie-kat a n\u00e9pszer\u0171 b\u00f6ng\u00e9sz\u0151kben:<\/p>\n<p><!-- \/wp:list-item --><\/p>\n<p><!-- wp:list-item --><\/p>\n<p><!-- \/wp:list-item --><\/p>\n<p><!-- wp:list-item --><\/p>\n<p><!-- \/wp:list-item --><\/p>\n<p><!-- wp:list-item --><\/p>\n<p><!-- \/wp:list-item --><\/p>\n<p><!-- wp:list-item --><\/p>\n<ul>\n<li style=\"list-style-type: none;\">\n<ul>\n<li>Google Chrome<\/li>\n<li>Mozilla Firefox<\/li>\n<li>Apple Safari<\/li>\n<li>Microsoft Internet Explorer<\/li>\n<li>Microsoft Edge<\/li>\n<li>B\u00e1tor<\/li>\n<li>Opera<\/li>\n<\/ul>\n<\/li>\n<\/ul>\n<p>Ezen t\u00falmen\u0151en a mobileszk\u00f6z\u00f6k felhaszn\u00e1l\u00f3i a k\u00e9sz\u00fcl\u00e9k\u00fck\u00f6n tal\u00e1lhat\u00f3 hirdet\u00e9si \u00e9s nyomonk\u00f6vet\u00e9si be\u00e1ll\u00edt\u00e1sokon kereszt\u00fcl kikapcsolhatj\u00e1k a nyomon k\u00f6vet\u00e9st.<\/p>\n<h2><b>Szem\u00e9lyre szabott rekl\u00e1m kikapcsol\u00e1sa<\/b><\/h2>\n<p>A felhaszn\u00e1l\u00f3knak lehet\u0151s\u00e9g\u00fck van a szem\u00e9lyre szabott rekl\u00e1mok kezel\u00e9s\u00e9re a k\u00f6vetkez\u0151 szolg\u00e1ltat\u00e1sok r\u00e9v\u00e9n <b>YourOnlineChoices<\/b> (EU \u00e9s Egyes\u00fclt Kir\u00e1lys\u00e1g), <b>H\u00e1l\u00f3zat<\/b> <b>Rekl\u00e1m<\/b> <b>Kezdem\u00e9nyez\u00e9s<\/b> (USA), <b>Digit\u00e1lis<\/b> <b>Rekl\u00e1msz\u00f6vets\u00e9g<\/b> (USA), <b>DAAC<\/b> (Kanada), <b>DDAI<\/b> (Jap\u00e1n) vagy hasonl\u00f3. Ezek a szolg\u00e1ltat\u00e1sok lehet\u0151v\u00e9 teszik, hogy kezelje a hirdet\u00e9si eszk\u00f6z\u00f6kkel kapcsolatos be\u00e1ll\u00edt\u00e1sait. Ezen k\u00edv\u00fcl a <b>Digit\u00e1lis<\/b> <b>Rekl\u00e1m<\/b> <b>Sz\u00f6vets\u00e9g<\/b> az AppChoices alkalmaz\u00e1st k\u00edn\u00e1lja a mobilalkalmaz\u00e1sokban megjelen\u0151 viselked\u00e9salap\u00fa rekl\u00e1mok kezel\u00e9s\u00e9re.<\/p>\n<h2><b>A s\u00fctik haszn\u00e1lat\u00e1nak megtagad\u00e1s\u00e1nak k\u00f6vetkezm\u00e9nyei<\/b><\/h2>\n<p>A felhaszn\u00e1l\u00f3k szabadon elfogadj\u00e1k vagy elutas\u00edtj\u00e1k a Nyomonk\u00f6vet\u00e9si eszk\u00f6z\u00f6k haszn\u00e1lat\u00e1t. A s\u00fctik elutas\u00edt\u00e1s\u00e1val azonban el\u0151fordulhat, hogy nem tudj\u00e1k teljes m\u00e9rt\u00e9kben kihaszn\u00e1lni a weboldal funkci\u00f3it \u00e9s optimaliz\u00e1lt \u00e9lm\u00e9ny\u00e9t.&nbsp;<\/p>\n<h2><br>Adatkezel\u0151<br><\/h2>\n<p>Az adatkezel\u0151 <b>EasyFlatSardinia<\/b> a <b>Kard<\/b> <b>Corrado<\/b>sz\u00e9khelye: Via Ungheria 7a - 090100 Domus de Maria (Olaszorsz\u00e1g). Szem\u00e9lyes adataival kapcsolatos b\u00e1rmilyen k\u00e9rd\u00e9ssel vagy k\u00e9r\u00e9ssel az al\u00e1bbi e-mail c\u00edmen l\u00e9phet kapcsolatba az adatkezel\u0151vel <b>info@easyflatsardinia.com<\/b>. Mivel a harmadik f\u00e9l \u00e1ltal haszn\u00e1lt nyomk\u00f6vet\u0151 eszk\u00f6z\u00f6k haszn\u00e1lata nem \u00e1ll teljes m\u00e9rt\u00e9kben a mi ellen\u0151rz\u00e9s\u00fcnk alatt, arra \u00f6szt\u00f6n\u00f6zz\u00fck a felhaszn\u00e1l\u00f3kat, hogy az ilyen eszk\u00f6z\u00f6k kezel\u00e9s\u00e9vel kapcsolatos r\u00e9szletesebb inform\u00e1ci\u00f3k\u00e9rt tekints\u00e9k meg a vonatkoz\u00f3 adatv\u00e9delmi ir\u00e1nyelveket.<\/p>\t\t\t\t\t\t\t\t<\/div>\n\t\t\t\t<\/div>\n\t\t\t\t\t<\/div>\n\t\t\t\t<\/div>\n\t\t\t\t<\/div>","protected":false},"excerpt":{"rendered":"<p>Politica sui Cookie e Tecnologie di Tracciamento Questo documento descrive le tecnologie utilizzate da EasyFlatSardinia per raggiungere gli obiettivi indicati di seguito. Queste tecnologie permettono di raccogliere e memorizzare informazioni (ad esempio tramite i cookie) o di utilizzare risorse (ad esempio eseguendo script) sul dispositivo dell&#8217;utente, quando questi interagisce con il nostro sito web. Per &#8230;<\/p>","protected":false},"author":1,"featured_media":0,"parent":0,"menu_order":0,"comment_status":"closed","ping_status":"closed","template":"terms_conditions.php","meta":{"inline_featured_image":false,"footnotes":""},"class_list":["post-44209","page","type-page","status-publish","hentry"],"yoast_head":"<!-- This site is optimized with the Yoast SEO plugin v24.4 - https:\/\/yoast.com\/wordpress\/plugins\/seo\/ -->\n<title>Ville e Case Vacanze nel Sud della Sardegna | Easy Flat Sardinia<\/title>\n<meta name=\"robots\" content=\"noindex, nofollow\" \/>\n<meta property=\"og:locale\" content=\"hu_HU\" \/>\n<meta property=\"og:type\" content=\"article\" \/>\n<meta property=\"og:title\" content=\"Ville e Case Vacanze nel Sud della Sardegna | Easy Flat Sardinia\" \/>\n<meta property=\"og:description\" content=\"Politica sui Cookie e Tecnologie di Tracciamento Questo documento descrive le tecnologie utilizzate da EasyFlatSardinia per raggiungere gli obiettivi indicati di seguito. Queste tecnologie permettono di raccogliere e memorizzare informazioni (ad esempio tramite i cookie) o di utilizzare risorse (ad esempio eseguendo script) sul dispositivo dell&#8217;utente, quando questi interagisce con il nostro sito web. Per ...\" \/>\n<meta property=\"og:url\" content=\"https:\/\/easyflatsardinia.com\/hu\/cookies\/\" \/>\n<meta property=\"og:site_name\" content=\"Easyflatsardinia\" \/>\n<meta property=\"article:modified_time\" content=\"2025-02-06T14:36:04+00:00\" \/>\n<meta name=\"twitter:card\" content=\"summary_large_image\" \/>\n<meta name=\"twitter:label1\" content=\"Becs\u00fclt olvas\u00e1si id\u0151\" \/>\n\t<meta name=\"twitter:data1\" content=\"4 perc\" \/>\n<script type=\"application\/ld+json\" class=\"yoast-schema-graph\">{\"@context\":\"https:\/\/schema.org\",\"@graph\":[{\"@type\":\"WebPage\",\"@id\":\"https:\/\/easyflatsardinia.com\/cookies\/\",\"url\":\"https:\/\/easyflatsardinia.com\/cookies\/\",\"name\":\"Ville e Case Vacanze nel Sud della Sardegna | Easy Flat Sardinia\",\"isPartOf\":{\"@id\":\"https:\/\/easyflatsardinia.com\/#website\"},\"datePublished\":\"2025-02-05T08:08:54+00:00\",\"dateModified\":\"2025-02-06T14:36:04+00:00\",\"breadcrumb\":{\"@id\":\"https:\/\/easyflatsardinia.com\/cookies\/#breadcrumb\"},\"inLanguage\":\"hu\",\"potentialAction\":[{\"@type\":\"ReadAction\",\"target\":[\"https:\/\/easyflatsardinia.com\/cookies\/\"]}]},{\"@type\":\"BreadcrumbList\",\"@id\":\"https:\/\/easyflatsardinia.com\/cookies\/#breadcrumb\",\"itemListElement\":[{\"@type\":\"ListItem\",\"position\":1,\"name\":\"Home\",\"item\":\"https:\/\/easyflatsardinia.com\/\"},{\"@type\":\"ListItem\",\"position\":2,\"name\":\"Cookies\"}]},{\"@type\":\"WebSite\",\"@id\":\"https:\/\/easyflatsardinia.com\/#website\",\"url\":\"https:\/\/easyflatsardinia.com\/\",\"name\":\"Easyflatsardinia\",\"description\":\"\",\"publisher\":{\"@id\":\"https:\/\/easyflatsardinia.com\/#organization\"},\"potentialAction\":[{\"@type\":\"SearchAction\",\"target\":{\"@type\":\"EntryPoint\",\"urlTemplate\":\"https:\/\/easyflatsardinia.com\/?s={search_term_string}\"},\"query-input\":{\"@type\":\"PropertyValueSpecification\",\"valueRequired\":true,\"valueName\":\"search_term_string\"}}],\"inLanguage\":\"hu\"},{\"@type\":\"Organization\",\"@id\":\"https:\/\/easyflatsardinia.com\/#organization\",\"name\":\"Easyflatsardinia\",\"url\":\"https:\/\/easyflatsardinia.com\/\",\"logo\":{\"@type\":\"ImageObject\",\"inLanguage\":\"hu\",\"@id\":\"https:\/\/easyflatsardinia.com\/#\/schema\/logo\/image\/\",\"url\":\"https:\/\/easyflatsardinia.com\/wp\/wp-content\/uploads\/2025\/01\/logo.png\",\"contentUrl\":\"https:\/\/easyflatsardinia.com\/wp\/wp-content\/uploads\/2025\/01\/logo.png\",\"width\":198,\"height\":60,\"caption\":\"Easyflatsardinia\"},\"image\":{\"@id\":\"https:\/\/easyflatsardinia.com\/#\/schema\/logo\/image\/\"}}]}<\/script>\n<!-- \/ Yoast SEO plugin. -->","yoast_head_json":{"title":"Ville e Case Vacanze nel Sud della Sardegna | Easy Flat Sardinia","robots":{"index":"noindex","follow":"nofollow"},"og_locale":"hu_HU","og_type":"article","og_title":"Ville e Case Vacanze nel Sud della Sardegna | Easy Flat Sardinia","og_description":"Politica sui Cookie e Tecnologie di Tracciamento Questo documento descrive le tecnologie utilizzate da EasyFlatSardinia per raggiungere gli obiettivi indicati di seguito. Queste tecnologie permettono di raccogliere e memorizzare informazioni (ad esempio tramite i cookie) o di utilizzare risorse (ad esempio eseguendo script) sul dispositivo dell&#8217;utente, quando questi interagisce con il nostro sito web. Per ...","og_url":"https:\/\/easyflatsardinia.com\/hu\/cookies\/","og_site_name":"Easyflatsardinia","article_modified_time":"2025-02-06T14:36:04+00:00","twitter_card":"summary_large_image","twitter_misc":{"Becs\u00fclt olvas\u00e1si id\u0151":"4 perc"},"schema":{"@context":"https:\/\/schema.org","@graph":[{"@type":"WebPage","@id":"https:\/\/easyflatsardinia.com\/cookies\/","url":"https:\/\/easyflatsardinia.com\/cookies\/","name":"Ville e Case Vacanze nel Sud della Sardegna | Easy Flat Sardinia","isPartOf":{"@id":"https:\/\/easyflatsardinia.com\/#website"},"datePublished":"2025-02-05T08:08:54+00:00","dateModified":"2025-02-06T14:36:04+00:00","breadcrumb":{"@id":"https:\/\/easyflatsardinia.com\/cookies\/#breadcrumb"},"inLanguage":"hu","potentialAction":[{"@type":"ReadAction","target":["https:\/\/easyflatsardinia.com\/cookies\/"]}]},{"@type":"BreadcrumbList","@id":"https:\/\/easyflatsardinia.com\/cookies\/#breadcrumb","itemListElement":[{"@type":"ListItem","position":1,"name":"Home","item":"https:\/\/easyflatsardinia.com\/"},{"@type":"ListItem","position":2,"name":"Cookies"}]},{"@type":"WebSite","@id":"https:\/\/easyflatsardinia.com\/#website","url":"https:\/\/easyflatsardinia.com\/","name":"Easyflatsardinia","description":"","publisher":{"@id":"https:\/\/easyflatsardinia.com\/#organization"},"potentialAction":[{"@type":"SearchAction","target":{"@type":"EntryPoint","urlTemplate":"https:\/\/easyflatsardinia.com\/?s={search_term_string}"},"query-input":{"@type":"PropertyValueSpecification","valueRequired":true,"valueName":"search_term_string"}}],"inLanguage":"hu"},{"@type":"Organization","@id":"https:\/\/easyflatsardinia.com\/#organization","name":"Easyflatsardinia","url":"https:\/\/easyflatsardinia.com\/","logo":{"@type":"ImageObject","inLanguage":"hu","@id":"https:\/\/easyflatsardinia.com\/#\/schema\/logo\/image\/","url":"https:\/\/easyflatsardinia.com\/wp\/wp-content\/uploads\/2025\/01\/logo.png","contentUrl":"https:\/\/easyflatsardinia.com\/wp\/wp-content\/uploads\/2025\/01\/logo.png","width":198,"height":60,"caption":"Easyflatsardinia"},"image":{"@id":"https:\/\/easyflatsardinia.com\/#\/schema\/logo\/image\/"}}]}},"_links":{"self":[{"href":"https:\/\/easyflatsardinia.com\/hu\/wp-json\/wp\/v2\/pages\/44209","targetHints":{"allow":["GET"]}}],"collection":[{"href":"https:\/\/easyflatsardinia.com\/hu\/wp-json\/wp\/v2\/pages"}],"about":[{"href":"https:\/\/easyflatsardinia.com\/hu\/wp-json\/wp\/v2\/types\/page"}],"author":[{"embeddable":true,"href":"https:\/\/easyflatsardinia.com\/hu\/wp-json\/wp\/v2\/users\/1"}],"replies":[{"embeddable":true,"href":"https:\/\/easyflatsardinia.com\/hu\/wp-json\/wp\/v2\/comments?post=44209"}],"version-history":[{"count":20,"href":"https:\/\/easyflatsardinia.com\/hu\/wp-json\/wp\/v2\/pages\/44209\/revisions"}],"predecessor-version":[{"id":44232,"href":"https:\/\/easyflatsardinia.com\/hu\/wp-json\/wp\/v2\/pages\/44209\/revisions\/44232"}],"wp:attachment":[{"href":"https:\/\/easyflatsardinia.com\/hu\/wp-json\/wp\/v2\/media?parent=44209"}],"curies":[{"name":"wp","href":"https:\/\/api.w.org\/{rel}","templated":true}]}}