{"id":42369,"date":"2025-01-16T20:10:27","date_gmt":"2025-01-16T20:10:27","guid":{"rendered":"https:\/\/easyflatsardinia.com\/wp\/carrello\/"},"modified":"2025-02-06T14:30:37","modified_gmt":"2025-02-06T14:30:37","slug":"carrello","status":"publish","type":"page","link":"https:\/\/easyflatsardinia.com\/hu\/carrello\/","title":{"rendered":"Trolley"},"content":{"rendered":"<div data-block-name=\"woocommerce\/cart\" class=\"wp-block-woocommerce-cart alignwide is-loading\">\n<div data-block-name=\"woocommerce\/filled-cart-block\" class=\"wp-block-woocommerce-filled-cart-block\">\n<div data-block-name=\"woocommerce\/cart-items-block\" class=\"wp-block-woocommerce-cart-items-block\">\n<div data-block-name=\"woocommerce\/cart-line-items-block\" class=\"wp-block-woocommerce-cart-line-items-block\"><\/div>\n\n\n\n<div data-block-name=\"woocommerce\/cart-cross-sells-block\" class=\"wp-block-woocommerce-cart-cross-sells-block\">\n<h2 class=\"wp-block-heading has-large-font-size\">Ez is \u00e9rdekelheti \u00d6nt...<\/h2>\n\n\n\n<div data-block-name=\"woocommerce\/cart-cross-sells-products-block\" class=\"wp-block-woocommerce-cart-cross-sells-products-block\"><\/div>\n<\/div>\n<\/div>\n\n\n\n<div data-block-name=\"woocommerce\/cart-totals-block\" class=\"wp-block-woocommerce-cart-totals-block\">\n<div data-block-name=\"woocommerce\/cart-order-summary-block\" class=\"wp-block-woocommerce-cart-order-summary-block\">\n<div data-block-name=\"woocommerce\/cart-order-summary-heading-block\" class=\"wp-block-woocommerce-cart-order-summary-heading-block\"><\/div><div data-block-name=\"woocommerce\/cart-order-summary-coupon-form-block\" class=\"wp-block-woocommerce-cart-order-summary-coupon-form-block\"><\/div><div data-block-name=\"woocommerce\/cart-order-summary-totals-block\" class=\"wp-block-woocommerce-cart-order-summary-totals-block\">\n<div data-block-name=\"woocommerce\/cart-order-summary-subtotal-block\" class=\"wp-block-woocommerce-cart-order-summary-subtotal-block\"><\/div>\n<div data-block-name=\"woocommerce\/cart-order-summary-discount-block\" class=\"wp-block-woocommerce-cart-order-summary-discount-block\"><\/div>\n<div data-block-name=\"woocommerce\/cart-order-summary-fee-block\" class=\"wp-block-woocommerce-cart-order-summary-fee-block\"><\/div>\n<div data-block-name=\"woocommerce\/cart-order-summary-shipping-block\" class=\"wp-block-woocommerce-cart-order-summary-shipping-block\"><\/div>\n<div data-block-name=\"woocommerce\/cart-order-summary-taxes-block\" class=\"wp-block-woocommerce-cart-order-summary-taxes-block\"><\/div><\/div>\n<\/div>\n\n\n\n<div data-block-name=\"woocommerce\/cart-express-payment-block\" class=\"wp-block-woocommerce-cart-express-payment-block\"><\/div>\n\n\n\n<div data-block-name=\"woocommerce\/proceed-to-checkout-block\" class=\"wp-block-woocommerce-proceed-to-checkout-block\"><\/div>\n\n\n\n<div data-block-name=\"woocommerce\/cart-accepted-payment-methods-block\" class=\"wp-block-woocommerce-cart-accepted-payment-methods-block\"><\/div>\n<\/div>\n<\/div>\n\n\n\n<div data-block-name=\"woocommerce\/empty-cart-block\" class=\"wp-block-woocommerce-empty-cart-block\">\n<h2 class=\"wp-block-heading has-text-align-center with-empty-cart-icon wc-block-cart__empty-cart__title\">Az \u00d6n kosara jelenleg \u00fcres!<\/h2>\n\n\n\n<hr class=\"wp-block-separator has-alpha-channel-opacity is-style-dots\"\/>\n\n\n\n<h2 class=\"wp-block-heading has-text-align-center\">\u00daj az \u00fczletben<\/h2>\n\n\n<div data-block-name=\"woocommerce\/product-new\" data-columns=\"4\" data-rows=\"1\" class=\"wc-block-grid wp-block-product-new wp-block-woocommerce-product-new wc-block-product-new has-4-columns\"><ul class=\"wc-block-grid__products\"><li class=\"wc-block-grid__product\">\n\t\t\t\t<a href=\"https:\/\/easyflatsardinia.com\/hu\/termek\/pagamento-per-fattura-0-prenotazione-0-nome-periodo-dal-a-38\/\" class=\"wc-block-grid__product-link\">\n\t\t\t\t\t\n\t\t\t\t\t<div class=\"wc-block-grid__product-image\"><img fetchpriority=\"high\" decoding=\"async\" width=\"300\" height=\"300\" src=\"https:\/\/easyflatsardinia.com\/wp\/wp-content\/uploads\/woocommerce-placeholder-300x300.png\" class=\"woocommerce-placeholder wp-post-image\" alt=\"\" srcset=\"https:\/\/easyflatsardinia.com\/wp\/wp-content\/uploads\/woocommerce-placeholder-300x300.png 300w, https:\/\/easyflatsardinia.com\/wp\/wp-content\/uploads\/woocommerce-placeholder-100x100.png 100w, https:\/\/easyflatsardinia.com\/wp\/wp-content\/uploads\/woocommerce-placeholder-600x600.png 600w, https:\/\/easyflatsardinia.com\/wp\/wp-content\/uploads\/woocommerce-placeholder-1024x1024.png 1024w, https:\/\/easyflatsardinia.com\/wp\/wp-content\/uploads\/woocommerce-placeholder-150x150.png 150w, https:\/\/easyflatsardinia.com\/wp\/wp-content\/uploads\/woocommerce-placeholder-768x768.png 768w, https:\/\/easyflatsardinia.com\/wp\/wp-content\/uploads\/woocommerce-placeholder-60x60.png 60w, https:\/\/easyflatsardinia.com\/wp\/wp-content\/uploads\/woocommerce-placeholder.png 1200w\" sizes=\"(max-width: 300px) 100vw, 300px\" \/><\/div>\n\t\t\t\t\t<div class=\"wc-block-grid__product-title\">Sz\u00e1ml\u00e1nk\u00e9nti fizet\u00e9s 0 , Foglal\u00e1s 0, N\u00e9v: , Id\u0151szak: t\u00f3l-ig<\/div>\n\t\t\t\t<\/a>\n\t\t\t\t<div class=\"wc-block-grid__product-price price\"><span class=\"woocommerce-Price-amount amount\">0,00&nbsp;<span class=\"woocommerce-Price-currencySymbol\">\u20ac<\/span><\/span><\/div>\n\t\t\t\t\n\t\t\t\t<div class=\"wp-block-button wc-block-grid__product-add-to-cart\"><a href=\"\/hu\/wp-json\/wp\/v2\/pages\/42369?add-to-cart=44398\" aria-label=\"Kos\u00e1rba: \u201cPagamento per Fattura 0 , Prenotazione 0, Nome: , Periodo: dal  a\u201d\" data-quantity=\"1\" data-product_id=\"44398\" data-product_sku=\"\" data-price=\"0\" rel=\"nofollow\" class=\"wp-block-button__link  add_to_cart_button ajax_add_to_cart\" data-no-translation=\"\" data-trp-gettext=\"\" data-no-translation-aria-label=\"\">Kos\u00e1rba teszem<\/a><\/div>\n\t\t\t<\/li><li class=\"wc-block-grid__product\">\n\t\t\t\t<a href=\"https:\/\/easyflatsardinia.com\/hu\/termek\/pagamento-per-il-pacchetto-gold-2-weeks-con-id-610\/\" class=\"wc-block-grid__product-link\">\n\t\t\t\t\t\n\t\t\t\t\t<div class=\"wc-block-grid__product-image\"><img fetchpriority=\"high\" decoding=\"async\" width=\"300\" height=\"300\" src=\"https:\/\/easyflatsardinia.com\/wp\/wp-content\/uploads\/woocommerce-placeholder-300x300.png\" class=\"woocommerce-placeholder wp-post-image\" alt=\"\" srcset=\"https:\/\/easyflatsardinia.com\/wp\/wp-content\/uploads\/woocommerce-placeholder-300x300.png 300w, https:\/\/easyflatsardinia.com\/wp\/wp-content\/uploads\/woocommerce-placeholder-100x100.png 100w, https:\/\/easyflatsardinia.com\/wp\/wp-content\/uploads\/woocommerce-placeholder-600x600.png 600w, https:\/\/easyflatsardinia.com\/wp\/wp-content\/uploads\/woocommerce-placeholder-1024x1024.png 1024w, https:\/\/easyflatsardinia.com\/wp\/wp-content\/uploads\/woocommerce-placeholder-150x150.png 150w, https:\/\/easyflatsardinia.com\/wp\/wp-content\/uploads\/woocommerce-placeholder-768x768.png 768w, https:\/\/easyflatsardinia.com\/wp\/wp-content\/uploads\/woocommerce-placeholder-60x60.png 60w, https:\/\/easyflatsardinia.com\/wp\/wp-content\/uploads\/woocommerce-placeholder.png 1200w\" sizes=\"(max-width: 300px) 100vw, 300px\" \/><\/div>\n\t\t\t\t\t<div class=\"wc-block-grid__product-title\">Fizet\u00e9s a GOLD 2 H\u00c9T csomag\u00e9rt a 610-es azonos\u00edt\u00f3val<\/div>\n\t\t\t\t<\/a>\n\t\t\t\t<div class=\"wc-block-grid__product-price price\"><span class=\"woocommerce-Price-amount amount\">1,99&nbsp;<span class=\"woocommerce-Price-currencySymbol\">\u20ac<\/span><\/span><\/div>\n\t\t\t\t\n\t\t\t\t<div class=\"wp-block-button wc-block-grid__product-add-to-cart\"><a href=\"\/hu\/wp-json\/wp\/v2\/pages\/42369?add-to-cart=44291\" aria-label=\"Kos\u00e1rba: \u201cPagamento per il Pacchetto &quot;GOLD 2 WEEKS&quot; con id 610\u201d\" data-quantity=\"1\" data-product_id=\"44291\" data-product_sku=\"\" data-price=\"1.99\" rel=\"nofollow\" class=\"wp-block-button__link  add_to_cart_button ajax_add_to_cart\" data-no-translation=\"\" data-trp-gettext=\"\" data-no-translation-aria-label=\"\">Kos\u00e1rba teszem<\/a><\/div>\n\t\t\t<\/li><li class=\"wc-block-grid__product\">\n\t\t\t\t<a href=\"https:\/\/easyflatsardinia.com\/hu\/termek\/pagamento-per-fattura-0-prenotazione-0-nome-periodo-dal-a-37\/\" class=\"wc-block-grid__product-link\">\n\t\t\t\t\t\n\t\t\t\t\t<div class=\"wc-block-grid__product-image\"><img fetchpriority=\"high\" decoding=\"async\" width=\"300\" height=\"300\" src=\"https:\/\/easyflatsardinia.com\/wp\/wp-content\/uploads\/woocommerce-placeholder-300x300.png\" class=\"woocommerce-placeholder wp-post-image\" alt=\"\" srcset=\"https:\/\/easyflatsardinia.com\/wp\/wp-content\/uploads\/woocommerce-placeholder-300x300.png 300w, https:\/\/easyflatsardinia.com\/wp\/wp-content\/uploads\/woocommerce-placeholder-100x100.png 100w, https:\/\/easyflatsardinia.com\/wp\/wp-content\/uploads\/woocommerce-placeholder-600x600.png 600w, https:\/\/easyflatsardinia.com\/wp\/wp-content\/uploads\/woocommerce-placeholder-1024x1024.png 1024w, https:\/\/easyflatsardinia.com\/wp\/wp-content\/uploads\/woocommerce-placeholder-150x150.png 150w, https:\/\/easyflatsardinia.com\/wp\/wp-content\/uploads\/woocommerce-placeholder-768x768.png 768w, https:\/\/easyflatsardinia.com\/wp\/wp-content\/uploads\/woocommerce-placeholder-60x60.png 60w, https:\/\/easyflatsardinia.com\/wp\/wp-content\/uploads\/woocommerce-placeholder.png 1200w\" sizes=\"(max-width: 300px) 100vw, 300px\" \/><\/div>\n\t\t\t\t\t<div class=\"wc-block-grid__product-title\">Sz\u00e1ml\u00e1nk\u00e9nti fizet\u00e9s 0 , Foglal\u00e1s 0, N\u00e9v: , Id\u0151szak: t\u00f3l-ig<\/div>\n\t\t\t\t<\/a>\n\t\t\t\t<div class=\"wc-block-grid__product-price price\"><span class=\"woocommerce-Price-amount amount\">0,00&nbsp;<span class=\"woocommerce-Price-currencySymbol\">\u20ac<\/span><\/span><\/div>\n\t\t\t\t\n\t\t\t\t<div class=\"wp-block-button wc-block-grid__product-add-to-cart\"><a href=\"\/hu\/wp-json\/wp\/v2\/pages\/42369?add-to-cart=44290\" aria-label=\"Kos\u00e1rba: \u201cPagamento per Fattura 0 , Prenotazione 0, Nome: , Periodo: dal  a\u201d\" data-quantity=\"1\" data-product_id=\"44290\" data-product_sku=\"\" data-price=\"0\" rel=\"nofollow\" class=\"wp-block-button__link  add_to_cart_button ajax_add_to_cart\" data-no-translation=\"\" data-trp-gettext=\"\" data-no-translation-aria-label=\"\">Kos\u00e1rba teszem<\/a><\/div>\n\t\t\t<\/li><li class=\"wc-block-grid__product\">\n\t\t\t\t<a href=\"https:\/\/easyflatsardinia.com\/hu\/termek\/pagamento-per-linserzione-red-house-con-id-42163\/\" class=\"wc-block-grid__product-link\">\n\t\t\t\t\t\n\t\t\t\t\t<div class=\"wc-block-grid__product-image\"><img fetchpriority=\"high\" decoding=\"async\" width=\"300\" height=\"300\" src=\"https:\/\/easyflatsardinia.com\/wp\/wp-content\/uploads\/woocommerce-placeholder-300x300.png\" class=\"woocommerce-placeholder wp-post-image\" alt=\"\" srcset=\"https:\/\/easyflatsardinia.com\/wp\/wp-content\/uploads\/woocommerce-placeholder-300x300.png 300w, https:\/\/easyflatsardinia.com\/wp\/wp-content\/uploads\/woocommerce-placeholder-100x100.png 100w, https:\/\/easyflatsardinia.com\/wp\/wp-content\/uploads\/woocommerce-placeholder-600x600.png 600w, https:\/\/easyflatsardinia.com\/wp\/wp-content\/uploads\/woocommerce-placeholder-1024x1024.png 1024w, https:\/\/easyflatsardinia.com\/wp\/wp-content\/uploads\/woocommerce-placeholder-150x150.png 150w, https:\/\/easyflatsardinia.com\/wp\/wp-content\/uploads\/woocommerce-placeholder-768x768.png 768w, https:\/\/easyflatsardinia.com\/wp\/wp-content\/uploads\/woocommerce-placeholder-60x60.png 60w, https:\/\/easyflatsardinia.com\/wp\/wp-content\/uploads\/woocommerce-placeholder.png 1200w\" sizes=\"(max-width: 300px) 100vw, 300px\" \/><\/div>\n\t\t\t\t\t<div class=\"wc-block-grid__product-title\">A 42163 azonos\u00edt\u00f3val ell\u00e1tott \"V\u00f6r\u00f6s h\u00e1z\" hirdet\u00e9s kifizet\u00e9se<\/div>\n\t\t\t\t<\/a>\n\t\t\t\t<div class=\"wc-block-grid__product-price price\"><span class=\"woocommerce-Price-amount amount\">149,00&nbsp;<span class=\"woocommerce-Price-currencySymbol\">\u20ac<\/span><\/span><\/div>\n\t\t\t\t\n\t\t\t\t<div class=\"wp-block-button wc-block-grid__product-add-to-cart\"><a href=\"\/hu\/wp-json\/wp\/v2\/pages\/42369?add-to-cart=44170\" aria-label=\"Kos\u00e1rba: \u201cPagamento per l&#039;inserzione &quot;Red House&quot; con ID 42163\u201d\" data-quantity=\"1\" data-product_id=\"44170\" data-product_sku=\"\" data-price=\"149\" rel=\"nofollow\" class=\"wp-block-button__link  add_to_cart_button ajax_add_to_cart\" data-no-translation=\"\" data-trp-gettext=\"\" data-no-translation-aria-label=\"\">Kos\u00e1rba teszem<\/a><\/div>\n\t\t\t<\/li><\/ul><\/div><\/div>\n<\/div>","protected":false},"excerpt":{"rendered":"Potresti essere interessato anche a\u2026 Il tuo carrello \u00e8 attualmente vuoto! Novit\u00e0 in negozio","protected":false},"author":1,"featured_media":0,"parent":0,"menu_order":0,"comment_status":"closed","ping_status":"closed","template":"","meta":{"inline_featured_image":false,"footnotes":""},"class_list":["post-42369","page","type-page","status-publish","hentry"],"yoast_head":"<!-- This site is optimized with the Yoast SEO plugin v24.4 - https:\/\/yoast.com\/wordpress\/plugins\/seo\/ -->\n<title>Ville e Case Vacanze nel Sud della Sardegna | Easy Flat Sardinia<\/title>\n<meta name=\"robots\" content=\"noindex, nofollow\" \/>\n<meta property=\"og:locale\" content=\"hu_HU\" \/>\n<meta property=\"og:type\" content=\"article\" \/>\n<meta property=\"og:title\" content=\"Ville e Case Vacanze nel Sud della Sardegna | Easy Flat Sardinia\" \/>\n<meta property=\"og:url\" content=\"https:\/\/easyflatsardinia.com\/hu\/carrello\/\" \/>\n<meta property=\"og:site_name\" content=\"Easyflatsardinia\" \/>\n<meta property=\"article:modified_time\" content=\"2025-02-06T14:30:37+00:00\" \/>\n<meta name=\"twitter:card\" content=\"summary_large_image\" \/>\n<meta name=\"twitter:label1\" content=\"Becs\u00fclt olvas\u00e1si id\u0151\" \/>\n\t<meta name=\"twitter:data1\" content=\"1 perc\" \/>\n<script type=\"application\/ld+json\" class=\"yoast-schema-graph\">{\"@context\":\"https:\/\/schema.org\",\"@graph\":[{\"@type\":\"WebPage\",\"@id\":\"https:\/\/easyflatsardinia.com\/carrello\/\",\"url\":\"https:\/\/easyflatsardinia.com\/carrello\/\",\"name\":\"Ville e Case Vacanze nel Sud della Sardegna | Easy Flat Sardinia\",\"isPartOf\":{\"@id\":\"https:\/\/easyflatsardinia.com\/#website\"},\"datePublished\":\"2025-01-16T20:10:27+00:00\",\"dateModified\":\"2025-02-06T14:30:37+00:00\",\"breadcrumb\":{\"@id\":\"https:\/\/easyflatsardinia.com\/carrello\/#breadcrumb\"},\"inLanguage\":\"hu\",\"potentialAction\":[{\"@type\":\"ReadAction\",\"target\":[\"https:\/\/easyflatsardinia.com\/carrello\/\"]}]},{\"@type\":\"BreadcrumbList\",\"@id\":\"https:\/\/easyflatsardinia.com\/carrello\/#breadcrumb\",\"itemListElement\":[{\"@type\":\"ListItem\",\"position\":1,\"name\":\"Home\",\"item\":\"https:\/\/easyflatsardinia.com\/\"},{\"@type\":\"ListItem\",\"position\":2,\"name\":\"Carrello\"}]},{\"@type\":\"WebSite\",\"@id\":\"https:\/\/easyflatsardinia.com\/#website\",\"url\":\"https:\/\/easyflatsardinia.com\/\",\"name\":\"Easyflatsardinia\",\"description\":\"\",\"publisher\":{\"@id\":\"https:\/\/easyflatsardinia.com\/#organization\"},\"potentialAction\":[{\"@type\":\"SearchAction\",\"target\":{\"@type\":\"EntryPoint\",\"urlTemplate\":\"https:\/\/easyflatsardinia.com\/?s={search_term_string}\"},\"query-input\":{\"@type\":\"PropertyValueSpecification\",\"valueRequired\":true,\"valueName\":\"search_term_string\"}}],\"inLanguage\":\"hu\"},{\"@type\":\"Organization\",\"@id\":\"https:\/\/easyflatsardinia.com\/#organization\",\"name\":\"Easyflatsardinia\",\"url\":\"https:\/\/easyflatsardinia.com\/\",\"logo\":{\"@type\":\"ImageObject\",\"inLanguage\":\"hu\",\"@id\":\"https:\/\/easyflatsardinia.com\/#\/schema\/logo\/image\/\",\"url\":\"https:\/\/easyflatsardinia.com\/wp\/wp-content\/uploads\/2025\/01\/logo.png\",\"contentUrl\":\"https:\/\/easyflatsardinia.com\/wp\/wp-content\/uploads\/2025\/01\/logo.png\",\"width\":198,\"height\":60,\"caption\":\"Easyflatsardinia\"},\"image\":{\"@id\":\"https:\/\/easyflatsardinia.com\/#\/schema\/logo\/image\/\"}}]}<\/script>\n<!-- \/ Yoast SEO plugin. -->","yoast_head_json":{"title":"Ville e Case Vacanze nel Sud della Sardegna | Easy Flat Sardinia","robots":{"index":"noindex","follow":"nofollow"},"og_locale":"hu_HU","og_type":"article","og_title":"Ville e Case Vacanze nel Sud della Sardegna | Easy Flat Sardinia","og_url":"https:\/\/easyflatsardinia.com\/hu\/carrello\/","og_site_name":"Easyflatsardinia","article_modified_time":"2025-02-06T14:30:37+00:00","twitter_card":"summary_large_image","twitter_misc":{"Becs\u00fclt olvas\u00e1si id\u0151":"1 perc"},"schema":{"@context":"https:\/\/schema.org","@graph":[{"@type":"WebPage","@id":"https:\/\/easyflatsardinia.com\/carrello\/","url":"https:\/\/easyflatsardinia.com\/carrello\/","name":"Ville e Case Vacanze nel Sud della Sardegna | Easy Flat Sardinia","isPartOf":{"@id":"https:\/\/easyflatsardinia.com\/#website"},"datePublished":"2025-01-16T20:10:27+00:00","dateModified":"2025-02-06T14:30:37+00:00","breadcrumb":{"@id":"https:\/\/easyflatsardinia.com\/carrello\/#breadcrumb"},"inLanguage":"hu","potentialAction":[{"@type":"ReadAction","target":["https:\/\/easyflatsardinia.com\/carrello\/"]}]},{"@type":"BreadcrumbList","@id":"https:\/\/easyflatsardinia.com\/carrello\/#breadcrumb","itemListElement":[{"@type":"ListItem","position":1,"name":"Home","item":"https:\/\/easyflatsardinia.com\/"},{"@type":"ListItem","position":2,"name":"Carrello"}]},{"@type":"WebSite","@id":"https:\/\/easyflatsardinia.com\/#website","url":"https:\/\/easyflatsardinia.com\/","name":"Easyflatsardinia","description":"","publisher":{"@id":"https:\/\/easyflatsardinia.com\/#organization"},"potentialAction":[{"@type":"SearchAction","target":{"@type":"EntryPoint","urlTemplate":"https:\/\/easyflatsardinia.com\/?s={search_term_string}"},"query-input":{"@type":"PropertyValueSpecification","valueRequired":true,"valueName":"search_term_string"}}],"inLanguage":"hu"},{"@type":"Organization","@id":"https:\/\/easyflatsardinia.com\/#organization","name":"Easyflatsardinia","url":"https:\/\/easyflatsardinia.com\/","logo":{"@type":"ImageObject","inLanguage":"hu","@id":"https:\/\/easyflatsardinia.com\/#\/schema\/logo\/image\/","url":"https:\/\/easyflatsardinia.com\/wp\/wp-content\/uploads\/2025\/01\/logo.png","contentUrl":"https:\/\/easyflatsardinia.com\/wp\/wp-content\/uploads\/2025\/01\/logo.png","width":198,"height":60,"caption":"Easyflatsardinia"},"image":{"@id":"https:\/\/easyflatsardinia.com\/#\/schema\/logo\/image\/"}}]}},"_links":{"self":[{"href":"https:\/\/easyflatsardinia.com\/hu\/wp-json\/wp\/v2\/pages\/42369","targetHints":{"allow":["GET"]}}],"collection":[{"href":"https:\/\/easyflatsardinia.com\/hu\/wp-json\/wp\/v2\/pages"}],"about":[{"href":"https:\/\/easyflatsardinia.com\/hu\/wp-json\/wp\/v2\/types\/page"}],"author":[{"embeddable":true,"href":"https:\/\/easyflatsardinia.com\/hu\/wp-json\/wp\/v2\/users\/1"}],"replies":[{"embeddable":true,"href":"https:\/\/easyflatsardinia.com\/hu\/wp-json\/wp\/v2\/comments?post=42369"}],"version-history":[{"count":1,"href":"https:\/\/easyflatsardinia.com\/hu\/wp-json\/wp\/v2\/pages\/42369\/revisions"}],"predecessor-version":[{"id":43397,"href":"https:\/\/easyflatsardinia.com\/hu\/wp-json\/wp\/v2\/pages\/42369\/revisions\/43397"}],"wp:attachment":[{"href":"https:\/\/easyflatsardinia.com\/hu\/wp-json\/wp\/v2\/media?parent=42369"}],"curies":[{"name":"wp","href":"https:\/\/api.w.org\/{rel}","templated":true}]}}