{"id":37342,"date":"2025-01-09T07:37:13","date_gmt":"2025-01-09T07:37:13","guid":{"rendered":"https:\/\/madeira.wprentals.org\/?page_id=37342"},"modified":"2025-02-06T17:08:12","modified_gmt":"2025-02-06T17:08:12","slug":"chi_siamo","status":"publish","type":"page","link":"https:\/\/easyflatsardinia.com\/hu\/chi_siamo\/","title":{"rendered":"R\u00f3lunk"},"content":{"rendered":"<div data-elementor-type=\"wp-page\" data-elementor-id=\"37342\" class=\"elementor elementor-37342\" data-elementor-post-type=\"page\">\n\t\t\t\t<div class=\"elementor-element elementor-element-45af1af e-con-full e-flex e-con e-parent\" data-id=\"45af1af\" data-element_type=\"container\" data-settings=\"{&quot;background_background&quot;:&quot;classic&quot;}\">\n\t\t<div class=\"elementor-element elementor-element-1e40140 e-con-full e-flex e-con e-child\" data-id=\"1e40140\" data-element_type=\"container\" data-settings=\"{&quot;background_background&quot;:&quot;classic&quot;}\">\n\t\t<div class=\"elementor-element elementor-element-68a4814 e-con-full e-flex e-con e-child\" data-id=\"68a4814\" data-element_type=\"container\" data-settings=\"{&quot;background_background&quot;:&quot;classic&quot;}\">\n\t\t\t\t<div class=\"elementor-element elementor-element-0a16087 elementor-widget elementor-widget-image\" data-id=\"0a16087\" data-element_type=\"widget\" data-widget_type=\"image.default\">\n\t\t\t\t<div class=\"elementor-widget-container\">\n\t\t\t\t\t\t\t\t\t\t\t\t\t\t\t<img decoding=\"async\" src=\"https:\/\/easyflatsardinia.com\/wp\/wp-content\/uploads\/elementor\/thumbs\/logoeasy-r0dm3f953jgq7rdl5ndwsf6595am74ia1nlv1seic8.png\" title=\"logoeasy\" alt=\"logoeasy\" loading=\"lazy\" \/>\t\t\t\t\t\t\t\t\t\t\t\t\t\t\t<\/div>\n\t\t\t\t<\/div>\n\t\t\t\t<div class=\"elementor-element elementor-element-4c7549f elementor-widget elementor-widget-text-editor\" data-id=\"4c7549f\" data-element_type=\"widget\" data-widget_type=\"text-editor.default\">\n\t\t\t\t<div class=\"elementor-widget-container\">\n\t\t\t\t\t\t\t\t\t<p>\u00dcdv\u00f6z\u00f6lj\u00fck a nyaral\u00f3 platformunkon.<\/p><p>Tudjuk, hogy a nyaral\u00e1s\u00e1hoz megfelel\u0151 ingatlan megtal\u00e1l\u00e1sa id\u0151ig\u00e9nyes \u00e9s megterhel\u0151 lehet, ez\u00e9rt intuit\u00edv fel\u00fcletet tervezt\u00fcnk, amely lehet\u0151v\u00e9 teszi, hogy k\u00f6nnyed\u00e9n b\u00f6ng\u00e9szhessen az \u00d6n sz\u00e1m\u00e1ra kiv\u00e1lasztott aj\u00e1nlatok sz\u00e9les sk\u00e1l\u00e1j\u00e1n.<\/p><p>C\u00e9lunk, hogy a b\u00e9rl\u0151ket \u00f6sszek\u00f6ss\u00fck az ig\u00e9nyeiknek megfelel\u0151, t\u00f6k\u00e9letes ingatlannal, legyen az egy hangulatos lak\u00e1s, egy t\u00e1gas h\u00e1z vagy egy villa.<\/p><p>Mi egy fiatal, dinamikus csapat vagyunk, amely k\u00e9szen \u00e1ll arra, hogy \u00fcdv\u00f6z\u00f6lje \u00d6nt azzal a c\u00e9llal, hogy felejthetetlen nyaral\u00e1st biztos\u00edtson \u00d6nnek a paradicsom eme kis szeglet\u00e9ben.<\/p>\t\t\t\t\t\t\t\t<\/div>\n\t\t\t\t<\/div>\n\t\t\t\t<div class=\"elementor-element elementor-element-8efae25 elementor-widget__width-inherit elementor-widget-mobile__width-inherit elementor-widget elementor-widget-heading\" data-id=\"8efae25\" data-element_type=\"widget\" data-widget_type=\"heading.default\">\n\t\t\t\t<div class=\"elementor-widget-container\">\n\t\t\t\t\t<p class=\"elementor-heading-title elementor-size-default\">Corrado Spada<\/p>\t\t\t\t<\/div>\n\t\t\t\t<\/div>\n\t\t\t\t<\/div>\n\t\t<div class=\"elementor-element elementor-element-7f5e441 e-con-full e-flex e-con e-child\" data-id=\"7f5e441\" data-element_type=\"container\" data-settings=\"{&quot;background_background&quot;:&quot;classic&quot;}\">\n\t\t<div class=\"elementor-element elementor-element-3857251 e-flex e-con-boxed e-con e-child\" data-id=\"3857251\" data-element_type=\"container\" data-settings=\"{&quot;background_background&quot;:&quot;classic&quot;}\">\n\t\t\t\t\t<div class=\"e-con-inner\">\n\t\t\t\t\t<\/div>\n\t\t\t\t<\/div>\n\t\t\t\t<\/div>\n\t\t\t\t<\/div>\n\t\t\t\t<\/div>\n\t\t<div class=\"elementor-element elementor-element-2ac3771 e-con-full e-flex e-con e-parent\" data-id=\"2ac3771\" data-element_type=\"container\" data-settings=\"{&quot;background_background&quot;:&quot;classic&quot;}\">\n\t\t<div class=\"elementor-element elementor-element-767def3 e-con-full e-flex e-con e-child\" data-id=\"767def3\" data-element_type=\"container\" data-settings=\"{&quot;background_background&quot;:&quot;classic&quot;}\">\n\t\t<div class=\"elementor-element elementor-element-d63e1be e-con-full e-flex e-con e-child\" data-id=\"d63e1be\" data-element_type=\"container\" data-settings=\"{&quot;background_background&quot;:&quot;classic&quot;}\">\n\t\t<div class=\"elementor-element elementor-element-35a9be5 e-flex e-con-boxed e-con e-child\" data-id=\"35a9be5\" data-element_type=\"container\" data-settings=\"{&quot;background_background&quot;:&quot;classic&quot;}\">\n\t\t\t\t\t<div class=\"e-con-inner\">\n\t\t\t\t\t<\/div>\n\t\t\t\t<\/div>\n\t\t\t\t<\/div>\n\t\t<div class=\"elementor-element elementor-element-7cfcc85 e-con-full e-flex e-con e-child\" data-id=\"7cfcc85\" data-element_type=\"container\" data-settings=\"{&quot;background_background&quot;:&quot;classic&quot;}\">\n\t\t\t\t<div class=\"elementor-element elementor-element-6d12d6d elementor-widget__width-inherit elementor-widget-mobile__width-inherit elementor-widget elementor-widget-heading\" data-id=\"6d12d6d\" data-element_type=\"widget\" data-widget_type=\"heading.default\">\n\t\t\t\t<div class=\"elementor-widget-container\">\n\t\t\t\t\t<h2 class=\"elementor-heading-title elementor-size-default\">Ingatlankezel\u00e9s<\/h2>\t\t\t\t<\/div>\n\t\t\t\t<\/div>\n\t\t\t\t<div class=\"elementor-element elementor-element-9db3ee0 elementor-widget elementor-widget-text-editor\" data-id=\"9db3ee0\" data-element_type=\"widget\" data-widget_type=\"text-editor.default\">\n\t\t\t\t<div class=\"elementor-widget-container\">\n\t\t\t\t\t\t\t\t\t<p><span style=\"color: #000000;\"><strong>Szeretne vel\u00fcnk egy\u00fcttm\u0171k\u00f6dni?<\/strong><\/span><\/p><p>Ha a k\u00f6rny\u00e9k\u00fcnk\u00f6n van ingatlana, \u00e9s szeretn\u00e9 optimaliz\u00e1lni befektet\u00e9s\u00e9t, de nem szeretne a mindennapi bonyolult \u00fcgyek miatt agg\u00f3dni, mi seg\u00edt\u00fcnk.<\/p><p><span style=\"color: #000000;\"><strong>Mit tehet\u00fcnk \u00d6n\u00e9rt?<\/strong><\/span><\/p>\t\t\t\t\t\t\t\t<\/div>\n\t\t\t\t<\/div>\n\t\t\t\t<div class=\"elementor-element elementor-element-6e0509e elementor-icon-list--layout-traditional elementor-list-item-link-full_width elementor-widget elementor-widget-icon-list\" data-id=\"6e0509e\" data-element_type=\"widget\" data-widget_type=\"icon-list.default\">\n\t\t\t\t<div class=\"elementor-widget-container\">\n\t\t\t\t\t\t\t<ul class=\"elementor-icon-list-items\">\n\t\t\t\t\t\t\t<li class=\"elementor-icon-list-item\">\n\t\t\t\t\t\t\t\t\t\t\t<span class=\"elementor-icon-list-icon\">\n\t\t\t\t\t\t\t<svg aria-hidden=\"true\" class=\"e-font-icon-svg e-fas-check\" viewbox=\"0 0 512 512\" xmlns=\"http:\/\/www.w3.org\/2000\/svg\"><path d=\"M173.898 439.404l-166.4-166.4c-9.997-9.997-9.997-26.206 0-36.204l36.203-36.204c9.997-9.998 26.207-9.998 36.204 0L192 312.69 432.095 72.596c9.997-9.997 26.207-9.997 36.204 0l36.203 36.204c9.997 9.997 9.997 26.206 0 36.204l-294.4 294.401c-9.998 9.997-26.207 9.997-36.204-.001z\"><\/path><\/svg>\t\t\t\t\t\t<\/span>\n\t\t\t\t\t\t\t\t\t\t<span class=\"elementor-icon-list-text\">Nyaral\u00f3j\u00e1nak kezel\u00e9se<\/span>\n\t\t\t\t\t\t\t\t\t<\/li>\n\t\t\t\t\t\t\t\t<li class=\"elementor-icon-list-item\">\n\t\t\t\t\t\t\t\t\t\t\t<span class=\"elementor-icon-list-icon\">\n\t\t\t\t\t\t\t<svg aria-hidden=\"true\" class=\"e-font-icon-svg e-fas-check\" viewbox=\"0 0 512 512\" xmlns=\"http:\/\/www.w3.org\/2000\/svg\"><path d=\"M173.898 439.404l-166.4-166.4c-9.997-9.997-9.997-26.206 0-36.204l36.203-36.204c9.997-9.998 26.207-9.998 36.204 0L192 312.69 432.095 72.596c9.997-9.997 26.207-9.997 36.204 0l36.203 36.204c9.997 9.997 9.997 26.206 0 36.204l-294.4 294.401c-9.998 9.997-26.207 9.997-36.204-.001z\"><\/path><\/svg>\t\t\t\t\t\t<\/span>\n\t\t\t\t\t\t\t\t\t\t<span class=\"elementor-icon-list-text\">Vend\u00e9gek \u00fcdv\u00f6zl\u00e9se<\/span>\n\t\t\t\t\t\t\t\t\t<\/li>\n\t\t\t\t\t\t\t\t<li class=\"elementor-icon-list-item\">\n\t\t\t\t\t\t\t\t\t\t\t<span class=\"elementor-icon-list-icon\">\n\t\t\t\t\t\t\t<svg aria-hidden=\"true\" class=\"e-font-icon-svg e-fas-check\" viewbox=\"0 0 512 512\" xmlns=\"http:\/\/www.w3.org\/2000\/svg\"><path d=\"M173.898 439.404l-166.4-166.4c-9.997-9.997-9.997-26.206 0-36.204l36.203-36.204c9.997-9.998 26.207-9.998 36.204 0L192 312.69 432.095 72.596c9.997-9.997 26.207-9.997 36.204 0l36.203 36.204c9.997 9.997 9.997 26.206 0 36.204l-294.4 294.401c-9.998 9.997-26.207 9.997-36.204-.001z\"><\/path><\/svg>\t\t\t\t\t\t<\/span>\n\t\t\t\t\t\t\t\t\t\t<span class=\"elementor-icon-list-text\">Marketing \u00e9s rekl\u00e1m<\/span>\n\t\t\t\t\t\t\t\t\t<\/li>\n\t\t\t\t\t\t<\/ul>\n\t\t\t\t\t\t<\/div>\n\t\t\t\t<\/div>\n\t\t\t\t<div class=\"elementor-element elementor-element-a69fd9b elementor-widget elementor-widget-text-editor\" data-id=\"a69fd9b\" data-element_type=\"widget\" data-widget_type=\"text-editor.default\">\n\t\t\t\t<div class=\"elementor-widget-container\">\n\t\t\t\t\t\t\t\t\t<p>Tegye szard\u00edniai otthon\u00e1t stresszmentes bev\u00e9teli forr\u00e1ss\u00e1.<\/p><p>Ha megb\u00edzhat\u00f3 partnert szeretne, aki mindent elint\u00e9z, vagy ak\u00e1r csak a marketing \u00e9s rekl\u00e1m r\u00e9sz\u00e9t, forduljon hozz\u00e1nk.<\/p><p>Csatlakozzon a tulajdonosok csapat\u00e1hoz m\u00e9g ma<\/p>\t\t\t\t\t\t\t\t<\/div>\n\t\t\t\t<\/div>\n\t\t\t\t<\/div>\n\t\t\t\t<\/div>\n\t\t\t\t<\/div>\n\t\t<div class=\"elementor-element elementor-element-f3cf6d1 e-con-full e-flex e-con e-parent\" data-id=\"f3cf6d1\" data-element_type=\"container\" data-settings=\"{&quot;background_background&quot;:&quot;classic&quot;}\">\n\t\t<div class=\"elementor-element elementor-element-4d26df7 e-con-full e-flex e-con e-child\" data-id=\"4d26df7\" data-element_type=\"container\" data-settings=\"{&quot;background_background&quot;:&quot;classic&quot;}\">\n\t\t<div class=\"elementor-element elementor-element-c47c77c e-con-full e-flex e-con e-child\" data-id=\"c47c77c\" data-element_type=\"container\" data-settings=\"{&quot;background_background&quot;:&quot;classic&quot;}\">\n\t\t\t\t<div class=\"elementor-element elementor-element-16d5739 elementor-widget__width-initial elementor-widget elementor-widget-heading\" data-id=\"16d5739\" data-element_type=\"widget\" data-widget_type=\"heading.default\">\n\t\t\t\t<div class=\"elementor-widget-container\">\n\t\t\t\t\t<h3 class=\"elementor-heading-title elementor-size-default\">Easyflatsardinia<br><br>\n<div class=\"agent_detail contact_detail\">\n<span class=\"fas fa-phone\" style=\"margin-right: 10px\"><\/span>\n<a href=\"tel:+393483253530\">+393483253530<\/a><\/div><br><br>\n<div class=\"agent_detail contact_detail\">\n<span class=\"far fa-envelope\" style=\"margin-right: 10px\"><\/span><a href=\"mailto:info@easyflatsardinia.com\">info@easyflatsardinia.com<\/a><\/div><\/h3>\t\t\t\t<\/div>\n\t\t\t\t<\/div>\n\t\t\t\t<\/div>\n\t\t<div class=\"elementor-element elementor-element-db6ef2c e-con-full e-flex e-con e-child\" data-id=\"db6ef2c\" data-element_type=\"container\" data-settings=\"{&quot;background_background&quot;:&quot;classic&quot;}\">\n\t\t\t\t<div class=\"elementor-element elementor-element-3de95f5 elementor-widget__width-inherit elementor-widget-mobile__width-inherit elementor-widget elementor-widget-heading\" data-id=\"3de95f5\" data-element_type=\"widget\" data-widget_type=\"heading.default\">\n\t\t\t\t<div class=\"elementor-widget-container\">\n\t\t\t\t\t<h2 class=\"elementor-heading-title elementor-size-default\">Kapcsolatfelv\u00e9tel<\/h2>\t\t\t\t<\/div>\n\t\t\t\t<\/div>\n\t\t\t\t<div class=\"elementor-element elementor-element-2b05141 elementor-button-align-stretch elementor-widget elementor-widget-WpRentals_Contact_Form_Builder\" data-id=\"2b05141\" data-element_type=\"widget\" data-widget_type=\"WpRentals_Contact_Form_Builder.default\">\n\t\t\t\t<div class=\"elementor-widget-container\">\n\t\t\t\t\t\n\n\n\n\n\t\t\t<form class=\"elementor-form wprentals_elementor_form\"  id=\"wprentals-elementor-form-2b05141\" method=\"post\" action=\"\" >\n            <div id=\"booking_form_request_mess_modal\"><\/div>\n\n            <input name=\"prop_id\" type=\"hidden\"  id=\"contact_form_elementor\" value=\"1\">\n            <input type=\"hidden\" name=\"contact_ajax_nonce\" id=\"agent_property_ajax_nonce\"  value=\"a4b9226957\" \/>\n\n            <input type=\"hidden\" id=\"elementor_email_subject\" name=\"email_suject\" value=\"New email from &quot;Easyflatsardinia&quot; \" \/>\n\n\t\t\t\t\t\t<div class=\"elementor-form-fields-wrapper elementor-labels-above\">\n\t\t\t\t\t\t\t\t<div class=\"elementor-field-group elementor-column form-group elementor-field-group-name elementor-field-required elementor-col-100\"><label for=\"form-field-name\" class=\"elementor-field-label elementor-screen-only\">N\u00e9v \u00e9s vezet\u00e9kn\u00e9v*<\/label><input type=\"text\" name=\"name\" id=\"rentals_contact_builder_name\" class=\"elementor-field form-control elementor-size-sm elementor-field-textual\" required=\"required\" placeholder=\"N\u00e9v \u00e9s vezet\u00e9kn\u00e9v\"><\/div><div class=\"elementor-field-group elementor-column form-group elementor-field-group-email elementor-field-required elementor-col-100\"><label for=\"form-field-email\" class=\"elementor-field-label elementor-screen-only\">Telefonsz\u00e1m*<\/label><input type=\"text\" name=\"phone\" id=\"rentals_contact_builder_phone\" class=\"elementor-field form-control elementor-size-sm elementor-field-textual\" required=\"required\" placeholder=\"Telefonsz\u00e1m.\"><\/div><div class=\"elementor-field-group elementor-column form-group elementor-field-group-booking_from_date elementor-field-required elementor-col-100\"><label for=\"form-field-booking_from_date\" class=\"elementor-field-label elementor-screen-only\">Email*<\/label><input type=\"email\" name=\"email\" id=\"rentals_contact_builder_email\" class=\"elementor-field form-control elementor-size-sm elementor-field-textual\" required=\"required\" placeholder=\"E-mail\"><\/div><div class=\"elementor-field-group elementor-column form-group elementor-field-group-message elementor-col-100\"><label for=\"form-field-message\" class=\"elementor-field-label elementor-screen-only\">\u00dczenet<\/label><textarea class=\"form-control elementor-field-textual elementor-field elementor-size-sm\" name=\"message\" id=\"form-field-message\" rows=\"5\" placeholder=\"\u00dczenet\"><\/textarea><\/div>\n\t\t\t\t\t\t\t\t<div class=\"elementor-field-group elementor-column elementor-field-type-submit elementor-col-100\">\n\t\t\t\t\t\t\t\t\t\t\t\t\t\t\t\t\t\t<button type=\"submit\" class=\"agent_submit_class_elementor wpresidence_button wprentals_button_elementor elementor-button elementor-size-md\">\n\t\t\t\t\t\t\t\t\t\t\t\t\t\t\t\t\t\t\t\t\t\t\t\t\u00dczenet k\u00fcld\u00e9se\t\t\t\t\t\t\t\t\t\t\t\t\t\t\t\t\t\t\t\t<\/button>\n\n\t\t\t\t\t\t\t\t<\/div>\n\t\t\t\t\t\t<\/div>\n\n\n\n\t\t\t\t<input type=\"hidden\" name=\"trp-form-language\" value=\"hu\"\/><\/form>\n        <script>\n\n            jQuery(document).ready(function() {\n           \n                jQuery('input[name=\"booking_from_date\"]').each(function(){             \n                    var item_parent =   jQuery(this).parent().parent();\n                    var in_date     =   item_parent.find('input[name=\"booking_from_date\"]') .attr('id');\n                    var out_date    =   item_parent.find('input[name=\"booking_to_date\"]') .attr('id');\n                    console.log('in_date : '+in_date +\" out_date \"+out_date);\n                    wpestaste_check_in_out_enable_new(in_date, out_date);\n                    \n                });\n                wprentals_elementor_submit_form();\n            });\n        <\/script>\n\n\n\n    \t\t\t\t<\/div>\n\t\t\t\t<\/div>\n\t\t\t\t<\/div>\n\t\t\t\t<\/div>\n\t\t\t\t<\/div>\n\t\t\t\t<\/div>","protected":false},"excerpt":{"rendered":"<p>Benvenuti sulla nostra piattaforma di case vacanza. Sappiamo che trovare la giusta propriet\u00e0 per le vostre vacanze pu\u00f2 richiedere molto tempo ed essere travolgente, quindi abbiamo progettato un&#8217;interfaccia intuitiva che consente di sfogliare facilmente un&#8217;ampia gamma di offerte selezionate per voi. Il nostro obiettivo \u00e8 quello di mettere in contatto gli affittuari con la propriet\u00e0 &#8230;<\/p>","protected":false},"author":1,"featured_media":0,"parent":0,"menu_order":0,"comment_status":"closed","ping_status":"closed","template":"elementor_header_footer","meta":{"inline_featured_image":false,"footnotes":""},"class_list":["post-37342","page","type-page","status-publish","hentry"],"yoast_head":"<!-- This site is optimized with the Yoast SEO plugin v24.4 - https:\/\/yoast.com\/wordpress\/plugins\/seo\/ -->\n<title>Chi Siamo<\/title>\n<meta name=\"description\" content=\"Offriamo case vacanza selezionate per ogni esigenza nel Sud della Sardegna. Ti aiutiamo a trovare la propriet\u00e0 perfetta per una vacanza indimenticabile\" \/>\n<meta name=\"robots\" content=\"index, follow, max-snippet:-1, max-image-preview:large, max-video-preview:-1\" \/>\n<link rel=\"canonical\" href=\"https:\/\/easyflatsardinia.com\/hu\/chi_siamo\/\" \/>\n<meta property=\"og:locale\" content=\"hu_HU\" \/>\n<meta property=\"og:type\" content=\"article\" \/>\n<meta property=\"og:title\" content=\"Chi Siamo\" \/>\n<meta property=\"og:description\" content=\"Offriamo case vacanza selezionate per ogni esigenza nel Sud della Sardegna. Ti aiutiamo a trovare la propriet\u00e0 perfetta per una vacanza indimenticabile\" \/>\n<meta property=\"og:url\" content=\"https:\/\/easyflatsardinia.com\/hu\/chi_siamo\/\" \/>\n<meta property=\"og:site_name\" content=\"Easyflatsardinia\" \/>\n<meta property=\"article:modified_time\" content=\"2025-02-06T17:08:12+00:00\" \/>\n<meta property=\"og:image\" content=\"https:\/\/easyflatsardinia.com\/wp\/wp-content\/uploads\/elementor\/thumbs\/logoeasy-r0dm3f953jgq7rdl5ndwsf6595am74ia1nlv1seici.png\" \/>\n<meta name=\"twitter:card\" content=\"summary_large_image\" \/>\n<meta name=\"twitter:label1\" content=\"Becs\u00fclt olvas\u00e1si id\u0151\" \/>\n\t<meta name=\"twitter:data1\" content=\"2 perc\" \/>\n<script type=\"application\/ld+json\" class=\"yoast-schema-graph\">{\"@context\":\"https:\/\/schema.org\",\"@graph\":[{\"@type\":\"WebPage\",\"@id\":\"https:\/\/easyflatsardinia.com\/chi_siamo\/\",\"url\":\"https:\/\/easyflatsardinia.com\/chi_siamo\/\",\"name\":\"Chi Siamo\",\"isPartOf\":{\"@id\":\"https:\/\/easyflatsardinia.com\/#website\"},\"primaryImageOfPage\":{\"@id\":\"https:\/\/easyflatsardinia.com\/chi_siamo\/#primaryimage\"},\"image\":{\"@id\":\"https:\/\/easyflatsardinia.com\/chi_siamo\/#primaryimage\"},\"thumbnailUrl\":\"https:\/\/easyflatsardinia.com\/wp\/wp-content\/uploads\/elementor\/thumbs\/logoeasy-r0dm3f953jgq7rdl5ndwsf6595am74ia1nlv1seici.png\",\"datePublished\":\"2025-01-09T07:37:13+00:00\",\"dateModified\":\"2025-02-06T17:08:12+00:00\",\"description\":\"Offriamo case vacanza selezionate per ogni esigenza nel Sud della Sardegna. Ti aiutiamo a trovare la propriet\u00e0 perfetta per una vacanza indimenticabile\",\"breadcrumb\":{\"@id\":\"https:\/\/easyflatsardinia.com\/chi_siamo\/#breadcrumb\"},\"inLanguage\":\"hu\",\"potentialAction\":[{\"@type\":\"ReadAction\",\"target\":[\"https:\/\/easyflatsardinia.com\/chi_siamo\/\"]}]},{\"@type\":\"ImageObject\",\"inLanguage\":\"hu\",\"@id\":\"https:\/\/easyflatsardinia.com\/chi_siamo\/#primaryimage\",\"url\":\"https:\/\/easyflatsardinia.com\/wp\/wp-content\/uploads\/elementor\/thumbs\/logoeasy-r0dm3f953jgq7rdl5ndwsf6595am74ia1nlv1seici.png\",\"contentUrl\":\"https:\/\/easyflatsardinia.com\/wp\/wp-content\/uploads\/elementor\/thumbs\/logoeasy-r0dm3f953jgq7rdl5ndwsf6595am74ia1nlv1seici.png\"},{\"@type\":\"BreadcrumbList\",\"@id\":\"https:\/\/easyflatsardinia.com\/chi_siamo\/#breadcrumb\",\"itemListElement\":[{\"@type\":\"ListItem\",\"position\":1,\"name\":\"Home\",\"item\":\"https:\/\/easyflatsardinia.com\/\"},{\"@type\":\"ListItem\",\"position\":2,\"name\":\"Chi siamo\"}]},{\"@type\":\"WebSite\",\"@id\":\"https:\/\/easyflatsardinia.com\/#website\",\"url\":\"https:\/\/easyflatsardinia.com\/\",\"name\":\"Easyflatsardinia\",\"description\":\"\",\"publisher\":{\"@id\":\"https:\/\/easyflatsardinia.com\/#organization\"},\"potentialAction\":[{\"@type\":\"SearchAction\",\"target\":{\"@type\":\"EntryPoint\",\"urlTemplate\":\"https:\/\/easyflatsardinia.com\/?s={search_term_string}\"},\"query-input\":{\"@type\":\"PropertyValueSpecification\",\"valueRequired\":true,\"valueName\":\"search_term_string\"}}],\"inLanguage\":\"hu\"},{\"@type\":\"Organization\",\"@id\":\"https:\/\/easyflatsardinia.com\/#organization\",\"name\":\"Easyflatsardinia\",\"url\":\"https:\/\/easyflatsardinia.com\/\",\"logo\":{\"@type\":\"ImageObject\",\"inLanguage\":\"hu\",\"@id\":\"https:\/\/easyflatsardinia.com\/#\/schema\/logo\/image\/\",\"url\":\"https:\/\/easyflatsardinia.com\/wp\/wp-content\/uploads\/2025\/01\/logo.png\",\"contentUrl\":\"https:\/\/easyflatsardinia.com\/wp\/wp-content\/uploads\/2025\/01\/logo.png\",\"width\":198,\"height\":60,\"caption\":\"Easyflatsardinia\"},\"image\":{\"@id\":\"https:\/\/easyflatsardinia.com\/#\/schema\/logo\/image\/\"}}]}<\/script>\n<!-- \/ Yoast SEO plugin. -->","yoast_head_json":{"title":"Chi Siamo","description":"Offriamo case vacanza selezionate per ogni esigenza nel Sud della Sardegna. Ti aiutiamo a trovare la propriet\u00e0 perfetta per una vacanza indimenticabile","robots":{"index":"index","follow":"follow","max-snippet":"max-snippet:-1","max-image-preview":"max-image-preview:large","max-video-preview":"max-video-preview:-1"},"canonical":"https:\/\/easyflatsardinia.com\/hu\/chi_siamo\/","og_locale":"hu_HU","og_type":"article","og_title":"Chi Siamo","og_description":"Offriamo case vacanza selezionate per ogni esigenza nel Sud della Sardegna. Ti aiutiamo a trovare la propriet\u00e0 perfetta per una vacanza indimenticabile","og_url":"https:\/\/easyflatsardinia.com\/hu\/chi_siamo\/","og_site_name":"Easyflatsardinia","article_modified_time":"2025-02-06T17:08:12+00:00","og_image":[{"url":"https:\/\/easyflatsardinia.com\/wp\/wp-content\/uploads\/elementor\/thumbs\/logoeasy-r0dm3f953jgq7rdl5ndwsf6595am74ia1nlv1seici.png","type":"","width":"","height":""}],"twitter_card":"summary_large_image","twitter_misc":{"Becs\u00fclt olvas\u00e1si id\u0151":"2 perc"},"schema":{"@context":"https:\/\/schema.org","@graph":[{"@type":"WebPage","@id":"https:\/\/easyflatsardinia.com\/chi_siamo\/","url":"https:\/\/easyflatsardinia.com\/chi_siamo\/","name":"Chi Siamo","isPartOf":{"@id":"https:\/\/easyflatsardinia.com\/#website"},"primaryImageOfPage":{"@id":"https:\/\/easyflatsardinia.com\/chi_siamo\/#primaryimage"},"image":{"@id":"https:\/\/easyflatsardinia.com\/chi_siamo\/#primaryimage"},"thumbnailUrl":"https:\/\/easyflatsardinia.com\/wp\/wp-content\/uploads\/elementor\/thumbs\/logoeasy-r0dm3f953jgq7rdl5ndwsf6595am74ia1nlv1seici.png","datePublished":"2025-01-09T07:37:13+00:00","dateModified":"2025-02-06T17:08:12+00:00","description":"Offriamo case vacanza selezionate per ogni esigenza nel Sud della Sardegna. Ti aiutiamo a trovare la propriet\u00e0 perfetta per una vacanza indimenticabile","breadcrumb":{"@id":"https:\/\/easyflatsardinia.com\/chi_siamo\/#breadcrumb"},"inLanguage":"hu","potentialAction":[{"@type":"ReadAction","target":["https:\/\/easyflatsardinia.com\/chi_siamo\/"]}]},{"@type":"ImageObject","inLanguage":"hu","@id":"https:\/\/easyflatsardinia.com\/chi_siamo\/#primaryimage","url":"https:\/\/easyflatsardinia.com\/wp\/wp-content\/uploads\/elementor\/thumbs\/logoeasy-r0dm3f953jgq7rdl5ndwsf6595am74ia1nlv1seici.png","contentUrl":"https:\/\/easyflatsardinia.com\/wp\/wp-content\/uploads\/elementor\/thumbs\/logoeasy-r0dm3f953jgq7rdl5ndwsf6595am74ia1nlv1seici.png"},{"@type":"BreadcrumbList","@id":"https:\/\/easyflatsardinia.com\/chi_siamo\/#breadcrumb","itemListElement":[{"@type":"ListItem","position":1,"name":"Home","item":"https:\/\/easyflatsardinia.com\/"},{"@type":"ListItem","position":2,"name":"Chi siamo"}]},{"@type":"WebSite","@id":"https:\/\/easyflatsardinia.com\/#website","url":"https:\/\/easyflatsardinia.com\/","name":"Easyflatsardinia","description":"","publisher":{"@id":"https:\/\/easyflatsardinia.com\/#organization"},"potentialAction":[{"@type":"SearchAction","target":{"@type":"EntryPoint","urlTemplate":"https:\/\/easyflatsardinia.com\/?s={search_term_string}"},"query-input":{"@type":"PropertyValueSpecification","valueRequired":true,"valueName":"search_term_string"}}],"inLanguage":"hu"},{"@type":"Organization","@id":"https:\/\/easyflatsardinia.com\/#organization","name":"Easyflatsardinia","url":"https:\/\/easyflatsardinia.com\/","logo":{"@type":"ImageObject","inLanguage":"hu","@id":"https:\/\/easyflatsardinia.com\/#\/schema\/logo\/image\/","url":"https:\/\/easyflatsardinia.com\/wp\/wp-content\/uploads\/2025\/01\/logo.png","contentUrl":"https:\/\/easyflatsardinia.com\/wp\/wp-content\/uploads\/2025\/01\/logo.png","width":198,"height":60,"caption":"Easyflatsardinia"},"image":{"@id":"https:\/\/easyflatsardinia.com\/#\/schema\/logo\/image\/"}}]}},"_links":{"self":[{"href":"https:\/\/easyflatsardinia.com\/hu\/wp-json\/wp\/v2\/pages\/37342","targetHints":{"allow":["GET"]}}],"collection":[{"href":"https:\/\/easyflatsardinia.com\/hu\/wp-json\/wp\/v2\/pages"}],"about":[{"href":"https:\/\/easyflatsardinia.com\/hu\/wp-json\/wp\/v2\/types\/page"}],"author":[{"embeddable":true,"href":"https:\/\/easyflatsardinia.com\/hu\/wp-json\/wp\/v2\/users\/1"}],"replies":[{"embeddable":true,"href":"https:\/\/easyflatsardinia.com\/hu\/wp-json\/wp\/v2\/comments?post=37342"}],"version-history":[{"count":149,"href":"https:\/\/easyflatsardinia.com\/hu\/wp-json\/wp\/v2\/pages\/37342\/revisions"}],"predecessor-version":[{"id":44348,"href":"https:\/\/easyflatsardinia.com\/hu\/wp-json\/wp\/v2\/pages\/37342\/revisions\/44348"}],"wp:attachment":[{"href":"https:\/\/easyflatsardinia.com\/hu\/wp-json\/wp\/v2\/media?parent=37342"}],"curies":[{"name":"wp","href":"https:\/\/api.w.org\/{rel}","templated":true}]}}