{"id":356,"date":"2015-04-23T12:57:21","date_gmt":"2015-04-23T12:57:21","guid":{"rendered":"http:\/\/demo1.wprentals.org\/?page_id=356"},"modified":"2025-02-06T14:48:15","modified_gmt":"2025-02-06T14:48:15","slug":"terminiecondizioni","status":"publish","type":"page","link":"https:\/\/easyflatsardinia.com\/hu\/terminiecondizioni\/","title":{"rendered":"Felt\u00e9telek \u00e9s felt\u00e9telek"},"content":{"rendered":"<div data-elementor-type=\"wp-page\" data-elementor-id=\"356\" class=\"elementor elementor-356\" data-elementor-post-type=\"page\">\n\t\t\t\t<div class=\"elementor-element elementor-element-784a56f0 e-flex e-con-boxed e-con e-parent\" data-id=\"784a56f0\" data-element_type=\"container\">\n\t\t\t\t\t<div class=\"e-con-inner\">\n\t\t\t\t<div class=\"elementor-element elementor-element-78e3800a elementor-widget elementor-widget-text-editor\" data-id=\"78e3800a\" data-element_type=\"widget\" data-widget_type=\"text-editor.default\">\n\t\t\t\t<div class=\"elementor-widget-container\">\n\t\t\t\t\t\t\t\t\t<p>\u00c1ltal\u00e1nos Szerz\u0151d\u00e9si Felt\u00e9telek<br \/>1. Bevezet\u00e9s<br \/>Az al\u00e1bbi \u00c1ltal\u00e1nos Szerz\u0151d\u00e9si Felt\u00e9telek szab\u00e1lyozz\u00e1k az \u00fcgyf\u00e9l (a tov\u00e1bbiakban \"\u00dcgyf\u00e9l\") \u00e9s az EasyFlatSardinia (a tov\u00e1bbiakban \"T\u00e1rsas\u00e1g\") k\u00f6z\u00f6tti kapcsolatot, melynek sz\u00e9khelye Domus de Maria (SU), Via Ungheria 7a, C.F. \u00e9s P. IVA IT04105970927. A T\u00e1rsas\u00e1g online platformot (www.easyflatsardinia.com, a tov\u00e1bbiakban: \"Webhely\") \u00fczemeltet turisztikai c\u00e9l\u00fa sz\u00e1ll\u00e1sfoglal\u00e1s \u00e9s -fizet\u00e9s c\u00e9lj\u00e1b\u00f3l. Az EasyFlatSardinia szolg\u00e1ltat\u00e1sai k\u00f6z\u00e9 tartozik a sz\u00e1ll\u00e1shelyek kezel\u00e9se \u00e9s a kieg\u00e9sz\u00edt\u0151 szolg\u00e1ltat\u00e1sok ny\u00fajt\u00e1sa (takar\u00edt\u00e1s, \u00e1gynem\u0171, seg\u00edts\u00e9gny\u00fajt\u00e1s a tart\u00f3zkod\u00e1s sor\u00e1n stb.). A sz\u00e1ll\u00e1sfoglal\u00e1s a Weboldalon kereszt\u00fcl az al\u00e1bbi \u00c1ltal\u00e1nos Szerz\u0151d\u00e9si Felt\u00e9telek elfogad\u00e1s\u00e1t jelenti.<br \/>2. Foglal\u00e1si m\u00f3dok<br \/>Az \u00dcgyf\u00e9l val\u00f3s id\u0151ben megtekintheti a rendelkez\u00e9sre \u00e1ll\u00e1st \u00e9s az \u00e1rakat a Webhelyen. A foglal\u00e1s meger\u0151s\u00edt\u00e9s\u00e9hez az \u00dcgyf\u00e9lnek az ingatlan tulajdonosa \u00e1ltal megadott utas\u00edt\u00e1sokat k\u00f6vetve kell teljes\u00edtenie a fizet\u00e9st, vagy bizalmas t\u00e1rgyal\u00e1st kell folytatnia vele. Az \u00dcgyf\u00e9l csak a sikeres fizet\u00e9s ut\u00e1n kap e-mailben visszaigazol\u00e1st a foglal\u00e1s r\u00e9szleteir\u0151l, bele\u00e9rtve a k\u00e9rt kieg\u00e9sz\u00edt\u0151 szolg\u00e1ltat\u00e1sokat is. A foglal\u00e1s csak akkor tekinthet\u0151 meger\u0151s\u00edtettnek, ha az \u00dcgyf\u00e9l megkapta a visszaigazol\u00e1st e-mailben. A weboldal \u00e9s a T\u00e1rsas\u00e1g a platformot a vend\u00e9gek \u00e9s a tulajdonosok rendelkez\u00e9s\u00e9re bocs\u00e1tja annak \u00e9rdek\u00e9ben, hogy t\u00e1rgyal\u00e1s \u00fatj\u00e1n a legjobb \u00e1rat tal\u00e1lj\u00e1k meg mindk\u00e9t f\u00e9l teljes megel\u00e9ged\u00e9s\u00e9re.<br \/>3. D\u00edjak \u00e9s fizet\u00e9s<br \/>A sz\u00e1ll\u00e1sd\u00edjak tartalmazz\u00e1k a b\u00e9rleti d\u00edjat, a takar\u00edt\u00e1si k\u00f6lts\u00e9geket \u00e9s a kieg\u00e9sz\u00edt\u0151 szolg\u00e1ltat\u00e1sokat, ad\u00f3k n\u00e9lk\u00fcl. A foglal\u00e1s teljes \u00f6sszeg\u00e9t hitelk\u00e1rty\u00e1val, banki \u00e1tutal\u00e1ssal vagy az ingatlan tulajdonosa \u00e1ltal meghat\u00e1rozott m\u00f3don kell kifizetni a visszaigazol\u00e1skor vagy a bejelentkez\u00e9s el\u0151tt. Az idegenforgalmi ad\u00f3t nem tartalmazza, \u00e9s azt bejelentkez\u00e9skor kell megfizetni. Az ingatlanban vagy az ingatlanban okozott b\u00e1rmilyen k\u00e1r a b\u00e9rleti szerz\u0151d\u00e9snek megfelel\u0151en az \u00dcgyfelet terheli.<br \/>4. A foglal\u00e1sok t\u00f6rl\u00e9se<br \/>K\u00e9tf\u00e9le viteld\u00edj l\u00e9tezik: visszat\u00e9r\u00edtend\u0151 \u00e9s vissza nem t\u00e9r\u00edtend\u0151. A visszat\u00e9r\u00edtend\u0151 tarif\u00e1k eset\u00e9ben lehet\u0151s\u00e9g van a foglal\u00e1s lemond\u00e1s\u00e1ra a bejelentkez\u00e9s el\u0151tt, teljes visszat\u00e9r\u00edt\u00e9s mellett. A nem visszat\u00e9r\u00edtend\u0151 tarif\u00e1k eset\u00e9ben nincs lehet\u0151s\u00e9g a foglal\u00e1s visszat\u00e9r\u00edt\u00e9s\u00e9re vagy m\u00f3dos\u00edt\u00e1s\u00e1ra. Meg nem jelen\u00e9s eset\u00e9n a foglal\u00e1s teljes \u00f6sszege felsz\u00e1m\u00edt\u00e1sra ker\u00fcl. A foglal\u00e1s lemond\u00e1sa vagy m\u00f3dos\u00edt\u00e1sa bizonyos, a foglal\u00e1si \u00f6sszefoglal\u00f3ban meghat\u00e1rozott felt\u00e9telekhez k\u00f6t\u00f6tt.<br \/>5. Be- \u00e9s kijelentkez\u00e9s<br \/>Az \u00fcgyf\u00e9lnek el\u0151re meg kell er\u0151s\u00edtenie a bejelentkez\u00e9s id\u0151pontj\u00e1t, \u00e9s a bejelentkez\u00e9skor minden vend\u00e9g szem\u00e9lyazonos\u00edt\u00f3 okm\u00e1ny\u00e1t be kell mutatnia. A bejelentkez\u00e9s t\u00f6rt\u00e9nhet szem\u00e9lyesen vagy online bejelentkez\u00e9si rendszeren kereszt\u00fcl, elektronikus al\u00e1\u00edr\u00e1ssal, OTP (One-Time Password) seg\u00edts\u00e9g\u00e9vel. Az \u00fcgyf\u00e9l felel\u0151s az\u00e9rt, hogy a foglal\u00e1si visszaigazol\u00e1sban megadott l\u00e9tsz\u00e1mot ne l\u00e9pje t\u00fal. A kulcsokat a megbesz\u00e9lt m\u00f3don kell visszaadni.<br \/>6. Kauci\u00f3<br \/>Bejelentkez\u00e9skor az \u00fcgyf\u00e9lnek k\u00e9r\u00e9sre kauci\u00f3t kell fizetnie. A kauci\u00f3t a tart\u00f3zkod\u00e1s v\u00e9g\u00e9n visszaadj\u00e1k, kiv\u00e9ve, ha a sz\u00e1ll\u00e1shelyen k\u00e1rt tal\u00e1lnak. K\u00e1r eset\u00e9n a T\u00e1rsas\u00e1g fenntartja a jogot, hogy a kauci\u00f3 \u00f6sszeg\u00e9t visszatartsa a jav\u00edt\u00e1si k\u00f6lts\u00e9gek fedez\u00e9s\u00e9re.<br \/>7. A foglal\u00e1s m\u00f3dos\u00edt\u00e1sa<br \/>A T\u00e1rsas\u00e1g fenntartja a jogot, hogy az \u00e1ltala nem befoly\u00e1solhat\u00f3, el\u0151re nem l\u00e1that\u00f3 k\u00f6r\u00fclm\u00e9nyek eset\u00e9n a sz\u00e1ll\u00e1st azonos vagy jobb min\u0151s\u00e9g\u0171re cser\u00e9lje. Az \u00dcgyfelet halad\u00e9ktalanul \u00e9rtes\u00edtj\u00fck, \u00e9s a v\u00e1ltoztat\u00e1st meg kell er\u0151s\u00edtenie. Ha nem \u00e1ll rendelkez\u00e9sre egyen\u00e9rt\u00e9k\u0171 sz\u00e1ll\u00e1s, a T\u00e1rsas\u00e1g a helyettes\u00edt\u0151 sz\u00e1ll\u00e1s\u00e9rt p\u00f3td\u00edjat sz\u00e1m\u00edthat fel.<br \/>8. A sz\u00e1ll\u00e1shelyen val\u00f3 tart\u00f3zkod\u00e1s szab\u00e1lyai<br \/>Az \u00dcgyf\u00e9l k\u00f6teles tiszteletben tartani a sz\u00e1ll\u00e1s haszn\u00e1lat\u00e1nak szab\u00e1lyait, elker\u00fclve a t\u00f6bbi lak\u00f3 megrong\u00e1l\u00e1s\u00e1t vagy zavar\u00e1s\u00e1t, amennyiben a sz\u00e1ll\u00e1s egy lak\u00f3t\u00f6mbben tal\u00e1lhat\u00f3. Tilos doh\u00e1nyozni vagy \u00e1llatokat behozni a T\u00e1rsas\u00e1g \u00edr\u00e1sos beleegyez\u00e9se n\u00e9lk\u00fcl. Az \u00dcgyf\u00e9l k\u00f6teles a hullad\u00e9kot a helyi el\u0151\u00edr\u00e1soknak megfelel\u0151en megfelel\u0151en szelekt\u00e1lni.<br \/>9. 30 napn\u00e1l hosszabb foglal\u00e1sok<br \/>30 napn\u00e1l hosszabb tart\u00f3zkod\u00e1s eset\u00e9n az \u00dcgyf\u00e9lnek k\u00f6zvetlen\u00fcl a T\u00e1rsas\u00e1gt\u00f3l kell foglal\u00e1st k\u00e9rnie.<\/p><p>A foglal\u00e1s csak a B\u00e9rleti szerz\u0151d\u00e9s al\u00e1\u00edr\u00e1sa \u00e9s az els\u0151 havi b\u00e9rleti d\u00edj, a kauci\u00f3 \u00e9s az egy\u00e9b j\u00e1rul\u00e9kos k\u00f6lts\u00e9gek el\u0151zetes kifizet\u00e9se ut\u00e1n j\u00f6n l\u00e9tre.<br \/>10. Szankci\u00f3k \u00e9s a felel\u0151ss\u00e9g korl\u00e1toz\u00e1sa<br \/>Az \u00dcgyf\u00e9l elfogadja az ingatlanban \u00e9s az abban tal\u00e1lhat\u00f3 \u00e1rukban bek\u00f6vetkez\u0151 k\u00e1rok eset\u00e9n el\u0151\u00edrt szankci\u00f3kat. A T\u00e1rsas\u00e1g nem v\u00e1llal felel\u0151ss\u00e9get az \u00dcgyf\u00e9l szem\u00e9lyes tulajdon\u00e1nak ellop\u00e1s\u00e1\u00e9rt vagy megrong\u00e1l\u00e1s\u00e1\u00e9rt, valamint a szolg\u00e1ltat\u00e1sok (\u00e1ram, v\u00edz, g\u00e1z, internet) nem felr\u00f3hat\u00f3 megszak\u00edt\u00e1s\u00e1\u00e9rt.<br \/>11. Panaszok \u00e9s c\u00edmek<br \/>B\u00e1rmilyen panasz vagy k\u00e9rd\u00e9s eset\u00e9n az \u00dcgyf\u00e9l a info@easyflatsardinia.com e-mail c\u00edmen l\u00e9phet kapcsolatba a T\u00e1rsas\u00e1ggal. A T\u00e1rsas\u00e1g a panaszra a be\u00e9rkez\u00e9st\u0151l sz\u00e1m\u00edtott 30 napon bel\u00fcl v\u00e1laszol.<\/p><p>\u00a0<\/p>\t\t\t\t\t\t\t\t<\/div>\n\t\t\t\t<\/div>\n\t\t\t\t\t<\/div>\n\t\t\t\t<\/div>\n\t\t\t\t<\/div>","protected":false},"excerpt":{"rendered":"<p>Termini e Condizioni Generali1. IntroduzioneI seguenti Termini e Condizioni Generali regolano i rapporti tra il cliente (di seguito il \u201cCliente\u201d) e EasyFlatSardinia (di seguito \u201cSociet\u00e0\u201d), con sede legale a Domus de Maria (SU), Via Ungheria 7a, C.F. e P. IVA IT04105970927. La Societ\u00e0 gestisce una piattaforma online (www.easyflatsardinia.com, di seguito il \u201cSito\u201d) per la prenotazione &#8230;<\/p>","protected":false},"author":1,"featured_media":0,"parent":0,"menu_order":0,"comment_status":"closed","ping_status":"closed","template":"terms_conditions.php","meta":{"inline_featured_image":false,"footnotes":""},"class_list":["post-356","page","type-page","status-publish","hentry"],"yoast_head":"<!-- This site is optimized with the Yoast SEO plugin v24.4 - https:\/\/yoast.com\/wordpress\/plugins\/seo\/ -->\n<title>Ville e Case Vacanze nel Sud della Sardegna | Easy Flat Sardinia<\/title>\n<meta name=\"robots\" content=\"noindex, nofollow\" \/>\n<meta property=\"og:locale\" content=\"hu_HU\" \/>\n<meta property=\"og:type\" content=\"article\" \/>\n<meta property=\"og:title\" content=\"Ville e Case Vacanze nel Sud della Sardegna | Easy Flat Sardinia\" \/>\n<meta property=\"og:description\" content=\"Termini e Condizioni Generali1. IntroduzioneI seguenti Termini e Condizioni Generali regolano i rapporti tra il cliente (di seguito il \u201cCliente\u201d) e EasyFlatSardinia (di seguito \u201cSociet\u00e0\u201d), con sede legale a Domus de Maria (SU), Via Ungheria 7a, C.F. e P. IVA IT04105970927. La Societ\u00e0 gestisce una piattaforma online (www.easyflatsardinia.com, di seguito il \u201cSito\u201d) per la prenotazione ...\" \/>\n<meta property=\"og:url\" content=\"https:\/\/easyflatsardinia.com\/hu\/terminiecondizioni\/\" \/>\n<meta property=\"og:site_name\" content=\"Easyflatsardinia\" \/>\n<meta property=\"article:modified_time\" content=\"2025-02-06T14:48:15+00:00\" \/>\n<meta name=\"twitter:card\" content=\"summary_large_image\" \/>\n<meta name=\"twitter:label1\" content=\"Becs\u00fclt olvas\u00e1si id\u0151\" \/>\n\t<meta name=\"twitter:data1\" content=\"4 perc\" \/>\n<script type=\"application\/ld+json\" class=\"yoast-schema-graph\">{\"@context\":\"https:\/\/schema.org\",\"@graph\":[{\"@type\":\"WebPage\",\"@id\":\"https:\/\/easyflatsardinia.com\/terminiecondizioni\/\",\"url\":\"https:\/\/easyflatsardinia.com\/terminiecondizioni\/\",\"name\":\"Ville e Case Vacanze nel Sud della Sardegna | Easy Flat Sardinia\",\"isPartOf\":{\"@id\":\"https:\/\/easyflatsardinia.com\/#website\"},\"datePublished\":\"2015-04-23T12:57:21+00:00\",\"dateModified\":\"2025-02-06T14:48:15+00:00\",\"breadcrumb\":{\"@id\":\"https:\/\/easyflatsardinia.com\/terminiecondizioni\/#breadcrumb\"},\"inLanguage\":\"hu\",\"potentialAction\":[{\"@type\":\"ReadAction\",\"target\":[\"https:\/\/easyflatsardinia.com\/terminiecondizioni\/\"]}]},{\"@type\":\"BreadcrumbList\",\"@id\":\"https:\/\/easyflatsardinia.com\/terminiecondizioni\/#breadcrumb\",\"itemListElement\":[{\"@type\":\"ListItem\",\"position\":1,\"name\":\"Home\",\"item\":\"https:\/\/easyflatsardinia.com\/\"},{\"@type\":\"ListItem\",\"position\":2,\"name\":\"Termini e Condizioni\"}]},{\"@type\":\"WebSite\",\"@id\":\"https:\/\/easyflatsardinia.com\/#website\",\"url\":\"https:\/\/easyflatsardinia.com\/\",\"name\":\"Easyflatsardinia\",\"description\":\"\",\"publisher\":{\"@id\":\"https:\/\/easyflatsardinia.com\/#organization\"},\"potentialAction\":[{\"@type\":\"SearchAction\",\"target\":{\"@type\":\"EntryPoint\",\"urlTemplate\":\"https:\/\/easyflatsardinia.com\/?s={search_term_string}\"},\"query-input\":{\"@type\":\"PropertyValueSpecification\",\"valueRequired\":true,\"valueName\":\"search_term_string\"}}],\"inLanguage\":\"hu\"},{\"@type\":\"Organization\",\"@id\":\"https:\/\/easyflatsardinia.com\/#organization\",\"name\":\"Easyflatsardinia\",\"url\":\"https:\/\/easyflatsardinia.com\/\",\"logo\":{\"@type\":\"ImageObject\",\"inLanguage\":\"hu\",\"@id\":\"https:\/\/easyflatsardinia.com\/#\/schema\/logo\/image\/\",\"url\":\"https:\/\/easyflatsardinia.com\/wp\/wp-content\/uploads\/2025\/01\/logo.png\",\"contentUrl\":\"https:\/\/easyflatsardinia.com\/wp\/wp-content\/uploads\/2025\/01\/logo.png\",\"width\":198,\"height\":60,\"caption\":\"Easyflatsardinia\"},\"image\":{\"@id\":\"https:\/\/easyflatsardinia.com\/#\/schema\/logo\/image\/\"}}]}<\/script>\n<!-- \/ Yoast SEO plugin. -->","yoast_head_json":{"title":"Ville e Case Vacanze nel Sud della Sardegna | Easy Flat Sardinia","robots":{"index":"noindex","follow":"nofollow"},"og_locale":"hu_HU","og_type":"article","og_title":"Ville e Case Vacanze nel Sud della Sardegna | Easy Flat Sardinia","og_description":"Termini e Condizioni Generali1. IntroduzioneI seguenti Termini e Condizioni Generali regolano i rapporti tra il cliente (di seguito il \u201cCliente\u201d) e EasyFlatSardinia (di seguito \u201cSociet\u00e0\u201d), con sede legale a Domus de Maria (SU), Via Ungheria 7a, C.F. e P. IVA IT04105970927. La Societ\u00e0 gestisce una piattaforma online (www.easyflatsardinia.com, di seguito il \u201cSito\u201d) per la prenotazione ...","og_url":"https:\/\/easyflatsardinia.com\/hu\/terminiecondizioni\/","og_site_name":"Easyflatsardinia","article_modified_time":"2025-02-06T14:48:15+00:00","twitter_card":"summary_large_image","twitter_misc":{"Becs\u00fclt olvas\u00e1si id\u0151":"4 perc"},"schema":{"@context":"https:\/\/schema.org","@graph":[{"@type":"WebPage","@id":"https:\/\/easyflatsardinia.com\/terminiecondizioni\/","url":"https:\/\/easyflatsardinia.com\/terminiecondizioni\/","name":"Ville e Case Vacanze nel Sud della Sardegna | Easy Flat Sardinia","isPartOf":{"@id":"https:\/\/easyflatsardinia.com\/#website"},"datePublished":"2015-04-23T12:57:21+00:00","dateModified":"2025-02-06T14:48:15+00:00","breadcrumb":{"@id":"https:\/\/easyflatsardinia.com\/terminiecondizioni\/#breadcrumb"},"inLanguage":"hu","potentialAction":[{"@type":"ReadAction","target":["https:\/\/easyflatsardinia.com\/terminiecondizioni\/"]}]},{"@type":"BreadcrumbList","@id":"https:\/\/easyflatsardinia.com\/terminiecondizioni\/#breadcrumb","itemListElement":[{"@type":"ListItem","position":1,"name":"Home","item":"https:\/\/easyflatsardinia.com\/"},{"@type":"ListItem","position":2,"name":"Termini e Condizioni"}]},{"@type":"WebSite","@id":"https:\/\/easyflatsardinia.com\/#website","url":"https:\/\/easyflatsardinia.com\/","name":"Easyflatsardinia","description":"","publisher":{"@id":"https:\/\/easyflatsardinia.com\/#organization"},"potentialAction":[{"@type":"SearchAction","target":{"@type":"EntryPoint","urlTemplate":"https:\/\/easyflatsardinia.com\/?s={search_term_string}"},"query-input":{"@type":"PropertyValueSpecification","valueRequired":true,"valueName":"search_term_string"}}],"inLanguage":"hu"},{"@type":"Organization","@id":"https:\/\/easyflatsardinia.com\/#organization","name":"Easyflatsardinia","url":"https:\/\/easyflatsardinia.com\/","logo":{"@type":"ImageObject","inLanguage":"hu","@id":"https:\/\/easyflatsardinia.com\/#\/schema\/logo\/image\/","url":"https:\/\/easyflatsardinia.com\/wp\/wp-content\/uploads\/2025\/01\/logo.png","contentUrl":"https:\/\/easyflatsardinia.com\/wp\/wp-content\/uploads\/2025\/01\/logo.png","width":198,"height":60,"caption":"Easyflatsardinia"},"image":{"@id":"https:\/\/easyflatsardinia.com\/#\/schema\/logo\/image\/"}}]}},"_links":{"self":[{"href":"https:\/\/easyflatsardinia.com\/hu\/wp-json\/wp\/v2\/pages\/356","targetHints":{"allow":["GET"]}}],"collection":[{"href":"https:\/\/easyflatsardinia.com\/hu\/wp-json\/wp\/v2\/pages"}],"about":[{"href":"https:\/\/easyflatsardinia.com\/hu\/wp-json\/wp\/v2\/types\/page"}],"author":[{"embeddable":true,"href":"https:\/\/easyflatsardinia.com\/hu\/wp-json\/wp\/v2\/users\/1"}],"replies":[{"embeddable":true,"href":"https:\/\/easyflatsardinia.com\/hu\/wp-json\/wp\/v2\/comments?post=356"}],"version-history":[{"count":11,"href":"https:\/\/easyflatsardinia.com\/hu\/wp-json\/wp\/v2\/pages\/356\/revisions"}],"predecessor-version":[{"id":44252,"href":"https:\/\/easyflatsardinia.com\/hu\/wp-json\/wp\/v2\/pages\/356\/revisions\/44252"}],"wp:attachment":[{"href":"https:\/\/easyflatsardinia.com\/hu\/wp-json\/wp\/v2\/media?parent=356"}],"curies":[{"name":"wp","href":"https:\/\/api.w.org\/{rel}","templated":true}]}}