{"id":35042,"date":"2019-08-06T10:53:44","date_gmt":"2019-08-06T10:53:44","guid":{"rendered":"https:\/\/main.wprentals.org\/?page_id=35042"},"modified":"2025-02-06T14:40:43","modified_gmt":"2025-02-06T14:40:43","slug":"gdpr-terms-and-conditions","status":"publish","type":"page","link":"https:\/\/easyflatsardinia.com\/hu\/gdpr-terms-and-conditions\/","title":{"rendered":"GDPR"},"content":{"rendered":"<div data-elementor-type=\"wp-page\" data-elementor-id=\"35042\" class=\"elementor elementor-35042\" data-elementor-post-type=\"page\">\n\t\t\t\t<div class=\"elementor-element elementor-element-6688c2b6 e-flex e-con-boxed e-con e-parent\" data-id=\"6688c2b6\" data-element_type=\"container\">\n\t\t\t\t\t<div class=\"e-con-inner\">\n\t\t\t\t<div class=\"elementor-element elementor-element-2d5596ce elementor-widget elementor-widget-text-editor\" data-id=\"2d5596ce\" data-element_type=\"widget\" data-widget_type=\"text-editor.default\">\n\t\t\t\t<div class=\"elementor-widget-container\">\n\t\t\t\t\t\t\t\t\t<p>A SZEM\u00c9LYES ADATOK FELDOLGOZ\u00c1S\u00c1RA VONATKOZ\u00d3 INFORM\u00c1CI\u00d3K TULAJDONOSAI<br>A 2016\/679\/EU rendelet (GDPR) 13. \u00e9s 14. cikke \u00e9rtelm\u00e9ben<br>A jelen t\u00e1j\u00e9koztat\u00f3val a 2016\/679\/EU rendelet (m\u00e1s n\u00e9ven \"GDPR\") 13. cikke \u00e9rtelm\u00e9ben t\u00e1j\u00e9koztatni k\u00edv\u00e1njuk \u00d6nt a www.easyflatsardinia.com weboldalon t\u00f6rt\u00e9n\u0151 interakci\u00f3 sor\u00e1n szerzett \u00e9s feldolgozott szem\u00e9lyes adatainak kezel\u00e9s\u00e9r\u0151l.<br>Megjegyz\u00e9s: A \"Foglal\u00e1s\" linken kereszt\u00fcl t\u00f6rt\u00e9n\u0151 sz\u00e1ll\u00e1sfoglal\u00e1ssal kapcsolatos kezel\u00e9sekkel kapcsolatban k\u00e9rj\u00fck, olvassa el az oldal alj\u00e1n tal\u00e1lhat\u00f3, karmestereknek sz\u00f3l\u00f3 inform\u00e1ci\u00f3kat.<br>Az \u00c9rintett b\u00f6ng\u00e9sz\u00e9si adatainak feldolgoz\u00e1s\u00e1ra vonatkoz\u00f3 konkr\u00e9t inform\u00e1ci\u00f3k\u00e9rt a weboldalon el\u00e9rhet\u0151 cookie-szab\u00e1lyzatra is hivatkozunk. A cookie-k haszn\u00e1lata k\u00fcl\u00f6n\u00f6sen a weboldal funkcionalit\u00e1s\u00e1nak \u00e9s min\u0151s\u00e9g\u00e9nek jav\u00edt\u00e1s\u00e1t szolg\u00e1lja, a weboldal jogos \u00e9rdeke alapj\u00e1n.<br>Adatkezel\u0151, kiv\u00e9ve azokat a s\u00fctiket, amelyekhez az \u00c9rintett kifejezett hozz\u00e1j\u00e1rul\u00e1sa sz\u00fcks\u00e9ges. A s\u00fctiket szolg\u00e1ltat\u00f3 harmadik felek k\u00fcls\u0151 adatkezel\u0151nek min\u0151s\u00fclnek, \u00e9s r\u00e9szletes t\u00e1j\u00e9koztat\u00e1st kell adniuk err\u0151l.<\/p>\n<p>1. ADATKEZEL\u0150<br>Az adatkezel\u0151 az EasyFlatSardinia, sz\u00e9khelye: Via Ungheria n. 7a, 09010 - Domus de Maria (SU), Olaszorsz\u00e1g, amelyet ideiglenes jogi k\u00e9pvisel\u0151je k\u00e9pvisel. A szem\u00e9lyes adatokkal kapcsolatos b\u00e1rmilyen k\u00e9r\u00e9ssel az Adatkezel\u0151h\u00f6z lehet fordulni:<br>- Postai \u00faton: a fent megjel\u00f6lt sz\u00e9khelyen.<br>- E-mail: info@easyflatsardinia.com<br>- PEC: easyflatsardinia@pec.it<br>A szem\u00e9lyes adatv\u00e9delmi tisztvisel\u0151 (DPO) Corrado Spada \u00far, aki a info@easyflatsardinia.com e-mail c\u00edmen \u00e9rhet\u0151 el.<\/p>\n<p>2. AZ ADATKEZEL\u00c9S T\u00c1RGY\u00c1T K\u00c9PEZ\u0150 SZEM\u00c9LYES ADATOK KATEG\u00d3RI\u00c1I<br>Az Adatkezel\u0151 az \u00c9rintettre vonatkoz\u00f3 szem\u00e9lyes adatok al\u00e1bbi kateg\u00f3ri\u00e1it kezeli, amelyeket a www.easyflatsardinia.com weboldalon a \"Kapcsolat\", \"K\u00e9r\u00e9s\" \u00e9s \"K\u00e9relem\" linkeken tal\u00e1lhat\u00f3 \u0171rlapokon kereszt\u00fcl adnak meg vagy szereznek meg.<br>\"Foglaljon most\":<br>- Azonos\u00edt\u00f3 adatok: keresztn\u00e9v \u00e9s vezet\u00e9kn\u00e9v<br>- Kapcsolattart\u00e1si adatok: e-mail c\u00edm \u00e9s telefonsz\u00e1m<br>- Egy\u00e9b adatok: az \u00e9rintett \u00e1ltal k\u00fcld\u00f6tt \u00fczenetben szerepl\u0151 b\u00e1rmely inform\u00e1ci\u00f3.<\/p>\n<p>3. AZ ADATKEZEL\u00c9S C\u00c9LJA \u00c9S JOGALAPJA<br>A szem\u00e9lyes adatok feldolgoz\u00e1sa a k\u00f6vetkez\u0151 c\u00e9lokb\u00f3l t\u00f6rt\u00e9nik:<br>- V\u00e1laszolni az \u00c9rintett \u00e1ltal a weboldalon kereszt\u00fcl k\u00fcld\u00f6tt k\u00e9r\u00e9sekre \u00e9s k\u00f6zlem\u00e9nyekre.<br>Az ilyen adatok feldolgoz\u00e1s\u00e1nak jogalapja az \u00e9rintett szabad \u00e9s t\u00e1j\u00e9kozott hozz\u00e1j\u00e1rul\u00e1sa, amely az Adatkezel\u0151h\u00f6z int\u00e9zett visszajelz\u00e9si k\u00e9relemben nyilv\u00e1nul meg. Az adatok megad\u00e1sa sz\u00fcks\u00e9ges ahhoz, hogy a megkeres\u00e9sekre v\u00e1laszolni tudjunk. Az adatszolg\u00e1ltat\u00e1s megtagad\u00e1sa lehetetlenn\u00e9 teheti a v\u00e1laszad\u00e1st.<\/p>\n<p>4. KEZEL\u00c9SI M\u00d3DSZEREK<br>A szem\u00e9lyes adatok feldolgoz\u00e1sa a k\u00f6vetkez\u0151 elveknek megfelel\u0151en t\u00f6rt\u00e9nik:<br>- Bizalmass\u00e1g<br>- Helyess\u00e9g<br>- Sz\u00fcks\u00e9gess\u00e9g<br>- Relevancia<br>- T\u00f6rv\u00e9nyess\u00e9g<br>- \u00c1tl\u00e1that\u00f3s\u00e1g<br>A feldolgoz\u00e1sra elektronikus \u00e9s pap\u00edralap\u00fa eszk\u00f6z\u00f6kkel egyar\u00e1nt sor ker\u00fcl, a hat\u00e1lyos jogszab\u00e1lyoknak megfelel\u0151en. Megfelel\u0151 biztons\u00e1gi int\u00e9zked\u00e9seket hoznak az adatveszt\u00e9s, a jogellenes vagy jogosulatlan feldolgoz\u00e1s \u00e9s a jogosulatlan hozz\u00e1f\u00e9r\u00e9s megakad\u00e1lyoz\u00e1sa \u00e9rdek\u00e9ben. Az adatokat csak a k\u00f6vetkez\u0151 szem\u00e9lyzet dolgozza fel<br>az Adatkezel\u0151 \u00e1ltal enged\u00e9lyezett, aki erre vonatkoz\u00f3 konkr\u00e9t utas\u00edt\u00e1sokat kap.<\/p>\n<p>5. A KEZEL\u00c9S ID\u0150TARTAMA<br>A szem\u00e9lyes adatokat a gy\u0171jt\u00e9st\u0151l sz\u00e1m\u00edtott legfeljebb 1 \u00e9vig \u0151rizz\u00fck meg. Ez az id\u0151tartam meghosszabb\u00edthat\u00f3 vit\u00e1s esetekben, illetve az olasz vagy eur\u00f3pai jogszab\u00e1lyok \u00e1ltal el\u0151\u00edrt mentess\u00e9g eset\u00e9n.<\/p>\n<p>6. ADATK\u00d6ZL\u00c9S<br>A t\u00f6rv\u00e9ny \u00e1ltal el\u0151\u00edrt vagy az illet\u00e9kes hat\u00f3s\u00e1gok \u00e1ltal k\u00e9rt k\u00f6zl\u00e9seken k\u00edv\u00fcl az \u00f6sszegy\u0171jt\u00f6tt szem\u00e9lyes adatok a k\u00f6vetkez\u0151, k\u00fcls\u0151 adatfeldolgoz\u00f3k\u00e9nt kijel\u00f6lt szervezetekkel is k\u00f6z\u00f6lhet\u0151k:<br>- \u00dczleti tan\u00e1csad\u00f3k<br>- Platformok vagy alkalmaz\u00e1sok karbantart\u00e1s\u00e1t vagy t\u00e1mogat\u00e1s\u00e1t v\u00e9gz\u0151 v\u00e1llalatok<br>- Sz\u00e1m\u00edt\u00f3g\u00e9pes rendszerek \u00e9s v\u00e1llalati elektronikus eszk\u00f6z\u00f6k szak\u00e9rt\u0151i<br>- \u00dczleti \u00e9s menedzsment szoftverek sz\u00e1ll\u00edt\u00f3i<br>- Kommunik\u00e1ci\u00f3s szolg\u00e1ltat\u00f3k (pl. e-mail)<br>Az \u00c9rintett \u00e9s az Adatkezel\u0151 k\u00f6z\u00f6tti kommunik\u00e1ci\u00f3ra vonatkoz\u00f3 adatok megoszthat\u00f3k az EasyFlatSardini\u00e1val egy\u00fcttm\u0171k\u00f6d\u0151 ingatlank\u00f6zvet\u00edt\u0151kkel.<\/p>\n<p>6.1. HARMADIK ORSZ\u00c1GOKBA T\u00d6RT\u00c9N\u0150 \u00c1TUTAL\u00c1SOK<br>Az Adatkezel\u0151 nem rendelkezik a szem\u00e9lyes adatoknak az Eur\u00f3pai Uni\u00f3n k\u00edv\u00fcli tov\u00e1bb\u00edt\u00e1s\u00e1r\u00f3l, azonban a szoftver- \u00e9s kommunik\u00e1ci\u00f3s szolg\u00e1ltat\u00f3knak k\u00f6sz\u00f6nhet\u0151en az adatok egy r\u00e9sze az Eur\u00f3pai Gazdas\u00e1gi T\u00e9rs\u00e9gen (EGT) k\u00edv\u00fcl tal\u00e1lhat\u00f3 szervereken haladhat \u00e1t. A szolg\u00e1ltat\u00f3k, mint p\u00e9ld\u00e1ul a Microsoft Corporation \u00e9s a Google Ireland Limited, betartj\u00e1k az adatv\u00e9delmi keretszab\u00e1lyoz\u00e1st, \u00e9s megfelel\u0151 v\u00e9delmi int\u00e9zked\u00e9seket tesznek.<br>Tov\u00e1bbi r\u00e9szletek\u00e9rt k\u00e9rj\u00fck, olvassa el a k\u00f6vetkez\u0151 sz\u00e1ll\u00edt\u00f3i t\u00e1j\u00e9koztat\u00f3kat:<br>- Microsoft: Adatv\u00e9delmi nyilatkozat<br>- Google: Adatv\u00e9delmi ir\u00e1nyelvek<\/p>\n<p>7. AZ \u00c9RINTETT JOGAI<br>A GDPR 15. \u00e9s azt k\u00f6vet\u0151 cikkei \u00e9rtelm\u00e9ben az \u00c9rintettnek joga van ahhoz, hogy:<br>- Hozz\u00e1f\u00e9r\u00e9s a saj\u00e1t adatokhoz (GDPR 15. cikk)<\/p>\n<p>- Saj\u00e1t adatok helyesb\u00edt\u00e9se (GDPR 16. cikk)<br>- Adataid t\u00f6rl\u00e9se (GDPR 17. cikk)<br>- A feldolgoz\u00e1s korl\u00e1toz\u00e1sa (GDPR 18. cikk)<br>- Adathordozhat\u00f3s\u00e1g (GDPR 20. cikk)<br>- A feldolgoz\u00e1s elleni tiltakoz\u00e1s (GDPR 21. cikk)<br>- a hozz\u00e1j\u00e1rul\u00e1s visszavon\u00e1sa (ha a feldolgoz\u00e1s a hozz\u00e1j\u00e1rul\u00e1s alapj\u00e1n t\u00f6rt\u00e9nik) a kor\u00e1bbi feldolgoz\u00e1s jogszer\u0171s\u00e9g\u00e9nek s\u00e9relme n\u00e9lk\u00fcl (a GDPR 7. cikk\u00e9nek (3) bekezd\u00e9se).<br>- Panaszt ny\u00fajthat be az adatv\u00e9delmi hat\u00f3s\u00e1gn\u00e1l vagy fellebbezhet az illet\u00e9kes igazs\u00e1g\u00fcgyi hat\u00f3s\u00e1gn\u00e1l (GDPR 77. \u00e9s 78. cikk).<br>7.1 A hozz\u00e1f\u00e9r\u00e9si jog r\u00e9szletei<br>Az \u00c9rintett jogosult arra, hogy meger\u0151s\u00edt\u00e9st kapjon arr\u00f3l, hogy kezelik-e a r\u00e1 vonatkoz\u00f3 szem\u00e9lyes adatokat, hozz\u00e1f\u00e9rjen ezekhez az adatokhoz, megismerje az adatkezel\u00e9s c\u00e9lj\u00e1t, a kezelt adatok kateg\u00f3ri\u00e1it, az adatok c\u00edmzettjeit \u00e9s a t\u00e1rol\u00e1s id\u0151tartam\u00e1t.<br>7.2 A panaszjog r\u00e9szletei<br>Az \u00e9rintett panaszt ny\u00fajthat be az adatv\u00e9delmi hat\u00f3s\u00e1gn\u00e1l. Tov\u00e1bbi inform\u00e1ci\u00f3k a hivatalos honlapon tal\u00e1lhat\u00f3k: www.garanteprivacy.it.<\/p>\n<p>Az \u00c9rintett a jogok gyakorl\u00e1sa \u00e9s tov\u00e1bbi k\u00e9relmek beny\u00fajt\u00e1sa \u00e9rdek\u00e9ben az Adatkezel\u0151h\u00f6z \u00e9s az adatv\u00e9delmi tisztvisel\u0151h\u00f6z fordulhat az (1) bekezd\u00e9sben megadott el\u00e9rhet\u0151s\u00e9geken.<\/p>\n<p>T\u00c1J\u00c9KOZTAT\u00c1S A B\u00c9RL\u0150K SZEM\u00c9LYES ADATAINAK A B\u00c9RL\u0150K SZEM\u00c9LYES ADATAINAK A K\u00d6VETKEZ\u0150 CIKKEK SZERINTI FELDOLGOZ\u00c1S\u00c1R\u00d3L A 2016\/679 EUR\u00d3PAI UNI\u00d3S RENDELET (GDPR) 13. \u00c9S 14. CIKKE SZERINT<br>Ezzel a t\u00e1j\u00e9koztat\u00f3val az EU 2016\/679 rendelet (GDPR) 13. cikk\u00e9nek rendelkez\u00e9seivel \u00f6sszhangban t\u00e1j\u00e9koztatni k\u00edv\u00e1njuk \u00d6nt az EasyFlatSardinia \u00e1ltal szerz\u0151d\u00e9ses \u00e9s sz\u00e1mviteli c\u00e9lb\u00f3l megszerzett \u00e9s feldolgozott szem\u00e9lyes adatainak kezel\u00e9s\u00e9r\u0151l.<\/p>\n<p>1. ADATKEZEL\u0150<br>Az adatkezel\u0151 az EasyFlatSardinia, sz\u00e9khelye: Via Ungheria 7a, 09010 - Domus de Maria (CA), Olaszorsz\u00e1g, az ideiglenes t\u00f6rv\u00e9nyes k\u00e9pvisel\u0151 szem\u00e9ly\u00e9ben. A szem\u00e9lyes adatokkal kapcsolatos b\u00e1rmely ig\u00e9ny eset\u00e9n az Adatkezel\u0151vel kapcsolatba lehet l\u00e9pni:<br>- H\u00e9tk\u00f6znapi vagy aj\u00e1nlott lev\u00e9lben: a fent megadott sz\u00e9khelyen.<br>- E-mailben: info@easyflatsardinia.com<br>- A PEC-en kereszt\u00fcl: easyflatsardinia@pec.it<br>Az adatv\u00e9delmi tisztvisel\u0151 (DPO) Corrado Spada \u00far, aki a k\u00f6vetkez\u0151 e-mail c\u00edmen \u00e9rhet\u0151 el<br>info@easyflatsardinia.com.<\/p>\n<p>2. AZ ADATKEZEL\u00c9S T\u00c1RGY\u00c1T K\u00c9PEZ\u0150 SZEM\u00c9LYES ADATOK KATEG\u00d3RI\u00c1I<br>Az Adatkezel\u0151 az \u00c9rintettre vonatkoz\u00f3 szem\u00e9lyes adatok al\u00e1bbi kateg\u00f3ri\u00e1it kezeli, amelyeket a szerz\u0151d\u00e9ses kapcsolat t\u00e1rgyal\u00e1sa sor\u00e1n adtak meg vagy szereztek meg, vagy amelyeket az ingatlan tulajdonosa tov\u00e1bb\u00edtott az EasyFlatSardini\u00e1nak:<br>- Szem\u00e9lyazonos\u00edt\u00f3 adatok: keresztn\u00e9v, vezet\u00e9kn\u00e9v, ad\u00f3sz\u00e1m;<\/p>\n<p>- Kapcsolattart\u00e1si \u00e9s el\u00e9rhet\u0151s\u00e9gi adatok: e-mail c\u00edm, telefonsz\u00e1m, otthoni vagy m\u00e1s c\u00edm a k\u00f6vetkez\u0151 c\u00edmen<br>c\u00edm;<br>- Foglal\u00e1si sz\u00e1m;<br>- Fizet\u00e9si adatok: d\u00edjinform\u00e1ci\u00f3, bank- \u00e9s\/vagy hitelk\u00e1rtyaadatok,<br>az esetleges kauci\u00f3k \u00e9s garanci\u00e1k kezel\u00e9se;<br>- El\u00e9gedetts\u00e9gi adatok \u00e9s statisztik\u00e1k: inform\u00e1ci\u00f3k a szolg\u00e1ltat\u00e1sokkal val\u00f3 el\u00e9gedetts\u00e9g m\u00e9rt\u00e9k\u00e9r\u0151l<br>a kifizetett \u00f6sszegek, a tart\u00f3zkod\u00e1sra vonatkoz\u00f3 adatok \u00e9s a megk\u00f6t\u00f6tt szerz\u0151d\u00e9sek t\u00e1rgya.<\/p>\n<p>3. AZ ADATKEZEL\u00c9S C\u00c9LJA \u00c9S JOGALAPJA<br>A szem\u00e9lyes adatok feldolgoz\u00e1sa a k\u00f6vetkez\u0151 c\u00e9lokb\u00f3l t\u00f6rt\u00e9nik:<br>1. A szerz\u0151d\u00e9s megk\u00f6t\u00e9se \u00e9s teljes\u00edt\u00e9se: b\u00e9rleti szerz\u0151d\u00e9s, szolg\u00e1ltat\u00e1si szerz\u0151d\u00e9s \u00e9s az \u00e9rintett \u00e1ltal k\u00e9rt szerz\u0151d\u00e9sk\u00f6t\u00e9st megel\u0151z\u0151 int\u00e9zked\u00e9sek.<br>2. B\u00e9rleti d\u00edjak \u00e9s szolg\u00e1ltat\u00e1sok meghat\u00e1roz\u00e1sa \u00e9s kifizet\u00e9se: a tart\u00f3zkod\u00e1ssal kapcsolatos kifizet\u00e9sek kezel\u00e9se.<br>3. A jogi \u00e9s szerz\u0151d\u00e9ses k\u00f6telezetts\u00e9gek teljes\u00edt\u00e9se: bele\u00e9rtve a szerz\u0151d\u00e9ssel kapcsolatos ad\u00f3-, adminisztrat\u00edv \u00e9s biztos\u00edt\u00e1si k\u00f6telezetts\u00e9geket.<br>4. Levelez\u00e9skezel\u00e9s: a felek k\u00f6z\u00f6tti kommunik\u00e1ci\u00f3hoz.<br>5. Marketingtev\u00e9kenys\u00e9gek \u00e9s prom\u00f3ci\u00f3s anyagok k\u00fcld\u00e9se: automatiz\u00e1lt eszk\u00f6z\u00f6kkel (e-mail, SMS, alkalmaz\u00e1s, \u00fczenetk\u00fcld\u00e9s) \u00e9s hagyom\u00e1nyos eszk\u00f6z\u00f6kkel (telefonh\u00edv\u00e1s oper\u00e1torral, pap\u00edr alap\u00fa postai k\u00fcldem\u00e9ny).<br>6. El\u00e9gedetts\u00e9gi monitoring \u00e9s statisztikai kutat\u00e1s: interj\u00fak \u00e9s egy\u00e9b felder\u00edt\u00e9si eszk\u00f6z\u00f6k seg\u00edts\u00e9g\u00e9vel.<br>A szerz\u0151d\u00e9ses \u00e9s t\u00f6rv\u00e9nyes c\u00e9l\u00fa adatkezel\u00e9s jogalapja a szerz\u0151d\u00e9s teljes\u00edt\u00e9se \u00e9s a jogi k\u00f6telezetts\u00e9gek teljes\u00edt\u00e9se (GDPR 6. cikk (1) bekezd\u00e9s b) \u00e9s c) pont).<br>Marketing c\u00e9lokra \u00e9s prom\u00f3ci\u00f3s anyagok k\u00fcld\u00e9s\u00e9re a jogalap az Adatkezel\u0151 jogos \u00e9rdeke (GDPR 6. cikk (1) bekezd\u00e9s f) pont), kiv\u00e9ve, ha kifejezett hozz\u00e1j\u00e1rul\u00e1s sz\u00fcks\u00e9ges. A statisztikai kutat\u00e1si tev\u00e9kenys\u00e9gek jogalapja az \u00c9rintett hozz\u00e1j\u00e1rul\u00e1sa (GDPR 6. cikk (1) bekezd\u00e9s a) pont).<br>Az adatok megad\u00e1sa a szerz\u0151d\u00e9ses kapcsolat kezel\u00e9s\u00e9hez sz\u00fcks\u00e9ges, \u00e9s az adatszolg\u00e1ltat\u00e1s elmarad\u00e1sa megakad\u00e1lyozhatja a szerz\u0151d\u00e9s teljes\u00edt\u00e9s\u00e9t.<\/p>\n<p>4. KEZEL\u00c9SI M\u00d3DSZEREK<br>A szem\u00e9lyes adatok feldolgoz\u00e1sa a k\u00f6vetkez\u0151 elveknek megfelel\u0151en t\u00f6rt\u00e9nik:<br>- T\u00f6rv\u00e9nyess\u00e9g, tisztess\u00e9g \u00e9s \u00e1tl\u00e1that\u00f3s\u00e1g<br>- C\u00e9lkorl\u00e1toz\u00e1s<br>- Adatminimaliz\u00e1l\u00e1s<br>- Pontoss\u00e1g<br>- A meg\u0151rz\u00e9s korl\u00e1toz\u00e1sa<br>- Integrit\u00e1s \u00e9s bizalmass\u00e1g<br>Az adatok feldolgoz\u00e1sa pap\u00edralap\u00fa \u00e9s elektronikus eszk\u00f6z\u00f6kkel t\u00f6rt\u00e9nik, megfelel\u0151 biztons\u00e1gi int\u00e9zked\u00e9sek megt\u00e9tel\u00e9vel az adatok elveszt\u00e9s\u00e9nek vagy jogellenes felhaszn\u00e1l\u00e1s\u00e1nak megakad\u00e1lyoz\u00e1sa \u00e9rdek\u00e9ben. Az adatokat csak az erre felhatalmazott szem\u00e9lyzet dolgozza fel, akik k\u00fcl\u00f6n utas\u00edt\u00e1sokat kapnak.<\/p>\n<p>5. ADATMEG\u0150RZ\u00c9SI ID\u0150SZAK \u00c9S KRIT\u00c9RIUMOK<br>Az adatokat a szerz\u0151d\u00e9s teljes\u00edt\u00e9s\u00e9hez \u00e9s a jogi k\u00f6telezetts\u00e9gek teljes\u00edt\u00e9s\u00e9hez sz\u00fcks\u00e9ges ideig, a szerz\u0151d\u00e9s megk\u00f6t\u00e9s\u00e9t\u0151l sz\u00e1m\u00edtott legfeljebb 10 \u00e9vig \u0151rizz\u00fck meg, a t\u00f6rv\u00e9ny \u00e1ltal el\u0151\u00edrtak szerint. Marketing c\u00e9lokra az adatokat a szerz\u0151d\u00e9s megsz\u0171n\u00e9s\u00e9t k\u00f6vet\u0151 12 h\u00f3napig, vagy a szerz\u0151d\u00e9s visszavon\u00e1s\u00e1ig \u0151rizz\u00fck meg.<br>beleegyez\u00e9s. Az adatokat el\u00e9gedetts\u00e9gi \u00e9s kutat\u00e1si c\u00e9lokb\u00f3l a gy\u0171jt\u00e9st k\u00f6vet\u0151 12 h\u00f3napig t\u00e1roljuk.<\/p>\n<p>6. ADATK\u00d6ZL\u00c9S<br>A t\u00f6rv\u00e9ny \u00e1ltal el\u0151\u00edrt k\u00f6zl\u00e9seken k\u00edv\u00fcl az adatok a k\u00f6vetkez\u0151 szervezetekkel, mint adatfeldolgoz\u00f3kkal is k\u00f6z\u00f6lhet\u0151k:<br>- K\u00f6nyvel\u0151k, \u00fczleti tan\u00e1csad\u00f3k, ingatlank\u00f6zvet\u00edt\u0151k, karbantart\u00e1si \u00e9s m\u0171szaki t\u00e1mogat\u00e1si szolg\u00e1ltat\u00f3k, \u00fczleti szoftverszolg\u00e1ltat\u00f3k \u00e9s a szerz\u0151d\u00e9s teljes\u00edt\u00e9s\u00e9hez sz\u00fcks\u00e9ges munkat\u00e1rsak.<br>6.1 Adattov\u00e1bb\u00edt\u00e1s harmadik orsz\u00e1gokba<br>Az adatokat nem tov\u00e1bb\u00edtjuk az Eur\u00f3pai Gazdas\u00e1gi T\u00e9rs\u00e9gen (EGT) k\u00edv\u00fclre. Egyes szoftverszolg\u00e1ltat\u00f3k azonban az adatokat az EGT-n k\u00edv\u00fcl tal\u00e1lhat\u00f3 szerverekre tov\u00e1bb\u00edthatj\u00e1k, mik\u00f6zben a GDPR-nak megfelel\u0151 v\u00e9delmi int\u00e9zked\u00e9seket biztos\u00edtanak (Microsoft Corporation \u00e9s Google Ireland Limited).<\/p>\n<p>7. AZ \u00c9RINTETT JOGAI<br>Az \u00e9rintett a GDPR 15. \u00e9s azt k\u00f6vet\u0151 cikkei alapj\u00e1n b\u00e1rmikor gyakorolhatja az al\u00e1bbi jogokat:<br>- Hozz\u00e1f\u00e9r\u00e9s: meger\u0151s\u00edt\u00e9st kaphat a szem\u00e9lyes adatok feldolgoz\u00e1s\u00e1r\u00f3l \u00e9s hozz\u00e1f\u00e9rhet a szem\u00e9lyes adatokhoz (GDPR 15. cikk).<br>- Helyesb\u00edt\u00e9s: a pontatlan adatok helyesb\u00edt\u00e9s\u00e9nek k\u00e9r\u00e9se (GDPR 16. cikk)<br>- T\u00f6rl\u00e9s: az adatok t\u00f6rl\u00e9s\u00e9nek k\u00e9r\u00e9se (GDPR 17. cikk)<br>- Korl\u00e1toz\u00e1s: az adatkezel\u00e9s korl\u00e1toz\u00e1sa (GDPR 18. cikk)<br>- Hordozhat\u00f3s\u00e1g: az adatok struktur\u00e1lt, \u00e1ltal\u00e1nosan haszn\u00e1lt form\u00e1tumban t\u00f6rt\u00e9n\u0151 \u00e1tv\u00e9tele (GDPR 20. cikk).<br>- Ellenvet\u00e9s: tiltakoz\u00e1s az adatkezel\u00e9s ellen (GDPR 21. cikk)<br>- A hozz\u00e1j\u00e1rul\u00e1s visszavon\u00e1sa: az adatkezel\u00e9shez val\u00f3 hozz\u00e1j\u00e1rul\u00e1s visszavon\u00e1sa (GDPR 7. cikk)<br>Az \u00e9rintett panaszt ny\u00fajthat be az adatv\u00e9delmi hat\u00f3s\u00e1gn\u00e1l is.<br>(www.garanteprivacy.it) vagy az illet\u00e9kes igazs\u00e1g\u00fcgyi hat\u00f3s\u00e1ghoz fordulhat (GDPR 77. \u00e9s 78. cikk).<\/p>\t\t\t\t\t\t\t\t<\/div>\n\t\t\t\t<\/div>\n\t\t\t\t\t<\/div>\n\t\t\t\t<\/div>\n\t\t\t\t<\/div>","protected":false},"excerpt":{"rendered":"<p>INFORMATIVA SUL TRATTAMENTO DEI DATI PERSONALI PROPRIETARIai sensi degli artt. 13 e 14 del Regolamento UE 2016\/679 (GDPR)Con la presente informativa, ai sensi dell&#8217;art. 13 del Regolamento UE n. 2016\/679 (detto anche \u201cGDPR\u201d), desideriamo informarla in merito al trattamento dei suoi dati personali acquisiti e trattati durante l&#8217;interazione con il sito web www.easyflatsardinia.com.Nota: Per i &#8230;<\/p>","protected":false},"author":1,"featured_media":0,"parent":0,"menu_order":0,"comment_status":"closed","ping_status":"closed","template":"gdpr_terms.php","meta":{"inline_featured_image":false,"footnotes":""},"class_list":["post-35042","page","type-page","status-publish","hentry"],"yoast_head":"<!-- This site is optimized with the Yoast SEO plugin v24.4 - https:\/\/yoast.com\/wordpress\/plugins\/seo\/ -->\n<title>Ville e Case Vacanze nel Sud della Sardegna | Easy Flat Sardinia<\/title>\n<meta name=\"robots\" content=\"noindex, nofollow\" \/>\n<meta property=\"og:locale\" content=\"hu_HU\" \/>\n<meta property=\"og:type\" content=\"article\" \/>\n<meta property=\"og:title\" content=\"Ville e Case Vacanze nel Sud della Sardegna | Easy Flat Sardinia\" \/>\n<meta property=\"og:description\" content=\"INFORMATIVA SUL TRATTAMENTO DEI DATI PERSONALI PROPRIETARIai sensi degli artt. 13 e 14 del Regolamento UE 2016\/679 (GDPR)Con la presente informativa, ai sensi dell&#8217;art. 13 del Regolamento UE n. 2016\/679 (detto anche \u201cGDPR\u201d), desideriamo informarla in merito al trattamento dei suoi dati personali acquisiti e trattati durante l&#8217;interazione con il sito web www.easyflatsardinia.com.Nota: Per i ...\" \/>\n<meta property=\"og:url\" content=\"https:\/\/easyflatsardinia.com\/hu\/gdpr-terms-and-conditions\/\" \/>\n<meta property=\"og:site_name\" content=\"Easyflatsardinia\" \/>\n<meta property=\"article:modified_time\" content=\"2025-02-06T14:40:43+00:00\" \/>\n<meta name=\"twitter:card\" content=\"summary_large_image\" \/>\n<meta name=\"twitter:label1\" content=\"Becs\u00fclt olvas\u00e1si id\u0151\" \/>\n\t<meta name=\"twitter:data1\" content=\"10 perc\" \/>\n<script type=\"application\/ld+json\" class=\"yoast-schema-graph\">{\"@context\":\"https:\/\/schema.org\",\"@graph\":[{\"@type\":\"WebPage\",\"@id\":\"https:\/\/easyflatsardinia.com\/gdpr-terms-and-conditions\/\",\"url\":\"https:\/\/easyflatsardinia.com\/gdpr-terms-and-conditions\/\",\"name\":\"Ville e Case Vacanze nel Sud della Sardegna | Easy Flat Sardinia\",\"isPartOf\":{\"@id\":\"https:\/\/easyflatsardinia.com\/#website\"},\"datePublished\":\"2019-08-06T10:53:44+00:00\",\"dateModified\":\"2025-02-06T14:40:43+00:00\",\"breadcrumb\":{\"@id\":\"https:\/\/easyflatsardinia.com\/gdpr-terms-and-conditions\/#breadcrumb\"},\"inLanguage\":\"hu\",\"potentialAction\":[{\"@type\":\"ReadAction\",\"target\":[\"https:\/\/easyflatsardinia.com\/gdpr-terms-and-conditions\/\"]}]},{\"@type\":\"BreadcrumbList\",\"@id\":\"https:\/\/easyflatsardinia.com\/gdpr-terms-and-conditions\/#breadcrumb\",\"itemListElement\":[{\"@type\":\"ListItem\",\"position\":1,\"name\":\"Home\",\"item\":\"https:\/\/easyflatsardinia.com\/\"},{\"@type\":\"ListItem\",\"position\":2,\"name\":\"GDPR\"}]},{\"@type\":\"WebSite\",\"@id\":\"https:\/\/easyflatsardinia.com\/#website\",\"url\":\"https:\/\/easyflatsardinia.com\/\",\"name\":\"Easyflatsardinia\",\"description\":\"\",\"publisher\":{\"@id\":\"https:\/\/easyflatsardinia.com\/#organization\"},\"potentialAction\":[{\"@type\":\"SearchAction\",\"target\":{\"@type\":\"EntryPoint\",\"urlTemplate\":\"https:\/\/easyflatsardinia.com\/?s={search_term_string}\"},\"query-input\":{\"@type\":\"PropertyValueSpecification\",\"valueRequired\":true,\"valueName\":\"search_term_string\"}}],\"inLanguage\":\"hu\"},{\"@type\":\"Organization\",\"@id\":\"https:\/\/easyflatsardinia.com\/#organization\",\"name\":\"Easyflatsardinia\",\"url\":\"https:\/\/easyflatsardinia.com\/\",\"logo\":{\"@type\":\"ImageObject\",\"inLanguage\":\"hu\",\"@id\":\"https:\/\/easyflatsardinia.com\/#\/schema\/logo\/image\/\",\"url\":\"https:\/\/easyflatsardinia.com\/wp\/wp-content\/uploads\/2025\/01\/logo.png\",\"contentUrl\":\"https:\/\/easyflatsardinia.com\/wp\/wp-content\/uploads\/2025\/01\/logo.png\",\"width\":198,\"height\":60,\"caption\":\"Easyflatsardinia\"},\"image\":{\"@id\":\"https:\/\/easyflatsardinia.com\/#\/schema\/logo\/image\/\"}}]}<\/script>\n<!-- \/ Yoast SEO plugin. -->","yoast_head_json":{"title":"Ville e Case Vacanze nel Sud della Sardegna | Easy Flat Sardinia","robots":{"index":"noindex","follow":"nofollow"},"og_locale":"hu_HU","og_type":"article","og_title":"Ville e Case Vacanze nel Sud della Sardegna | Easy Flat Sardinia","og_description":"INFORMATIVA SUL TRATTAMENTO DEI DATI PERSONALI PROPRIETARIai sensi degli artt. 13 e 14 del Regolamento UE 2016\/679 (GDPR)Con la presente informativa, ai sensi dell&#8217;art. 13 del Regolamento UE n. 2016\/679 (detto anche \u201cGDPR\u201d), desideriamo informarla in merito al trattamento dei suoi dati personali acquisiti e trattati durante l&#8217;interazione con il sito web www.easyflatsardinia.com.Nota: Per i ...","og_url":"https:\/\/easyflatsardinia.com\/hu\/gdpr-terms-and-conditions\/","og_site_name":"Easyflatsardinia","article_modified_time":"2025-02-06T14:40:43+00:00","twitter_card":"summary_large_image","twitter_misc":{"Becs\u00fclt olvas\u00e1si id\u0151":"10 perc"},"schema":{"@context":"https:\/\/schema.org","@graph":[{"@type":"WebPage","@id":"https:\/\/easyflatsardinia.com\/gdpr-terms-and-conditions\/","url":"https:\/\/easyflatsardinia.com\/gdpr-terms-and-conditions\/","name":"Ville e Case Vacanze nel Sud della Sardegna | Easy Flat Sardinia","isPartOf":{"@id":"https:\/\/easyflatsardinia.com\/#website"},"datePublished":"2019-08-06T10:53:44+00:00","dateModified":"2025-02-06T14:40:43+00:00","breadcrumb":{"@id":"https:\/\/easyflatsardinia.com\/gdpr-terms-and-conditions\/#breadcrumb"},"inLanguage":"hu","potentialAction":[{"@type":"ReadAction","target":["https:\/\/easyflatsardinia.com\/gdpr-terms-and-conditions\/"]}]},{"@type":"BreadcrumbList","@id":"https:\/\/easyflatsardinia.com\/gdpr-terms-and-conditions\/#breadcrumb","itemListElement":[{"@type":"ListItem","position":1,"name":"Home","item":"https:\/\/easyflatsardinia.com\/"},{"@type":"ListItem","position":2,"name":"GDPR"}]},{"@type":"WebSite","@id":"https:\/\/easyflatsardinia.com\/#website","url":"https:\/\/easyflatsardinia.com\/","name":"Easyflatsardinia","description":"","publisher":{"@id":"https:\/\/easyflatsardinia.com\/#organization"},"potentialAction":[{"@type":"SearchAction","target":{"@type":"EntryPoint","urlTemplate":"https:\/\/easyflatsardinia.com\/?s={search_term_string}"},"query-input":{"@type":"PropertyValueSpecification","valueRequired":true,"valueName":"search_term_string"}}],"inLanguage":"hu"},{"@type":"Organization","@id":"https:\/\/easyflatsardinia.com\/#organization","name":"Easyflatsardinia","url":"https:\/\/easyflatsardinia.com\/","logo":{"@type":"ImageObject","inLanguage":"hu","@id":"https:\/\/easyflatsardinia.com\/#\/schema\/logo\/image\/","url":"https:\/\/easyflatsardinia.com\/wp\/wp-content\/uploads\/2025\/01\/logo.png","contentUrl":"https:\/\/easyflatsardinia.com\/wp\/wp-content\/uploads\/2025\/01\/logo.png","width":198,"height":60,"caption":"Easyflatsardinia"},"image":{"@id":"https:\/\/easyflatsardinia.com\/#\/schema\/logo\/image\/"}}]}},"_links":{"self":[{"href":"https:\/\/easyflatsardinia.com\/hu\/wp-json\/wp\/v2\/pages\/35042","targetHints":{"allow":["GET"]}}],"collection":[{"href":"https:\/\/easyflatsardinia.com\/hu\/wp-json\/wp\/v2\/pages"}],"about":[{"href":"https:\/\/easyflatsardinia.com\/hu\/wp-json\/wp\/v2\/types\/page"}],"author":[{"embeddable":true,"href":"https:\/\/easyflatsardinia.com\/hu\/wp-json\/wp\/v2\/users\/1"}],"replies":[{"embeddable":true,"href":"https:\/\/easyflatsardinia.com\/hu\/wp-json\/wp\/v2\/comments?post=35042"}],"version-history":[{"count":4,"href":"https:\/\/easyflatsardinia.com\/hu\/wp-json\/wp\/v2\/pages\/35042\/revisions"}],"predecessor-version":[{"id":44257,"href":"https:\/\/easyflatsardinia.com\/hu\/wp-json\/wp\/v2\/pages\/35042\/revisions\/44257"}],"wp:attachment":[{"href":"https:\/\/easyflatsardinia.com\/hu\/wp-json\/wp\/v2\/media?parent=35042"}],"curies":[{"name":"wp","href":"https:\/\/api.w.org\/{rel}","templated":true}]}}