{"id":44209,"date":"2025-02-05T08:08:54","date_gmt":"2025-02-05T08:08:54","guid":{"rendered":"https:\/\/easyflatsardinia.com\/?page_id=44209"},"modified":"2025-02-06T14:36:04","modified_gmt":"2025-02-06T14:36:04","slug":"cookies","status":"publish","type":"page","link":"https:\/\/easyflatsardinia.com\/fr\/cookies\/","title":{"rendered":"Cookies"},"content":{"rendered":"<div data-elementor-type=\"wp-page\" data-elementor-id=\"44209\" class=\"elementor elementor-44209\" data-elementor-post-type=\"page\">\n\t\t\t\t<div class=\"elementor-element elementor-element-2712ee62 e-flex e-con-boxed e-con e-parent\" data-id=\"2712ee62\" data-element_type=\"container\">\n\t\t\t\t\t<div class=\"e-con-inner\">\n\t\t\t\t<div class=\"elementor-element elementor-element-7cd15b63 elementor-widget elementor-widget-text-editor\" data-id=\"7cd15b63\" data-element_type=\"widget\" data-widget_type=\"text-editor.default\">\n\t\t\t\t<div class=\"elementor-widget-container\">\n\t\t\t\t\t\t\t\t\t<h2><b>Politique en mati\u00e8re de cookies et de technologies de suivi<\/b><\/h2>\n<p style=\"text-align: left;\">Ce document d\u00e9crit les technologies utilis\u00e9es par <b>EasyFlatSardinia<\/b> pour atteindre les objectifs \u00e9nonc\u00e9s ci-dessous. Ces technologies nous permettent de collecter et de stocker des informations (par exemple au moyen de cookies) ou d'utiliser des ressources (par exemple en ex\u00e9cutant des scripts) sur votre appareil lorsque vous interagissez avec notre site web. Par souci de commodit\u00e9, nous d\u00e9signerons toutes ces technologies dans le pr\u00e9sent document par le terme \"outils de suivi\", sauf indication contraire.<\/p>\n<h2><b>Types d'outils de suivi<\/b><\/h2>\n<p style=\"text-align: left;\"><b>Cookies<\/b> <b>e<\/b> <b>Outils<\/b> <b>par<\/b> <b>Suivi<\/b> sont utilis\u00e9es \u00e0 diverses fins, dont certaines peuvent n\u00e9cessiter le consentement de l'utilisateur. Si le consentement est donn\u00e9, il peut \u00eatre r\u00e9voqu\u00e9 \u00e0 tout moment en suivant les instructions figurant dans le pr\u00e9sent document.<\/p>\n<p style=\"text-align: left;\"><b>EasyFlatSardinia<\/b> utilise \u00e0 la fois des outils de suivi de premi\u00e8re partie (exploit\u00e9s directement par le propri\u00e9taire) et des outils de suivi de tierce partie (exploit\u00e9s par des parties externes, telles que des services de publicit\u00e9).<\/p>\n<h2><b>Dur\u00e9e et expiration des cookies<\/b><\/h2>\n<p>Les cookies et autres outils de tra\u00e7age peuvent avoir des dur\u00e9es et des dates d'expiration variables, d\u00e9termin\u00e9es \u00e0 la fois par le propri\u00e9taire et le fournisseur de services externes. Certains expirent \u00e0 la fin de la session de navigation. Pour plus de d\u00e9tails sur la dur\u00e9e et d'autres informations, les utilisateurs peuvent consulter la politique de confidentialit\u00e9.<br>des prestataires de services externes respectifs.<\/p>\n<h2><b>Utilisation des outils de suivi<\/b><\/h2>\n<p><!-- \/wp:paragraph --><\/p>\n<p><!-- wp:list --><\/p>\n<ul>\n<li style=\"list-style-type: none;\">\n<ul><!-- wp:list-item --><\/ul>\n<\/li>\n<\/ul>\n<ul>\n<li style=\"list-style-type: none;\">\n<ul>\n<li><b>Outils<\/b> <b>n\u00e9cessaire<\/b>Ces outils sont essentiels au bon fonctionnement du site et \u00e0 la fourniture des services demand\u00e9s.<\/li>\n<li><b>Exp\u00e9rience<\/b> <b>utilisateur<\/b>Nous utilisons des outils de suivi pour am\u00e9liorer la navigation et l'interaction avec le contenu, les plateformes et les r\u00e9seaux externes.<\/li>\n<li><b>Mesures<\/b>Les outils de suivi sont utilis\u00e9s pour analyser le comportement des utilisateurs sur le site et am\u00e9liorer ainsi nos services.<\/li>\n<li><b>Marketing : <\/b>Nous utilisons des outils pour offrir un contenu publicitaire personnalis\u00e9 et pour contr\u00f4ler la performance des campagnes publicitaires.<span style=\"text-align: var(--text-align);\">&nbsp;<\/span><\/li>\n<\/ul>\n<\/li>\n<\/ul>\n<h2><b>Comment g\u00e9rer ses pr\u00e9f\u00e9rences et retirer son consentement ?<\/b><\/h2>\n<p>Si l'utilisation de cookies est bas\u00e9e sur le consentement, l'utilisateur peut modifier ou r\u00e9voquer son consentement \u00e0 tout moment en acc\u00e9dant au panneau des pr\u00e9f\u00e9rences en mati\u00e8re de protection de la vie priv\u00e9e disponible sur le site.<\/p>\n<p>Les utilisateurs peuvent \u00e9galement g\u00e9rer leurs consentements concernant les cookies de tiers directement dans leurs liens d'exclusion, par le biais des outils d\u00e9crits dans leurs politiques de confidentialit\u00e9 ou en contactant directement les fournisseurs.<\/p>\n<h2><strong>Contr\u00f4le et suppression des cookies<\/strong><\/h2>\n<p>Les utilisateurs peuvent contr\u00f4ler ou supprimer les cookies et autres technologies similaires via les param\u00e8tres de leur navigateur. Vous trouverez ci-dessous des liens expliquant comment g\u00e9rer les cookies dans les navigateurs les plus courants :<\/p>\n<p><!-- \/wp:list-item --><\/p>\n<p><!-- wp:list-item --><\/p>\n<p><!-- \/wp:list-item --><\/p>\n<p><!-- wp:list-item --><\/p>\n<p><!-- \/wp:list-item --><\/p>\n<p><!-- wp:list-item --><\/p>\n<p><!-- \/wp:list-item --><\/p>\n<p><!-- wp:list-item --><\/p>\n<ul>\n<li style=\"list-style-type: none;\">\n<ul>\n<li>Google Chrome<\/li>\n<li>Mozilla Firefox<\/li>\n<li>Apple Safari<\/li>\n<li>Microsoft Internet Explorer<\/li>\n<li>Microsoft Edge<\/li>\n<li>Courageux<\/li>\n<li>Op\u00e9ra<\/li>\n<\/ul>\n<\/li>\n<\/ul>\n<p>En outre, les utilisateurs d'appareils mobiles peuvent d\u00e9sactiver le suivi via les param\u00e8tres de publicit\u00e9 et de suivi de leur appareil.<\/p>\n<h2><b>D\u00e9sactiver la publicit\u00e9 personnalis\u00e9e<\/b><\/h2>\n<p>Les utilisateurs ont la possibilit\u00e9 de g\u00e9rer la publicit\u00e9 personnalis\u00e9e par l'interm\u00e9diaire des services suivants <b>Vos choix en ligne<\/b> (UE et Royaume-Uni), <b>R\u00e9seau<\/b> <b>Publicit\u00e9<\/b> <b>L'initiative<\/b> (\u00c9TATS-UNIS), <b>Num\u00e9rique<\/b> <b>Alliance pour la publicit\u00e9<\/b> (\u00c9TATS-UNIS), <b>DAAC<\/b> (Canada), <b>DDAI<\/b> (Japon) ou similaire. Ces services vous permettent de g\u00e9rer vos pr\u00e9f\u00e9rences en mati\u00e8re d'outils publicitaires. En outre, le <b>Num\u00e9rique<\/b> <b>Publicit\u00e9<\/b> <b>Alliance<\/b> propose l'application AppChoices pour g\u00e9rer la publicit\u00e9 comportementale dans les applications mobiles.<\/p>\n<h2><b>Cons\u00e9quences du refus d'utiliser des cookies<\/b><\/h2>\n<p>Les utilisateurs sont libres d'accepter ou de refuser l'utilisation d'outils de suivi. Toutefois, en refusant les cookies, ils risquent de ne pas pouvoir profiter pleinement des fonctionnalit\u00e9s du site web et d'une exp\u00e9rience optimis\u00e9e.&nbsp;<\/p>\n<h2><br>Contr\u00f4leur des donn\u00e9es<br><\/h2>\n<p>Le responsable du traitement des donn\u00e9es est <b>EasyFlatSardinia<\/b> par <b>L'\u00e9p\u00e9e<\/b> <b>Corrado<\/b>dont le si\u00e8ge est situ\u00e9 Via Ungheria 7a - 090100 Domus de Maria (Italie). Pour toute question ou demande concernant vos donn\u00e9es personnelles, vous pouvez contacter le responsable du traitement \u00e0 l'adresse \u00e9lectronique suivante <b>info@easyflatsardinia.com<\/b>. L'utilisation d'outils de suivi par des tiers n'\u00e9tant pas enti\u00e8rement sous notre contr\u00f4le, nous encourageons les utilisateurs \u00e0 consulter leurs politiques de confidentialit\u00e9 respectives pour obtenir des informations plus d\u00e9taill\u00e9es sur la mani\u00e8re dont ces outils sont g\u00e9r\u00e9s.<\/p>\t\t\t\t\t\t\t\t<\/div>\n\t\t\t\t<\/div>\n\t\t\t\t\t<\/div>\n\t\t\t\t<\/div>\n\t\t\t\t<\/div>","protected":false},"excerpt":{"rendered":"<p>Politica sui Cookie e Tecnologie di Tracciamento Questo documento descrive le tecnologie utilizzate da EasyFlatSardinia per raggiungere gli obiettivi indicati di seguito. Queste tecnologie permettono di raccogliere e memorizzare informazioni (ad esempio tramite i cookie) o di utilizzare risorse (ad esempio eseguendo script) sul dispositivo dell&#8217;utente, quando questi interagisce con il nostro sito web. Per &#8230;<\/p>","protected":false},"author":1,"featured_media":0,"parent":0,"menu_order":0,"comment_status":"closed","ping_status":"closed","template":"terms_conditions.php","meta":{"inline_featured_image":false,"footnotes":""},"class_list":["post-44209","page","type-page","status-publish","hentry"],"yoast_head":"<!-- This site is optimized with the Yoast SEO plugin v24.4 - https:\/\/yoast.com\/wordpress\/plugins\/seo\/ -->\n<title>Ville e Case Vacanze nel Sud della Sardegna | Easy Flat Sardinia<\/title>\n<meta name=\"robots\" content=\"noindex, nofollow\" \/>\n<meta property=\"og:locale\" content=\"fr_FR\" \/>\n<meta property=\"og:type\" content=\"article\" \/>\n<meta property=\"og:title\" content=\"Ville e Case Vacanze nel Sud della Sardegna | Easy Flat Sardinia\" \/>\n<meta property=\"og:description\" content=\"Politica sui Cookie e Tecnologie di Tracciamento Questo documento descrive le tecnologie utilizzate da EasyFlatSardinia per raggiungere gli obiettivi indicati di seguito. Queste tecnologie permettono di raccogliere e memorizzare informazioni (ad esempio tramite i cookie) o di utilizzare risorse (ad esempio eseguendo script) sul dispositivo dell&#8217;utente, quando questi interagisce con il nostro sito web. Per ...\" \/>\n<meta property=\"og:url\" content=\"https:\/\/easyflatsardinia.com\/fr\/cookies\/\" \/>\n<meta property=\"og:site_name\" content=\"Easyflatsardinia\" \/>\n<meta property=\"article:modified_time\" content=\"2025-02-06T14:36:04+00:00\" \/>\n<meta name=\"twitter:card\" content=\"summary_large_image\" \/>\n<meta name=\"twitter:label1\" content=\"Dur\u00e9e de lecture estim\u00e9e\" \/>\n\t<meta name=\"twitter:data1\" content=\"4 minutes\" \/>\n<script type=\"application\/ld+json\" class=\"yoast-schema-graph\">{\"@context\":\"https:\/\/schema.org\",\"@graph\":[{\"@type\":\"WebPage\",\"@id\":\"https:\/\/easyflatsardinia.com\/cookies\/\",\"url\":\"https:\/\/easyflatsardinia.com\/cookies\/\",\"name\":\"Ville e Case Vacanze nel Sud della Sardegna | Easy Flat Sardinia\",\"isPartOf\":{\"@id\":\"https:\/\/easyflatsardinia.com\/#website\"},\"datePublished\":\"2025-02-05T08:08:54+00:00\",\"dateModified\":\"2025-02-06T14:36:04+00:00\",\"breadcrumb\":{\"@id\":\"https:\/\/easyflatsardinia.com\/cookies\/#breadcrumb\"},\"inLanguage\":\"fr-FR\",\"potentialAction\":[{\"@type\":\"ReadAction\",\"target\":[\"https:\/\/easyflatsardinia.com\/cookies\/\"]}]},{\"@type\":\"BreadcrumbList\",\"@id\":\"https:\/\/easyflatsardinia.com\/cookies\/#breadcrumb\",\"itemListElement\":[{\"@type\":\"ListItem\",\"position\":1,\"name\":\"Home\",\"item\":\"https:\/\/easyflatsardinia.com\/\"},{\"@type\":\"ListItem\",\"position\":2,\"name\":\"Cookies\"}]},{\"@type\":\"WebSite\",\"@id\":\"https:\/\/easyflatsardinia.com\/#website\",\"url\":\"https:\/\/easyflatsardinia.com\/\",\"name\":\"Easyflatsardinia\",\"description\":\"\",\"publisher\":{\"@id\":\"https:\/\/easyflatsardinia.com\/#organization\"},\"potentialAction\":[{\"@type\":\"SearchAction\",\"target\":{\"@type\":\"EntryPoint\",\"urlTemplate\":\"https:\/\/easyflatsardinia.com\/?s={search_term_string}\"},\"query-input\":{\"@type\":\"PropertyValueSpecification\",\"valueRequired\":true,\"valueName\":\"search_term_string\"}}],\"inLanguage\":\"fr-FR\"},{\"@type\":\"Organization\",\"@id\":\"https:\/\/easyflatsardinia.com\/#organization\",\"name\":\"Easyflatsardinia\",\"url\":\"https:\/\/easyflatsardinia.com\/\",\"logo\":{\"@type\":\"ImageObject\",\"inLanguage\":\"fr-FR\",\"@id\":\"https:\/\/easyflatsardinia.com\/#\/schema\/logo\/image\/\",\"url\":\"https:\/\/easyflatsardinia.com\/wp\/wp-content\/uploads\/2025\/01\/logo.png\",\"contentUrl\":\"https:\/\/easyflatsardinia.com\/wp\/wp-content\/uploads\/2025\/01\/logo.png\",\"width\":198,\"height\":60,\"caption\":\"Easyflatsardinia\"},\"image\":{\"@id\":\"https:\/\/easyflatsardinia.com\/#\/schema\/logo\/image\/\"}}]}<\/script>\n<!-- \/ Yoast SEO plugin. -->","yoast_head_json":{"title":"Ville e Case Vacanze nel Sud della Sardegna | Easy Flat Sardinia","robots":{"index":"noindex","follow":"nofollow"},"og_locale":"fr_FR","og_type":"article","og_title":"Ville e Case Vacanze nel Sud della Sardegna | Easy Flat Sardinia","og_description":"Politica sui Cookie e Tecnologie di Tracciamento Questo documento descrive le tecnologie utilizzate da EasyFlatSardinia per raggiungere gli obiettivi indicati di seguito. Queste tecnologie permettono di raccogliere e memorizzare informazioni (ad esempio tramite i cookie) o di utilizzare risorse (ad esempio eseguendo script) sul dispositivo dell&#8217;utente, quando questi interagisce con il nostro sito web. Per ...","og_url":"https:\/\/easyflatsardinia.com\/fr\/cookies\/","og_site_name":"Easyflatsardinia","article_modified_time":"2025-02-06T14:36:04+00:00","twitter_card":"summary_large_image","twitter_misc":{"Dur\u00e9e de lecture estim\u00e9e":"4 minutes"},"schema":{"@context":"https:\/\/schema.org","@graph":[{"@type":"WebPage","@id":"https:\/\/easyflatsardinia.com\/cookies\/","url":"https:\/\/easyflatsardinia.com\/cookies\/","name":"Ville e Case Vacanze nel Sud della Sardegna | Easy Flat Sardinia","isPartOf":{"@id":"https:\/\/easyflatsardinia.com\/#website"},"datePublished":"2025-02-05T08:08:54+00:00","dateModified":"2025-02-06T14:36:04+00:00","breadcrumb":{"@id":"https:\/\/easyflatsardinia.com\/cookies\/#breadcrumb"},"inLanguage":"fr-FR","potentialAction":[{"@type":"ReadAction","target":["https:\/\/easyflatsardinia.com\/cookies\/"]}]},{"@type":"BreadcrumbList","@id":"https:\/\/easyflatsardinia.com\/cookies\/#breadcrumb","itemListElement":[{"@type":"ListItem","position":1,"name":"Home","item":"https:\/\/easyflatsardinia.com\/"},{"@type":"ListItem","position":2,"name":"Cookies"}]},{"@type":"WebSite","@id":"https:\/\/easyflatsardinia.com\/#website","url":"https:\/\/easyflatsardinia.com\/","name":"Easyflatsardinia","description":"","publisher":{"@id":"https:\/\/easyflatsardinia.com\/#organization"},"potentialAction":[{"@type":"SearchAction","target":{"@type":"EntryPoint","urlTemplate":"https:\/\/easyflatsardinia.com\/?s={search_term_string}"},"query-input":{"@type":"PropertyValueSpecification","valueRequired":true,"valueName":"search_term_string"}}],"inLanguage":"fr-FR"},{"@type":"Organization","@id":"https:\/\/easyflatsardinia.com\/#organization","name":"Easyflatsardinia","url":"https:\/\/easyflatsardinia.com\/","logo":{"@type":"ImageObject","inLanguage":"fr-FR","@id":"https:\/\/easyflatsardinia.com\/#\/schema\/logo\/image\/","url":"https:\/\/easyflatsardinia.com\/wp\/wp-content\/uploads\/2025\/01\/logo.png","contentUrl":"https:\/\/easyflatsardinia.com\/wp\/wp-content\/uploads\/2025\/01\/logo.png","width":198,"height":60,"caption":"Easyflatsardinia"},"image":{"@id":"https:\/\/easyflatsardinia.com\/#\/schema\/logo\/image\/"}}]}},"_links":{"self":[{"href":"https:\/\/easyflatsardinia.com\/fr\/wp-json\/wp\/v2\/pages\/44209","targetHints":{"allow":["GET"]}}],"collection":[{"href":"https:\/\/easyflatsardinia.com\/fr\/wp-json\/wp\/v2\/pages"}],"about":[{"href":"https:\/\/easyflatsardinia.com\/fr\/wp-json\/wp\/v2\/types\/page"}],"author":[{"embeddable":true,"href":"https:\/\/easyflatsardinia.com\/fr\/wp-json\/wp\/v2\/users\/1"}],"replies":[{"embeddable":true,"href":"https:\/\/easyflatsardinia.com\/fr\/wp-json\/wp\/v2\/comments?post=44209"}],"version-history":[{"count":20,"href":"https:\/\/easyflatsardinia.com\/fr\/wp-json\/wp\/v2\/pages\/44209\/revisions"}],"predecessor-version":[{"id":44232,"href":"https:\/\/easyflatsardinia.com\/fr\/wp-json\/wp\/v2\/pages\/44209\/revisions\/44232"}],"wp:attachment":[{"href":"https:\/\/easyflatsardinia.com\/fr\/wp-json\/wp\/v2\/media?parent=44209"}],"curies":[{"name":"wp","href":"https:\/\/api.w.org\/{rel}","templated":true}]}}