{"id":35042,"date":"2019-08-06T10:53:44","date_gmt":"2019-08-06T10:53:44","guid":{"rendered":"https:\/\/main.wprentals.org\/?page_id=35042"},"modified":"2025-02-06T14:40:43","modified_gmt":"2025-02-06T14:40:43","slug":"gdpr-terms-and-conditions","status":"publish","type":"page","link":"https:\/\/easyflatsardinia.com\/fr\/gdpr-terms-and-conditions\/","title":{"rendered":"GDPR"},"content":{"rendered":"<div data-elementor-type=\"wp-page\" data-elementor-id=\"35042\" class=\"elementor elementor-35042\" data-elementor-post-type=\"page\">\n\t\t\t\t<div class=\"elementor-element elementor-element-6688c2b6 e-flex e-con-boxed e-con e-parent\" data-id=\"6688c2b6\" data-element_type=\"container\">\n\t\t\t\t\t<div class=\"e-con-inner\">\n\t\t\t\t<div class=\"elementor-element elementor-element-2d5596ce elementor-widget elementor-widget-text-editor\" data-id=\"2d5596ce\" data-element_type=\"widget\" data-widget_type=\"text-editor.default\">\n\t\t\t\t<div class=\"elementor-widget-container\">\n\t\t\t\t\t\t\t\t\t<p>INFORMATIONS SUR LE TRAITEMENT DES DONN\u00c9ES \u00c0 CARACT\u00c8RE PERSONNEL PROPRI\u00c9TAIRES<br>Conform\u00e9ment aux articles 13 et 14 du r\u00e8glement (UE) 2016\/679 (GDPR)<br>Par le pr\u00e9sent avis, conform\u00e9ment \u00e0 l'article 13 du r\u00e8glement de l'UE n\u00b0 2016\/679 (\u00e9galement appel\u00e9 \" GDPR \"), nous souhaitons vous informer du traitement de vos donn\u00e9es \u00e0 caract\u00e8re personnel acquises et trait\u00e9es lors de votre interaction avec le site web www.easyflatsardinia.com.<br>Note : Pour les traitements li\u00e9s \u00e0 la r\u00e9servation de s\u00e9jours via le lien \"R\u00e9server\", veuillez vous r\u00e9f\u00e9rer aux informations destin\u00e9es aux locataires au bas de la page.<br>Il est \u00e9galement fait r\u00e9f\u00e9rence \u00e0 la politique en mati\u00e8re de cookies disponible sur le site web pour des informations sp\u00e9cifiques sur le traitement des donn\u00e9es de navigation de la personne concern\u00e9e. En particulier, l'utilisation de cookies vise \u00e0 am\u00e9liorer la fonctionnalit\u00e9 et la qualit\u00e9 du site, sur la base de l'int\u00e9r\u00eat l\u00e9gitime de la Commission europ\u00e9enne.<br>Le responsable du traitement, \u00e0 l'exception des cookies qui requi\u00e8rent le consentement explicite de la personne concern\u00e9e. Les tiers qui fournissent des cookies sont consid\u00e9r\u00e9s comme des responsables externes du traitement des donn\u00e9es et doivent fournir des informations d\u00e9taill\u00e9es \u00e0 cet \u00e9gard.<\/p>\n<p>1. RESPONSABLE DU TRAITEMENT DES DONN\u00c9ES<br>Le responsable du traitement des donn\u00e9es est EasyFlatSardinia, dont le si\u00e8ge social est situ\u00e9 Via Ungheria n. 7a, 09010 - Domus de Maria (SU), Italie, repr\u00e9sent\u00e9e par son repr\u00e9sentant l\u00e9gal pro tempore. Pour toute demande relative aux donn\u00e9es personnelles, le responsable du traitement peut \u00eatre contact\u00e9 :<br>- Courrier ordinaire : au si\u00e8ge social indiqu\u00e9 ci-dessus<br>- Courriel : info@easyflatsardinia.com<br>- PEC : easyflatsardinia@pec.it<br>Le d\u00e9l\u00e9gu\u00e9 \u00e0 la protection des donn\u00e9es personnelles (DPD) est M. Spada Corrado, qui peut \u00eatre contact\u00e9 par courrier \u00e9lectronique \u00e0 l'adresse info@easyflatsardinia.com.<\/p>\n<p>2. CAT\u00c9GORIES DE DONN\u00c9ES \u00c0 CARACT\u00c8RE PERSONNEL FAISANT L'OBJET D'UN TRAITEMENT<br>Le responsable du traitement traite les cat\u00e9gories suivantes de donn\u00e9es \u00e0 caract\u00e8re personnel relatives \u00e0 la personne concern\u00e9e, qui sont fournies ou obtenues par le biais des formulaires figurant sur le site web www.easyflatsardinia.com aux liens \"Contact\", \"Demande\" et \"Demande d'informations\".<br>R\u00e9servez maintenant\" :<br>- Donn\u00e9es d'identification : pr\u00e9nom et nom<br>- Donn\u00e9es de contact : adresse \u00e9lectronique et num\u00e9ro de t\u00e9l\u00e9phone<br>- Autres donn\u00e9es : toute information contenue dans le message envoy\u00e9 par la personne concern\u00e9e<\/p>\n<p>3. FINALIT\u00c9 DU TRAITEMENT ET BASE JURIDIQUE<br>Les donn\u00e9es \u00e0 caract\u00e8re personnel sont trait\u00e9es aux fins suivantes :<br>- r\u00e9pondre aux demandes et aux communications envoy\u00e9es par la personne concern\u00e9e via le site web.<br>La base juridique du traitement de ces donn\u00e9es est le consentement libre et \u00e9clair\u00e9 de la personne concern\u00e9e, qui se manifeste dans la demande de retour d'information adress\u00e9e au responsable du traitement. La fourniture des donn\u00e9es est n\u00e9cessaire pour pouvoir r\u00e9pondre aux demandes. Le refus de fournir les donn\u00e9es peut entra\u00eener l'impossibilit\u00e9 d'y r\u00e9pondre.<\/p>\n<p>4. LES M\u00c9THODES DE TRAITEMENT<br>Les donn\u00e9es \u00e0 caract\u00e8re personnel seront trait\u00e9es conform\u00e9ment aux principes suivants :<br>- Confidentialit\u00e9<br>- La r\u00e9gularit\u00e9<br>- N\u00e9cessit\u00e9<br>- Pertinence<br>- L\u00e9galit\u00e9<br>- Transparence<br>Le traitement sera effectu\u00e9 \u00e0 l'aide d'instruments \u00e9lectroniques et sur papier, conform\u00e9ment \u00e0 la l\u00e9gislation en vigueur. Des mesures de s\u00e9curit\u00e9 appropri\u00e9es seront prises pour pr\u00e9venir la perte de donn\u00e9es, le traitement ill\u00e9gal ou non autoris\u00e9 et l'acc\u00e8s non autoris\u00e9. Les donn\u00e9es ne seront trait\u00e9es que par le personnel<br>autoris\u00e9 par le contr\u00f4leur, qui recevra des instructions sp\u00e9cifiques \u00e0 cet \u00e9gard.<\/p>\n<p>5. LA DUR\u00c9E DU TRAITEMENT<br>Les donn\u00e9es personnelles sont conserv\u00e9es pendant une p\u00e9riode maximale d'un an \u00e0 compter de leur collecte. Cette p\u00e9riode peut \u00eatre prolong\u00e9e pour traiter d'\u00e9ventuels litiges ou en cas de d\u00e9rogation pr\u00e9vue par la r\u00e9glementation italienne ou europ\u00e9enne.<\/p>\n<p>6. LA COMMUNICATION DE DONN\u00c9ES<br>Outre les communications requises par la loi ou demand\u00e9es par les autorit\u00e9s comp\u00e9tentes, les donn\u00e9es personnelles collect\u00e9es peuvent \u00eatre communiqu\u00e9es aux entit\u00e9s suivantes, d\u00e9sign\u00e9es comme responsables externes du traitement des donn\u00e9es :<br>- Conseillers d'entreprise<br>- Entreprises assurant la maintenance ou l'assistance des plates-formes ou des applications<br>- Sp\u00e9cialistes des syst\u00e8mes informatiques et des appareils \u00e9lectroniques d'entreprise<br>- Fournisseurs de logiciels d'entreprise et de gestion<br>- Fournisseurs de services de communication (par exemple, courrier \u00e9lectronique)<br>Les donn\u00e9es relatives aux communications entre la personne concern\u00e9e et le contr\u00f4leur des donn\u00e9es peuvent \u00eatre partag\u00e9es avec les courtiers immobiliers qui collaborent avec EasyFlatSardinia.<\/p>\n<p>6.1. TRANSFERTS VERS LES PAYS TIERS<br>Le contr\u00f4leur des donn\u00e9es ne pr\u00e9voit pas le transfert de donn\u00e9es personnelles en dehors de l'Union europ\u00e9enne, mais certaines donn\u00e9es peuvent transiter sur des serveurs situ\u00e9s en dehors de l'Espace \u00e9conomique europ\u00e9en (EEE) du fait des fournisseurs de logiciels et de services de communication. Les fournisseurs de services, tels que Microsoft Corporation et Google Ireland Limited, adh\u00e8rent au cadre de protection des donn\u00e9es et prennent des mesures de protection appropri\u00e9es.<br>Pour plus de d\u00e9tails, veuillez vous r\u00e9f\u00e9rer aux informations suivantes sur les fournisseurs :<br>- Microsoft : D\u00e9claration de confidentialit\u00e9<br>- Google : R\u00e8gles de confidentialit\u00e9<\/p>\n<p>7. DROITS DE LA PERSONNE CONCERN\u00c9E<br>Conform\u00e9ment aux articles 15 et suivants du GDPR, la personne concern\u00e9e a le droit de :<br>- Acc\u00e8s \u00e0 ses propres donn\u00e9es (Art. 15 GDPR)<\/p>\n<p>- Rectification de ses propres donn\u00e9es (article 16 du RGPD)<br>- Supprimer vos donn\u00e9es (Art. 17 GDPR)<br>- Limiter le traitement (Art. 18 GDPR)<br>- Portabilit\u00e9 des donn\u00e9es (article 20 du RGPD)<br>- S'opposer au traitement (art. 21 GDPR)<br>- Retirer le consentement (si le traitement est effectu\u00e9 sur la base du consentement) sans affecter la l\u00e9galit\u00e9 du traitement pr\u00e9c\u00e9dent (article 7, paragraphe 3, du RGPD).<br>- D\u00e9poser une plainte aupr\u00e8s de l'autorit\u00e9 charg\u00e9e de la protection des donn\u00e9es ou faire appel aupr\u00e8s de l'autorit\u00e9 judiciaire comp\u00e9tente (articles 77 et 78 du RGPD).<br>7.1 Modalit\u00e9s du droit d'acc\u00e8s<br>La personne concern\u00e9e a le droit d'obtenir la confirmation que des donn\u00e9es \u00e0 caract\u00e8re personnel la concernant sont ou ne sont pas trait\u00e9es, d'acc\u00e9der \u00e0 ces donn\u00e9es, de conna\u00eetre les finalit\u00e9s du traitement, les cat\u00e9gories de donn\u00e9es trait\u00e9es, les destinataires des donn\u00e9es et la dur\u00e9e de conservation.<br>7.2 D\u00e9tails du droit de plainte<br>La personne concern\u00e9e peut d\u00e9poser une plainte aupr\u00e8s de l'autorit\u00e9 charg\u00e9e de la protection des donn\u00e9es. De plus amples informations sont disponibles sur le site officiel : www.garanteprivacy.it.<\/p>\n<p>Pour l'exercice de ses droits et pour toute autre demande, la personne concern\u00e9e peut contacter le responsable du traitement des donn\u00e9es et le d\u00e9l\u00e9gu\u00e9 \u00e0 la protection des donn\u00e9es aux coordonn\u00e9es indiqu\u00e9es au paragraphe 1.<\/p>\n<p>INFORMATION SUR LE TRAITEMENT DES DONN\u00c9ES PERSONNELLES DES LOCATAIRES EN VERTU DES ARTICLES 13 ET 14 DU R\u00c8GLEMENT EUROP\u00c9EN 2016\/679 (GDPR)<br>Par le pr\u00e9sent avis, conform\u00e9ment aux dispositions de l'article 13 du R\u00e8glement UE n\u00b0 2016\/679 (GDPR), nous souhaitons vous informer sur le traitement de vos donn\u00e9es personnelles acquises et trait\u00e9es par EasyFlatSardinia \u00e0 des fins contractuelles et comptables.<\/p>\n<p>1. RESPONSABLE DU TRAITEMENT DES DONN\u00c9ES<br>Le responsable du traitement des donn\u00e9es est EasyFlatSardinia, dont le si\u00e8ge social est situ\u00e9 Via Ungheria 7a, 09010 - Domus de Maria (CA), Italie, en la personne de son repr\u00e9sentant l\u00e9gal pro tempore. Pour toute question relative aux donn\u00e9es personnelles, le responsable du traitement peut \u00eatre contact\u00e9 :<br>- Par courrier ordinaire ou recommand\u00e9 : au si\u00e8ge social indiqu\u00e9 ci-dessus<br>- Par courrier \u00e9lectronique : info@easyflatsardinia.com<br>- Via PEC : easyflatsardinia@pec.it<br>Le d\u00e9l\u00e9gu\u00e9 \u00e0 la protection des donn\u00e9es (DPD) est M. Spada Corrado, qui peut \u00eatre contact\u00e9 par courrier \u00e9lectronique<br>\u00e0 l'adresse info@easyflatsardinia.com.<\/p>\n<p>2. CAT\u00c9GORIES DE DONN\u00c9ES \u00c0 CARACT\u00c8RE PERSONNEL FAISANT L'OBJET D'UN TRAITEMENT<br>Le responsable du traitement traite les cat\u00e9gories suivantes de donn\u00e9es personnelles relatives \u00e0 la personne concern\u00e9e, fournies ou acquises au cours de la n\u00e9gociation du rapport contractuel ou transmises \u00e0 EasyFlatSardinia par le propri\u00e9taire du bien immobilier :<br>- Donn\u00e9es d'identification personnelle : pr\u00e9nom, nom, code fiscal ;<\/p>\n<p>- Contact et coordonn\u00e9es : adresse \u00e9lectronique, num\u00e9ro de t\u00e9l\u00e9phone, domicile ou autre adresse de l'entreprise.<br>adresse ;<br>- Num\u00e9ro de r\u00e9servation ;<br>- Modalit\u00e9s de paiement : informations sur les frais, coordonn\u00e9es de la banque et\/ou de la carte de cr\u00e9dit,<br>la gestion des \u00e9ventuels d\u00e9p\u00f4ts de garantie et des garanties ;<br>- Donn\u00e9es et statistiques de satisfaction : informations sur le degr\u00e9 de satisfaction \u00e0 l'\u00e9gard des services<br>d\u00e9caiss\u00e9s, les donn\u00e9es sur les s\u00e9jours et l'objet des contrats conclus.<\/p>\n<p>3. FINALIT\u00c9 DU TRAITEMENT ET BASE JURIDIQUE<br>Les donn\u00e9es \u00e0 caract\u00e8re personnel sont trait\u00e9es aux fins suivantes :<br>1. Stipulation et ex\u00e9cution du contrat : bail, contrat de service et mesures pr\u00e9contractuelles requises par la partie int\u00e9ress\u00e9e.<br>2. D\u00e9termination et paiement du loyer et des services : gestion des paiements li\u00e9s au s\u00e9jour.<br>3. Respect des obligations l\u00e9gales et contractuelles : y compris les obligations fiscales, administratives et d'assurance li\u00e9es au contrat.<br>4. Gestion de la correspondance : pour la communication entre les parties.<br>5. Activit\u00e9s de marketing et envoi de mat\u00e9riel promotionnel : par des moyens automatis\u00e9s (e-mail, SMS, application, messagerie) et traditionnels (appels t\u00e9l\u00e9phoniques avec op\u00e9rateur, courrier papier).<br>6. Suivi de la satisfaction et recherche statistique : par le biais d'entretiens et d'autres moyens de d\u00e9tection.<br>La base juridique du traitement des donn\u00e9es \u00e0 des fins contractuelles et l\u00e9gales est l'ex\u00e9cution du contrat et le respect des obligations l\u00e9gales (article 6, paragraphe 1, points b) et c), du RGPD).<br>\u00c0 des fins de marketing et d'envoi de mat\u00e9riel promotionnel, la base juridique est l'int\u00e9r\u00eat l\u00e9gitime du responsable du traitement (art. 6, par. 1, lett. f, GDPR), \u00e0 moins qu'un consentement explicite ne soit requis. La base juridique des activit\u00e9s de recherche statistique est le consentement de la personne concern\u00e9e (article 6, paragraphe 1, point a), du RGPD).<br>La fourniture de donn\u00e9es est n\u00e9cessaire \u00e0 la gestion de la relation contractuelle et le d\u00e9faut de fourniture de ces donn\u00e9es peut emp\u00eacher l'ex\u00e9cution du contrat.<\/p>\n<p>4. LES M\u00c9THODES DE TRAITEMENT<br>Les donn\u00e9es \u00e0 caract\u00e8re personnel seront trait\u00e9es conform\u00e9ment aux principes suivants :<br>- L\u00e9galit\u00e9, \u00e9quit\u00e9 et transparence<br>- Limitation de l'objet<br>- Minimisation des donn\u00e9es<br>- Exactitude<br>- Limitation de la conservation<br>- Int\u00e9grit\u00e9 et confidentialit\u00e9<br>Les donn\u00e9es seront trait\u00e9es sur papier et par des moyens \u00e9lectroniques, en prenant des mesures de s\u00e9curit\u00e9 appropri\u00e9es pour \u00e9viter la perte ou l'utilisation abusive des donn\u00e9es. Les donn\u00e9es ne seront trait\u00e9es que par le personnel autoris\u00e9, qui recevra des instructions sp\u00e9cifiques.<\/p>\n<p>5. P\u00c9RIODE ET CRIT\u00c8RES DE CONSERVATION DES DONN\u00c9ES<br>Les donn\u00e9es seront conserv\u00e9es pendant la p\u00e9riode n\u00e9cessaire \u00e0 l'ex\u00e9cution du contrat et au respect des obligations l\u00e9gales, pendant une dur\u00e9e maximale de 10 ans apr\u00e8s la conclusion du contrat, dans la mesure o\u00f9 la loi l'exige. \u00c0 des fins de marketing, les donn\u00e9es seront conserv\u00e9es pendant 12 mois apr\u00e8s la r\u00e9siliation du contrat ou jusqu'\u00e0 la r\u00e9vocation de l'autorisation d'utiliser les donn\u00e9es.<br>consentement. \u00c0 des fins de satisfaction et de recherche, les donn\u00e9es seront conserv\u00e9es pendant 12 mois apr\u00e8s leur collecte.<\/p>\n<p>6. LA COMMUNICATION DE DONN\u00c9ES<br>Outre les communications requises par la loi, les donn\u00e9es peuvent \u00eatre communiqu\u00e9es aux entit\u00e9s suivantes en tant que responsables du traitement des donn\u00e9es :<br>- Comptables, conseillers d'entreprise, courtiers en immobilier, fournisseurs de services de maintenance et d'assistance technique, fournisseurs de logiciels d'entreprise et collaborateurs n\u00e9cessaires \u00e0 l'ex\u00e9cution du contrat.<br>6.1 Transferts de donn\u00e9es vers des pays tiers<br>Les donn\u00e9es ne sont pas transf\u00e9r\u00e9es en dehors de l'Espace \u00e9conomique europ\u00e9en (EEE). Toutefois, certains fournisseurs de logiciels peuvent transf\u00e9rer des donn\u00e9es vers des serveurs situ\u00e9s en dehors de l'EEE, tout en garantissant des mesures de protection ad\u00e9quates conform\u00e9ment au GDPR (Microsoft Corporation et Google Ireland Limited).<\/p>\n<p>7. DROITS DE LA PERSONNE CONCERN\u00c9E<br>La personne concern\u00e9e peut \u00e0 tout moment exercer les droits suivants, conform\u00e9ment aux articles 15 et suivants du RGPD :<br>- Acc\u00e8s : obtenir la confirmation du traitement et l'acc\u00e8s aux donn\u00e9es \u00e0 caract\u00e8re personnel (article 15 du RGPD)<br>- Rectification : obtenir la correction de donn\u00e9es inexactes (article 16 du RGPD)<br>- Suppression : obtenir la suppression des donn\u00e9es (article 17 du RGPD)<br>- Limitation : obtenir la restriction du traitement (article 18 du RGPD)<br>- Portabilit\u00e9 : recevoir les donn\u00e9es dans un format structur\u00e9 et couramment utilis\u00e9 (article 20 du RGPD)<br>- Opposition : opposition au traitement des donn\u00e9es (article 21 du RGPD)<br>- Retrait du consentement : retrait du consentement au traitement (article 7 du RGPD)<br>La personne concern\u00e9e peut \u00e9galement d\u00e9poser une plainte aupr\u00e8s de l'autorit\u00e9 charg\u00e9e de la protection des donn\u00e9es<br>(www.garanteprivacy.it) ou de saisir l'autorit\u00e9 judiciaire comp\u00e9tente (articles 77 et 78 du RGPD).<\/p>\t\t\t\t\t\t\t\t<\/div>\n\t\t\t\t<\/div>\n\t\t\t\t\t<\/div>\n\t\t\t\t<\/div>\n\t\t\t\t<\/div>","protected":false},"excerpt":{"rendered":"<p>INFORMATIVA SUL TRATTAMENTO DEI DATI PERSONALI PROPRIETARIai sensi degli artt. 13 e 14 del Regolamento UE 2016\/679 (GDPR)Con la presente informativa, ai sensi dell&#8217;art. 13 del Regolamento UE n. 2016\/679 (detto anche \u201cGDPR\u201d), desideriamo informarla in merito al trattamento dei suoi dati personali acquisiti e trattati durante l&#8217;interazione con il sito web www.easyflatsardinia.com.Nota: Per i &#8230;<\/p>","protected":false},"author":1,"featured_media":0,"parent":0,"menu_order":0,"comment_status":"closed","ping_status":"closed","template":"gdpr_terms.php","meta":{"inline_featured_image":false,"footnotes":""},"class_list":["post-35042","page","type-page","status-publish","hentry"],"yoast_head":"<!-- This site is optimized with the Yoast SEO plugin v24.4 - https:\/\/yoast.com\/wordpress\/plugins\/seo\/ -->\n<title>Ville e Case Vacanze nel Sud della Sardegna | Easy Flat Sardinia<\/title>\n<meta name=\"robots\" content=\"noindex, nofollow\" \/>\n<meta property=\"og:locale\" content=\"fr_FR\" \/>\n<meta property=\"og:type\" content=\"article\" \/>\n<meta property=\"og:title\" content=\"Ville e Case Vacanze nel Sud della Sardegna | Easy Flat Sardinia\" \/>\n<meta property=\"og:description\" content=\"INFORMATIVA SUL TRATTAMENTO DEI DATI PERSONALI PROPRIETARIai sensi degli artt. 13 e 14 del Regolamento UE 2016\/679 (GDPR)Con la presente informativa, ai sensi dell&#8217;art. 13 del Regolamento UE n. 2016\/679 (detto anche \u201cGDPR\u201d), desideriamo informarla in merito al trattamento dei suoi dati personali acquisiti e trattati durante l&#8217;interazione con il sito web www.easyflatsardinia.com.Nota: Per i ...\" \/>\n<meta property=\"og:url\" content=\"https:\/\/easyflatsardinia.com\/fr\/gdpr-terms-and-conditions\/\" \/>\n<meta property=\"og:site_name\" content=\"Easyflatsardinia\" \/>\n<meta property=\"article:modified_time\" content=\"2025-02-06T14:40:43+00:00\" \/>\n<meta name=\"twitter:card\" content=\"summary_large_image\" \/>\n<meta name=\"twitter:label1\" content=\"Dur\u00e9e de lecture estim\u00e9e\" \/>\n\t<meta name=\"twitter:data1\" content=\"10 minutes\" \/>\n<script type=\"application\/ld+json\" class=\"yoast-schema-graph\">{\"@context\":\"https:\/\/schema.org\",\"@graph\":[{\"@type\":\"WebPage\",\"@id\":\"https:\/\/easyflatsardinia.com\/gdpr-terms-and-conditions\/\",\"url\":\"https:\/\/easyflatsardinia.com\/gdpr-terms-and-conditions\/\",\"name\":\"Ville e Case Vacanze nel Sud della Sardegna | Easy Flat Sardinia\",\"isPartOf\":{\"@id\":\"https:\/\/easyflatsardinia.com\/#website\"},\"datePublished\":\"2019-08-06T10:53:44+00:00\",\"dateModified\":\"2025-02-06T14:40:43+00:00\",\"breadcrumb\":{\"@id\":\"https:\/\/easyflatsardinia.com\/gdpr-terms-and-conditions\/#breadcrumb\"},\"inLanguage\":\"fr-FR\",\"potentialAction\":[{\"@type\":\"ReadAction\",\"target\":[\"https:\/\/easyflatsardinia.com\/gdpr-terms-and-conditions\/\"]}]},{\"@type\":\"BreadcrumbList\",\"@id\":\"https:\/\/easyflatsardinia.com\/gdpr-terms-and-conditions\/#breadcrumb\",\"itemListElement\":[{\"@type\":\"ListItem\",\"position\":1,\"name\":\"Home\",\"item\":\"https:\/\/easyflatsardinia.com\/\"},{\"@type\":\"ListItem\",\"position\":2,\"name\":\"GDPR\"}]},{\"@type\":\"WebSite\",\"@id\":\"https:\/\/easyflatsardinia.com\/#website\",\"url\":\"https:\/\/easyflatsardinia.com\/\",\"name\":\"Easyflatsardinia\",\"description\":\"\",\"publisher\":{\"@id\":\"https:\/\/easyflatsardinia.com\/#organization\"},\"potentialAction\":[{\"@type\":\"SearchAction\",\"target\":{\"@type\":\"EntryPoint\",\"urlTemplate\":\"https:\/\/easyflatsardinia.com\/?s={search_term_string}\"},\"query-input\":{\"@type\":\"PropertyValueSpecification\",\"valueRequired\":true,\"valueName\":\"search_term_string\"}}],\"inLanguage\":\"fr-FR\"},{\"@type\":\"Organization\",\"@id\":\"https:\/\/easyflatsardinia.com\/#organization\",\"name\":\"Easyflatsardinia\",\"url\":\"https:\/\/easyflatsardinia.com\/\",\"logo\":{\"@type\":\"ImageObject\",\"inLanguage\":\"fr-FR\",\"@id\":\"https:\/\/easyflatsardinia.com\/#\/schema\/logo\/image\/\",\"url\":\"https:\/\/easyflatsardinia.com\/wp\/wp-content\/uploads\/2025\/01\/logo.png\",\"contentUrl\":\"https:\/\/easyflatsardinia.com\/wp\/wp-content\/uploads\/2025\/01\/logo.png\",\"width\":198,\"height\":60,\"caption\":\"Easyflatsardinia\"},\"image\":{\"@id\":\"https:\/\/easyflatsardinia.com\/#\/schema\/logo\/image\/\"}}]}<\/script>\n<!-- \/ Yoast SEO plugin. -->","yoast_head_json":{"title":"Ville e Case Vacanze nel Sud della Sardegna | Easy Flat Sardinia","robots":{"index":"noindex","follow":"nofollow"},"og_locale":"fr_FR","og_type":"article","og_title":"Ville e Case Vacanze nel Sud della Sardegna | Easy Flat Sardinia","og_description":"INFORMATIVA SUL TRATTAMENTO DEI DATI PERSONALI PROPRIETARIai sensi degli artt. 13 e 14 del Regolamento UE 2016\/679 (GDPR)Con la presente informativa, ai sensi dell&#8217;art. 13 del Regolamento UE n. 2016\/679 (detto anche \u201cGDPR\u201d), desideriamo informarla in merito al trattamento dei suoi dati personali acquisiti e trattati durante l&#8217;interazione con il sito web www.easyflatsardinia.com.Nota: Per i ...","og_url":"https:\/\/easyflatsardinia.com\/fr\/gdpr-terms-and-conditions\/","og_site_name":"Easyflatsardinia","article_modified_time":"2025-02-06T14:40:43+00:00","twitter_card":"summary_large_image","twitter_misc":{"Dur\u00e9e de lecture estim\u00e9e":"10 minutes"},"schema":{"@context":"https:\/\/schema.org","@graph":[{"@type":"WebPage","@id":"https:\/\/easyflatsardinia.com\/gdpr-terms-and-conditions\/","url":"https:\/\/easyflatsardinia.com\/gdpr-terms-and-conditions\/","name":"Ville e Case Vacanze nel Sud della Sardegna | Easy Flat Sardinia","isPartOf":{"@id":"https:\/\/easyflatsardinia.com\/#website"},"datePublished":"2019-08-06T10:53:44+00:00","dateModified":"2025-02-06T14:40:43+00:00","breadcrumb":{"@id":"https:\/\/easyflatsardinia.com\/gdpr-terms-and-conditions\/#breadcrumb"},"inLanguage":"fr-FR","potentialAction":[{"@type":"ReadAction","target":["https:\/\/easyflatsardinia.com\/gdpr-terms-and-conditions\/"]}]},{"@type":"BreadcrumbList","@id":"https:\/\/easyflatsardinia.com\/gdpr-terms-and-conditions\/#breadcrumb","itemListElement":[{"@type":"ListItem","position":1,"name":"Home","item":"https:\/\/easyflatsardinia.com\/"},{"@type":"ListItem","position":2,"name":"GDPR"}]},{"@type":"WebSite","@id":"https:\/\/easyflatsardinia.com\/#website","url":"https:\/\/easyflatsardinia.com\/","name":"Easyflatsardinia","description":"","publisher":{"@id":"https:\/\/easyflatsardinia.com\/#organization"},"potentialAction":[{"@type":"SearchAction","target":{"@type":"EntryPoint","urlTemplate":"https:\/\/easyflatsardinia.com\/?s={search_term_string}"},"query-input":{"@type":"PropertyValueSpecification","valueRequired":true,"valueName":"search_term_string"}}],"inLanguage":"fr-FR"},{"@type":"Organization","@id":"https:\/\/easyflatsardinia.com\/#organization","name":"Easyflatsardinia","url":"https:\/\/easyflatsardinia.com\/","logo":{"@type":"ImageObject","inLanguage":"fr-FR","@id":"https:\/\/easyflatsardinia.com\/#\/schema\/logo\/image\/","url":"https:\/\/easyflatsardinia.com\/wp\/wp-content\/uploads\/2025\/01\/logo.png","contentUrl":"https:\/\/easyflatsardinia.com\/wp\/wp-content\/uploads\/2025\/01\/logo.png","width":198,"height":60,"caption":"Easyflatsardinia"},"image":{"@id":"https:\/\/easyflatsardinia.com\/#\/schema\/logo\/image\/"}}]}},"_links":{"self":[{"href":"https:\/\/easyflatsardinia.com\/fr\/wp-json\/wp\/v2\/pages\/35042","targetHints":{"allow":["GET"]}}],"collection":[{"href":"https:\/\/easyflatsardinia.com\/fr\/wp-json\/wp\/v2\/pages"}],"about":[{"href":"https:\/\/easyflatsardinia.com\/fr\/wp-json\/wp\/v2\/types\/page"}],"author":[{"embeddable":true,"href":"https:\/\/easyflatsardinia.com\/fr\/wp-json\/wp\/v2\/users\/1"}],"replies":[{"embeddable":true,"href":"https:\/\/easyflatsardinia.com\/fr\/wp-json\/wp\/v2\/comments?post=35042"}],"version-history":[{"count":4,"href":"https:\/\/easyflatsardinia.com\/fr\/wp-json\/wp\/v2\/pages\/35042\/revisions"}],"predecessor-version":[{"id":44257,"href":"https:\/\/easyflatsardinia.com\/fr\/wp-json\/wp\/v2\/pages\/35042\/revisions\/44257"}],"wp:attachment":[{"href":"https:\/\/easyflatsardinia.com\/fr\/wp-json\/wp\/v2\/media?parent=35042"}],"curies":[{"name":"wp","href":"https:\/\/api.w.org\/{rel}","templated":true}]}}