{"id":44209,"date":"2025-02-05T08:08:54","date_gmt":"2025-02-05T08:08:54","guid":{"rendered":"https:\/\/easyflatsardinia.com\/?page_id=44209"},"modified":"2025-02-06T14:36:04","modified_gmt":"2025-02-06T14:36:04","slug":"cookies","status":"publish","type":"page","link":"https:\/\/easyflatsardinia.com\/de\/cookies\/","title":{"rendered":"Cookies"},"content":{"rendered":"<div data-elementor-type=\"wp-page\" data-elementor-id=\"44209\" class=\"elementor elementor-44209\" data-elementor-post-type=\"page\">\n\t\t\t\t<div class=\"elementor-element elementor-element-2712ee62 e-flex e-con-boxed e-con e-parent\" data-id=\"2712ee62\" data-element_type=\"container\">\n\t\t\t\t\t<div class=\"e-con-inner\">\n\t\t\t\t<div class=\"elementor-element elementor-element-7cd15b63 elementor-widget elementor-widget-text-editor\" data-id=\"7cd15b63\" data-element_type=\"widget\" data-widget_type=\"text-editor.default\">\n\t\t\t\t<div class=\"elementor-widget-container\">\n\t\t\t\t\t\t\t\t\t<h2><b>Cookie- und Tracking-Technologie-Richtlinie<\/b><\/h2>\n<p style=\"text-align: left;\">Dieses Dokument beschreibt die Technologien, die von <b>EasyFlatSardinia<\/b> um die unten genannten Ziele zu erreichen. Diese Technologien erm\u00f6glichen es uns, Informationen (z. B. durch Cookies) zu sammeln und zu speichern oder Ressourcen (z. B. durch die Ausf\u00fchrung von Skripten) auf Ihrem Ger\u00e4t zu nutzen, wenn Sie mit unserer Website interagieren. Der Einfachheit halber bezeichnen wir alle diese Technologien in diesem Dokument als \"Tracking Tools\", sofern nicht anders angegeben.<\/p>\n<h2><b>Arten von Tracking-Tools<\/b><\/h2>\n<p style=\"text-align: left;\"><b>Cookies<\/b> <b>e<\/b> <b>Werkzeuge<\/b> <b>von<\/b> <b>Nachverfolgung<\/b> werden f\u00fcr verschiedene Zwecke verwendet, von denen einige die Zustimmung des Nutzers erfordern k\u00f6nnen. Wenn die Zustimmung erteilt wurde, kann sie jederzeit widerrufen werden, indem die Anweisungen in diesem Dokument befolgt werden.<\/p>\n<p style=\"text-align: left;\"><b>EasyFlatSardinia<\/b> verwendet sowohl Tracking-Tools von Erstanbietern (die direkt vom Eigent\u00fcmer betrieben werden) als auch Tracking-Tools von Drittanbietern (die von externen Parteien betrieben werden, z. B. von Werbediensten).<\/p>\n<h2><b>Dauer und Ablauf von Cookies<\/b><\/h2>\n<p>Cookies und andere Tracking-Tools k\u00f6nnen unterschiedliche Laufzeiten und Verfallsdaten haben, die sowohl vom Eigent\u00fcmer als auch vom externen Dienstanbieter festgelegt werden. Einige laufen am Ende der Browsing-Sitzung ab. Weitere Einzelheiten \u00fcber die Dauer und andere Informationen finden Sie in den Datenschutzbestimmungen<br>des jeweiligen externen Dienstleisters.<\/p>\n<h2><b>Verwendung von Tracking-Tools<\/b><\/h2>\n<p><!-- \/wp:paragraph --><\/p>\n<p><!-- wp:list --><\/p>\n<ul>\n<li style=\"list-style-type: none;\">\n<ul><!-- wp:list-item --><\/ul>\n<\/li>\n<\/ul>\n<ul>\n<li style=\"list-style-type: none;\">\n<ul>\n<li><b>Werkzeuge<\/b> <b>erforderlich<\/b>Diese Tools sind f\u00fcr das ordnungsgem\u00e4\u00dfe Funktionieren der Website und f\u00fcr die Erbringung der angeforderten Dienstleistungen unerl\u00e4sslich.<\/li>\n<li><b>Erleben Sie<\/b> <b>Benutzer<\/b>Wir verwenden Tracking-Tools, um die Navigation und Interaktion mit externen Inhalten, Plattformen und Netzwerken zu verbessern.<\/li>\n<li><b>Messung<\/b>Tracking-Tools werden eingesetzt, um das Nutzerverhalten auf der Website zu analysieren und so unsere Dienste zu verbessern.<\/li>\n<li><b>Marketing: <\/b>Wir verwenden Tools, um ma\u00dfgeschneiderte Werbeinhalte anzubieten und die Leistung von Werbekampagnen zu \u00fcberwachen.<span style=\"text-align: var(--text-align);\">&nbsp;<\/span><\/li>\n<\/ul>\n<\/li>\n<\/ul>\n<h2><b>Verwaltung von Pr\u00e4ferenzen und Entzug der Zustimmung<\/b><\/h2>\n<p>Wenn die Verwendung von Cookies auf einer Einwilligung beruht, kann der Nutzer seine Einwilligung jederzeit \u00e4ndern oder widerrufen, indem er das auf der Website verf\u00fcgbare Panel f\u00fcr Datenschutzeinstellungen aufruft.<\/p>\n<p>Die Nutzer k\u00f6nnen ihre Zustimmung zu Cookies von Drittanbietern auch direkt \u00fcber deren Opt-out-Links, \u00fcber die in ihren Datenschutzrichtlinien beschriebenen Tools oder durch direkte Kontaktaufnahme mit den Anbietern verwalten.<\/p>\n<h2><strong>Kontrolle und L\u00f6schung von Cookies<\/strong><\/h2>\n<p>Die Nutzer k\u00f6nnen Cookies und andere \u00e4hnliche Technologien \u00fcber ihre Browsereinstellungen kontrollieren oder l\u00f6schen. Nachstehend finden Sie einige Links, die erkl\u00e4ren, wie man Cookies in g\u00e4ngigen Browsern verwaltet:<\/p>\n<p><!-- \/wp:list-item --><\/p>\n<p><!-- wp:list-item --><\/p>\n<p><!-- \/wp:list-item --><\/p>\n<p><!-- wp:list-item --><\/p>\n<p><!-- \/wp:list-item --><\/p>\n<p><!-- wp:list-item --><\/p>\n<p><!-- \/wp:list-item --><\/p>\n<p><!-- wp:list-item --><\/p>\n<ul>\n<li style=\"list-style-type: none;\">\n<ul>\n<li>Google Chrome<\/li>\n<li>Mozilla Firefox<\/li>\n<li>Apple Safari<\/li>\n<li>Microsoft Internet Explorer<\/li>\n<li>Microsoft Edge<\/li>\n<li>Mutig<\/li>\n<li>Oper<\/li>\n<\/ul>\n<\/li>\n<\/ul>\n<p>Dar\u00fcber hinaus k\u00f6nnen Nutzer von Mobilger\u00e4ten das Tracking \u00fcber die Werbe- und Tracking-Einstellungen ihres Ger\u00e4ts deaktivieren.<\/p>\n<h2><b>Deaktivieren der personalisierten Werbung<\/b><\/h2>\n<p>Die Nutzer haben die M\u00f6glichkeit, die personalisierte Werbung \u00fcber die Dienste von <b>YourOnlineChoices<\/b> (EU und UK), <b>Netzwerk<\/b> <b>Werbung<\/b> <b>Initiative<\/b> (USA), <b>Digital<\/b> <b>Werbegemeinschaft<\/b> (USA), <b>DAAC<\/b> (Kanada), <b>DDAI<\/b> (Japan) oder \u00e4hnlich. Diese Dienste erm\u00f6glichen es Ihnen, Ihre Pr\u00e4ferenzen in Bezug auf Werbemittel zu verwalten. Dar\u00fcber hinaus ist die <b>Digital<\/b> <b>Werbung<\/b> <b>B\u00fcndnis<\/b> bietet die AppChoices-Anwendung zur Verwaltung verhaltensbezogener Werbung in mobilen Anwendungen an.<\/p>\n<h2><b>Folgen der Ablehnung der Verwendung von Cookies<\/b><\/h2>\n<p>Es steht den Nutzern frei, die Verwendung von Tracking Tools zu akzeptieren oder abzulehnen. Wenn sie jedoch Cookies ablehnen, k\u00f6nnen sie m\u00f6glicherweise die Funktionen der Website nicht in vollem Umfang nutzen und die Website nicht optimal nutzen.&nbsp;<\/p>\n<h2><br>Datenkontrolleur<br><\/h2>\n<p>Der f\u00fcr die Datenverarbeitung Verantwortliche ist <b>EasyFlatSardinia<\/b> von <b>Schwert<\/b> <b>Corrado<\/b>mit Sitz in Via Ungheria 7a - 090100 Domus de Maria (Italien). Wenn Sie Fragen oder W\u00fcnsche bez\u00fcglich Ihrer personenbezogenen Daten haben, k\u00f6nnen Sie sich an den f\u00fcr die Verarbeitung Verantwortlichen unter der folgenden E-Mail-Adresse wenden <b>info@easyflatsardinia.com<\/b>. Da die Verwendung von Tracking-Tools von Drittanbietern nicht vollst\u00e4ndig unter unserer Kontrolle steht, empfehlen wir den Nutzern, die jeweiligen Datenschutzrichtlinien zu konsultieren, um genauere Informationen dar\u00fcber zu erhalten, wie diese Tools gehandhabt werden.<\/p>\t\t\t\t\t\t\t\t<\/div>\n\t\t\t\t<\/div>\n\t\t\t\t\t<\/div>\n\t\t\t\t<\/div>\n\t\t\t\t<\/div>","protected":false},"excerpt":{"rendered":"<p>Politica sui Cookie e Tecnologie di Tracciamento Questo documento descrive le tecnologie utilizzate da EasyFlatSardinia per raggiungere gli obiettivi indicati di seguito. Queste tecnologie permettono di raccogliere e memorizzare informazioni (ad esempio tramite i cookie) o di utilizzare risorse (ad esempio eseguendo script) sul dispositivo dell&#8217;utente, quando questi interagisce con il nostro sito web. Per &#8230;<\/p>","protected":false},"author":1,"featured_media":0,"parent":0,"menu_order":0,"comment_status":"closed","ping_status":"closed","template":"terms_conditions.php","meta":{"inline_featured_image":false,"footnotes":""},"class_list":["post-44209","page","type-page","status-publish","hentry"],"yoast_head":"<!-- This site is optimized with the Yoast SEO plugin v24.4 - https:\/\/yoast.com\/wordpress\/plugins\/seo\/ -->\n<title>Ville e Case Vacanze nel Sud della Sardegna | Easy Flat Sardinia<\/title>\n<meta name=\"robots\" content=\"noindex, nofollow\" \/>\n<meta property=\"og:locale\" content=\"de_DE\" \/>\n<meta property=\"og:type\" content=\"article\" \/>\n<meta property=\"og:title\" content=\"Ville e Case Vacanze nel Sud della Sardegna | Easy Flat Sardinia\" \/>\n<meta property=\"og:description\" content=\"Politica sui Cookie e Tecnologie di Tracciamento Questo documento descrive le tecnologie utilizzate da EasyFlatSardinia per raggiungere gli obiettivi indicati di seguito. Queste tecnologie permettono di raccogliere e memorizzare informazioni (ad esempio tramite i cookie) o di utilizzare risorse (ad esempio eseguendo script) sul dispositivo dell&#8217;utente, quando questi interagisce con il nostro sito web. Per ...\" \/>\n<meta property=\"og:url\" content=\"https:\/\/easyflatsardinia.com\/de\/cookies\/\" \/>\n<meta property=\"og:site_name\" content=\"Easyflatsardinia\" \/>\n<meta property=\"article:modified_time\" content=\"2025-02-06T14:36:04+00:00\" \/>\n<meta name=\"twitter:card\" content=\"summary_large_image\" \/>\n<meta name=\"twitter:label1\" content=\"Gesch\u00e4tzte Lesezeit\" \/>\n\t<meta name=\"twitter:data1\" content=\"4\u00a0Minuten\" \/>\n<script type=\"application\/ld+json\" class=\"yoast-schema-graph\">{\"@context\":\"https:\/\/schema.org\",\"@graph\":[{\"@type\":\"WebPage\",\"@id\":\"https:\/\/easyflatsardinia.com\/cookies\/\",\"url\":\"https:\/\/easyflatsardinia.com\/cookies\/\",\"name\":\"Ville e Case Vacanze nel Sud della Sardegna | Easy Flat Sardinia\",\"isPartOf\":{\"@id\":\"https:\/\/easyflatsardinia.com\/#website\"},\"datePublished\":\"2025-02-05T08:08:54+00:00\",\"dateModified\":\"2025-02-06T14:36:04+00:00\",\"breadcrumb\":{\"@id\":\"https:\/\/easyflatsardinia.com\/cookies\/#breadcrumb\"},\"inLanguage\":\"de\",\"potentialAction\":[{\"@type\":\"ReadAction\",\"target\":[\"https:\/\/easyflatsardinia.com\/cookies\/\"]}]},{\"@type\":\"BreadcrumbList\",\"@id\":\"https:\/\/easyflatsardinia.com\/cookies\/#breadcrumb\",\"itemListElement\":[{\"@type\":\"ListItem\",\"position\":1,\"name\":\"Home\",\"item\":\"https:\/\/easyflatsardinia.com\/\"},{\"@type\":\"ListItem\",\"position\":2,\"name\":\"Cookies\"}]},{\"@type\":\"WebSite\",\"@id\":\"https:\/\/easyflatsardinia.com\/#website\",\"url\":\"https:\/\/easyflatsardinia.com\/\",\"name\":\"Easyflatsardinia\",\"description\":\"\",\"publisher\":{\"@id\":\"https:\/\/easyflatsardinia.com\/#organization\"},\"potentialAction\":[{\"@type\":\"SearchAction\",\"target\":{\"@type\":\"EntryPoint\",\"urlTemplate\":\"https:\/\/easyflatsardinia.com\/?s={search_term_string}\"},\"query-input\":{\"@type\":\"PropertyValueSpecification\",\"valueRequired\":true,\"valueName\":\"search_term_string\"}}],\"inLanguage\":\"de\"},{\"@type\":\"Organization\",\"@id\":\"https:\/\/easyflatsardinia.com\/#organization\",\"name\":\"Easyflatsardinia\",\"url\":\"https:\/\/easyflatsardinia.com\/\",\"logo\":{\"@type\":\"ImageObject\",\"inLanguage\":\"de\",\"@id\":\"https:\/\/easyflatsardinia.com\/#\/schema\/logo\/image\/\",\"url\":\"https:\/\/easyflatsardinia.com\/wp\/wp-content\/uploads\/2025\/01\/logo.png\",\"contentUrl\":\"https:\/\/easyflatsardinia.com\/wp\/wp-content\/uploads\/2025\/01\/logo.png\",\"width\":198,\"height\":60,\"caption\":\"Easyflatsardinia\"},\"image\":{\"@id\":\"https:\/\/easyflatsardinia.com\/#\/schema\/logo\/image\/\"}}]}<\/script>\n<!-- \/ Yoast SEO plugin. -->","yoast_head_json":{"title":"Ville e Case Vacanze nel Sud della Sardegna | Easy Flat Sardinia","robots":{"index":"noindex","follow":"nofollow"},"og_locale":"de_DE","og_type":"article","og_title":"Ville e Case Vacanze nel Sud della Sardegna | Easy Flat Sardinia","og_description":"Politica sui Cookie e Tecnologie di Tracciamento Questo documento descrive le tecnologie utilizzate da EasyFlatSardinia per raggiungere gli obiettivi indicati di seguito. Queste tecnologie permettono di raccogliere e memorizzare informazioni (ad esempio tramite i cookie) o di utilizzare risorse (ad esempio eseguendo script) sul dispositivo dell&#8217;utente, quando questi interagisce con il nostro sito web. Per ...","og_url":"https:\/\/easyflatsardinia.com\/de\/cookies\/","og_site_name":"Easyflatsardinia","article_modified_time":"2025-02-06T14:36:04+00:00","twitter_card":"summary_large_image","twitter_misc":{"Gesch\u00e4tzte Lesezeit":"4\u00a0Minuten"},"schema":{"@context":"https:\/\/schema.org","@graph":[{"@type":"WebPage","@id":"https:\/\/easyflatsardinia.com\/cookies\/","url":"https:\/\/easyflatsardinia.com\/cookies\/","name":"Ville e Case Vacanze nel Sud della Sardegna | Easy Flat Sardinia","isPartOf":{"@id":"https:\/\/easyflatsardinia.com\/#website"},"datePublished":"2025-02-05T08:08:54+00:00","dateModified":"2025-02-06T14:36:04+00:00","breadcrumb":{"@id":"https:\/\/easyflatsardinia.com\/cookies\/#breadcrumb"},"inLanguage":"de","potentialAction":[{"@type":"ReadAction","target":["https:\/\/easyflatsardinia.com\/cookies\/"]}]},{"@type":"BreadcrumbList","@id":"https:\/\/easyflatsardinia.com\/cookies\/#breadcrumb","itemListElement":[{"@type":"ListItem","position":1,"name":"Home","item":"https:\/\/easyflatsardinia.com\/"},{"@type":"ListItem","position":2,"name":"Cookies"}]},{"@type":"WebSite","@id":"https:\/\/easyflatsardinia.com\/#website","url":"https:\/\/easyflatsardinia.com\/","name":"Easyflatsardinia","description":"","publisher":{"@id":"https:\/\/easyflatsardinia.com\/#organization"},"potentialAction":[{"@type":"SearchAction","target":{"@type":"EntryPoint","urlTemplate":"https:\/\/easyflatsardinia.com\/?s={search_term_string}"},"query-input":{"@type":"PropertyValueSpecification","valueRequired":true,"valueName":"search_term_string"}}],"inLanguage":"de"},{"@type":"Organization","@id":"https:\/\/easyflatsardinia.com\/#organization","name":"Easyflatsardinia","url":"https:\/\/easyflatsardinia.com\/","logo":{"@type":"ImageObject","inLanguage":"de","@id":"https:\/\/easyflatsardinia.com\/#\/schema\/logo\/image\/","url":"https:\/\/easyflatsardinia.com\/wp\/wp-content\/uploads\/2025\/01\/logo.png","contentUrl":"https:\/\/easyflatsardinia.com\/wp\/wp-content\/uploads\/2025\/01\/logo.png","width":198,"height":60,"caption":"Easyflatsardinia"},"image":{"@id":"https:\/\/easyflatsardinia.com\/#\/schema\/logo\/image\/"}}]}},"_links":{"self":[{"href":"https:\/\/easyflatsardinia.com\/de\/wp-json\/wp\/v2\/pages\/44209","targetHints":{"allow":["GET"]}}],"collection":[{"href":"https:\/\/easyflatsardinia.com\/de\/wp-json\/wp\/v2\/pages"}],"about":[{"href":"https:\/\/easyflatsardinia.com\/de\/wp-json\/wp\/v2\/types\/page"}],"author":[{"embeddable":true,"href":"https:\/\/easyflatsardinia.com\/de\/wp-json\/wp\/v2\/users\/1"}],"replies":[{"embeddable":true,"href":"https:\/\/easyflatsardinia.com\/de\/wp-json\/wp\/v2\/comments?post=44209"}],"version-history":[{"count":20,"href":"https:\/\/easyflatsardinia.com\/de\/wp-json\/wp\/v2\/pages\/44209\/revisions"}],"predecessor-version":[{"id":44232,"href":"https:\/\/easyflatsardinia.com\/de\/wp-json\/wp\/v2\/pages\/44209\/revisions\/44232"}],"wp:attachment":[{"href":"https:\/\/easyflatsardinia.com\/de\/wp-json\/wp\/v2\/media?parent=44209"}],"curies":[{"name":"wp","href":"https:\/\/api.w.org\/{rel}","templated":true}]}}