{"id":37342,"date":"2025-01-09T07:37:13","date_gmt":"2025-01-09T07:37:13","guid":{"rendered":"https:\/\/madeira.wprentals.org\/?page_id=37342"},"modified":"2025-02-06T17:08:12","modified_gmt":"2025-02-06T17:08:12","slug":"chi_siamo","status":"publish","type":"page","link":"https:\/\/easyflatsardinia.com\/de\/chi_siamo\/","title":{"rendered":"\u00dcber uns"},"content":{"rendered":"<div data-elementor-type=\"wp-page\" data-elementor-id=\"37342\" class=\"elementor elementor-37342\" data-elementor-post-type=\"page\">\n\t\t\t\t<div class=\"elementor-element elementor-element-45af1af e-con-full e-flex e-con e-parent\" data-id=\"45af1af\" data-element_type=\"container\" data-settings=\"{&quot;background_background&quot;:&quot;classic&quot;}\">\n\t\t<div class=\"elementor-element elementor-element-1e40140 e-con-full e-flex e-con e-child\" data-id=\"1e40140\" data-element_type=\"container\" data-settings=\"{&quot;background_background&quot;:&quot;classic&quot;}\">\n\t\t<div class=\"elementor-element elementor-element-68a4814 e-con-full e-flex e-con e-child\" data-id=\"68a4814\" data-element_type=\"container\" data-settings=\"{&quot;background_background&quot;:&quot;classic&quot;}\">\n\t\t\t\t<div class=\"elementor-element elementor-element-0a16087 elementor-widget elementor-widget-image\" data-id=\"0a16087\" data-element_type=\"widget\" data-widget_type=\"image.default\">\n\t\t\t\t<div class=\"elementor-widget-container\">\n\t\t\t\t\t\t\t\t\t\t\t\t\t\t\t<img decoding=\"async\" src=\"https:\/\/easyflatsardinia.com\/wp\/wp-content\/uploads\/elementor\/thumbs\/logoeasy-r0dm3f953jgq7rdl5ndwsf6595am74ia1nlv1seic8.png\" title=\"logoeasy\" alt=\"logoeasy\" loading=\"lazy\" \/>\t\t\t\t\t\t\t\t\t\t\t\t\t\t\t<\/div>\n\t\t\t\t<\/div>\n\t\t\t\t<div class=\"elementor-element elementor-element-4c7549f elementor-widget elementor-widget-text-editor\" data-id=\"4c7549f\" data-element_type=\"widget\" data-widget_type=\"text-editor.default\">\n\t\t\t\t<div class=\"elementor-widget-container\">\n\t\t\t\t\t\t\t\t\t<p>Willkommen auf unserer Ferienhaus-Plattform.<\/p><p>Wir wissen, dass die Suche nach der richtigen Immobilie f\u00fcr Ihren Urlaub zeitaufwendig und \u00fcberw\u00e4ltigend sein kann. Deshalb haben wir eine intuitive Benutzeroberfl\u00e4che entwickelt, die es Ihnen erm\u00f6glicht, auf einfache Weise durch eine breite Palette von f\u00fcr Sie ausgew\u00e4hlten Angeboten zu bl\u00e4ttern.<\/p><p>Unser Ziel ist es, Mieter mit der perfekten Immobilie f\u00fcr ihre Bed\u00fcrfnisse zu verbinden, sei es eine gem\u00fctliche Wohnung, ein ger\u00e4umiges Haus oder eine Villa.<\/p><p>Wir sind ein junges, dynamisches Team, das Sie gerne willkommen hei\u00dft, um Ihnen einen unvergesslichen Urlaub in diesem kleinen Paradies zu erm\u00f6glichen.<\/p>\t\t\t\t\t\t\t\t<\/div>\n\t\t\t\t<\/div>\n\t\t\t\t<div class=\"elementor-element elementor-element-8efae25 elementor-widget__width-inherit elementor-widget-mobile__width-inherit elementor-widget elementor-widget-heading\" data-id=\"8efae25\" data-element_type=\"widget\" data-widget_type=\"heading.default\">\n\t\t\t\t<div class=\"elementor-widget-container\">\n\t\t\t\t\t<p class=\"elementor-heading-title elementor-size-default\">Corrado Spada<\/p>\t\t\t\t<\/div>\n\t\t\t\t<\/div>\n\t\t\t\t<\/div>\n\t\t<div class=\"elementor-element elementor-element-7f5e441 e-con-full e-flex e-con e-child\" data-id=\"7f5e441\" data-element_type=\"container\" data-settings=\"{&quot;background_background&quot;:&quot;classic&quot;}\">\n\t\t<div class=\"elementor-element elementor-element-3857251 e-flex e-con-boxed e-con e-child\" data-id=\"3857251\" data-element_type=\"container\" data-settings=\"{&quot;background_background&quot;:&quot;classic&quot;}\">\n\t\t\t\t\t<div class=\"e-con-inner\">\n\t\t\t\t\t<\/div>\n\t\t\t\t<\/div>\n\t\t\t\t<\/div>\n\t\t\t\t<\/div>\n\t\t\t\t<\/div>\n\t\t<div class=\"elementor-element elementor-element-2ac3771 e-con-full e-flex e-con e-parent\" data-id=\"2ac3771\" data-element_type=\"container\" data-settings=\"{&quot;background_background&quot;:&quot;classic&quot;}\">\n\t\t<div class=\"elementor-element elementor-element-767def3 e-con-full e-flex e-con e-child\" data-id=\"767def3\" data-element_type=\"container\" data-settings=\"{&quot;background_background&quot;:&quot;classic&quot;}\">\n\t\t<div class=\"elementor-element elementor-element-d63e1be e-con-full e-flex e-con e-child\" data-id=\"d63e1be\" data-element_type=\"container\" data-settings=\"{&quot;background_background&quot;:&quot;classic&quot;}\">\n\t\t<div class=\"elementor-element elementor-element-35a9be5 e-flex e-con-boxed e-con e-child\" data-id=\"35a9be5\" data-element_type=\"container\" data-settings=\"{&quot;background_background&quot;:&quot;classic&quot;}\">\n\t\t\t\t\t<div class=\"e-con-inner\">\n\t\t\t\t\t<\/div>\n\t\t\t\t<\/div>\n\t\t\t\t<\/div>\n\t\t<div class=\"elementor-element elementor-element-7cfcc85 e-con-full e-flex e-con e-child\" data-id=\"7cfcc85\" data-element_type=\"container\" data-settings=\"{&quot;background_background&quot;:&quot;classic&quot;}\">\n\t\t\t\t<div class=\"elementor-element elementor-element-6d12d6d elementor-widget__width-inherit elementor-widget-mobile__width-inherit elementor-widget elementor-widget-heading\" data-id=\"6d12d6d\" data-element_type=\"widget\" data-widget_type=\"heading.default\">\n\t\t\t\t<div class=\"elementor-widget-container\">\n\t\t\t\t\t<h2 class=\"elementor-heading-title elementor-size-default\">Verwaltung von Immobilien<\/h2>\t\t\t\t<\/div>\n\t\t\t\t<\/div>\n\t\t\t\t<div class=\"elementor-element elementor-element-9db3ee0 elementor-widget elementor-widget-text-editor\" data-id=\"9db3ee0\" data-element_type=\"widget\" data-widget_type=\"text-editor.default\">\n\t\t\t\t<div class=\"elementor-widget-container\">\n\t\t\t\t\t\t\t\t\t<p><span style=\"color: #000000;\"><strong>M\u00f6chten Sie mit uns zusammenarbeiten?<\/strong><\/span><\/p><p>Wenn Sie eine Immobilie in unserem Gebiet besitzen und Ihre Investition optimieren m\u00f6chten, sich aber nicht um die allt\u00e4gliche Komplexit\u00e4t k\u00fcmmern wollen, sind wir f\u00fcr Sie da.<\/p><p><span style=\"color: #000000;\"><strong>Was k\u00f6nnen wir f\u00fcr Sie tun?<\/strong><\/span><\/p>\t\t\t\t\t\t\t\t<\/div>\n\t\t\t\t<\/div>\n\t\t\t\t<div class=\"elementor-element elementor-element-6e0509e elementor-icon-list--layout-traditional elementor-list-item-link-full_width elementor-widget elementor-widget-icon-list\" data-id=\"6e0509e\" data-element_type=\"widget\" data-widget_type=\"icon-list.default\">\n\t\t\t\t<div class=\"elementor-widget-container\">\n\t\t\t\t\t\t\t<ul class=\"elementor-icon-list-items\">\n\t\t\t\t\t\t\t<li class=\"elementor-icon-list-item\">\n\t\t\t\t\t\t\t\t\t\t\t<span class=\"elementor-icon-list-icon\">\n\t\t\t\t\t\t\t<svg aria-hidden=\"true\" class=\"e-font-icon-svg e-fas-check\" viewbox=\"0 0 512 512\" xmlns=\"http:\/\/www.w3.org\/2000\/svg\"><path d=\"M173.898 439.404l-166.4-166.4c-9.997-9.997-9.997-26.206 0-36.204l36.203-36.204c9.997-9.998 26.207-9.998 36.204 0L192 312.69 432.095 72.596c9.997-9.997 26.207-9.997 36.204 0l36.203 36.204c9.997 9.997 9.997 26.206 0 36.204l-294.4 294.401c-9.998 9.997-26.207 9.997-36.204-.001z\"><\/path><\/svg>\t\t\t\t\t\t<\/span>\n\t\t\t\t\t\t\t\t\t\t<span class=\"elementor-icon-list-text\">Verwaltung Ihres Ferienhauses<\/span>\n\t\t\t\t\t\t\t\t\t<\/li>\n\t\t\t\t\t\t\t\t<li class=\"elementor-icon-list-item\">\n\t\t\t\t\t\t\t\t\t\t\t<span class=\"elementor-icon-list-icon\">\n\t\t\t\t\t\t\t<svg aria-hidden=\"true\" class=\"e-font-icon-svg e-fas-check\" viewbox=\"0 0 512 512\" xmlns=\"http:\/\/www.w3.org\/2000\/svg\"><path d=\"M173.898 439.404l-166.4-166.4c-9.997-9.997-9.997-26.206 0-36.204l36.203-36.204c9.997-9.998 26.207-9.998 36.204 0L192 312.69 432.095 72.596c9.997-9.997 26.207-9.997 36.204 0l36.203 36.204c9.997 9.997 9.997 26.206 0 36.204l-294.4 294.401c-9.998 9.997-26.207 9.997-36.204-.001z\"><\/path><\/svg>\t\t\t\t\t\t<\/span>\n\t\t\t\t\t\t\t\t\t\t<span class=\"elementor-icon-list-text\">Begr\u00fc\u00dfung der G\u00e4ste<\/span>\n\t\t\t\t\t\t\t\t\t<\/li>\n\t\t\t\t\t\t\t\t<li class=\"elementor-icon-list-item\">\n\t\t\t\t\t\t\t\t\t\t\t<span class=\"elementor-icon-list-icon\">\n\t\t\t\t\t\t\t<svg aria-hidden=\"true\" class=\"e-font-icon-svg e-fas-check\" viewbox=\"0 0 512 512\" xmlns=\"http:\/\/www.w3.org\/2000\/svg\"><path d=\"M173.898 439.404l-166.4-166.4c-9.997-9.997-9.997-26.206 0-36.204l36.203-36.204c9.997-9.998 26.207-9.998 36.204 0L192 312.69 432.095 72.596c9.997-9.997 26.207-9.997 36.204 0l36.203 36.204c9.997 9.997 9.997 26.206 0 36.204l-294.4 294.401c-9.998 9.997-26.207 9.997-36.204-.001z\"><\/path><\/svg>\t\t\t\t\t\t<\/span>\n\t\t\t\t\t\t\t\t\t\t<span class=\"elementor-icon-list-text\">Marketing und Werbung<\/span>\n\t\t\t\t\t\t\t\t\t<\/li>\n\t\t\t\t\t\t<\/ul>\n\t\t\t\t\t\t<\/div>\n\t\t\t\t<\/div>\n\t\t\t\t<div class=\"elementor-element elementor-element-a69fd9b elementor-widget elementor-widget-text-editor\" data-id=\"a69fd9b\" data-element_type=\"widget\" data-widget_type=\"text-editor.default\">\n\t\t\t\t<div class=\"elementor-widget-container\">\n\t\t\t\t\t\t\t\t\t<p>Machen Sie Ihr Haus auf Sardinien zu einer stressfreien Einnahmequelle.<\/p><p>Wenn Sie einen zuverl\u00e4ssigen Partner suchen, der sich um alles oder auch nur um den Marketing- und Werbeteil k\u00fcmmert, kontaktieren Sie uns<\/p><p>Treten Sie noch heute unserem Team von Eigent\u00fcmern bei<\/p>\t\t\t\t\t\t\t\t<\/div>\n\t\t\t\t<\/div>\n\t\t\t\t<\/div>\n\t\t\t\t<\/div>\n\t\t\t\t<\/div>\n\t\t<div class=\"elementor-element elementor-element-f3cf6d1 e-con-full e-flex e-con e-parent\" data-id=\"f3cf6d1\" data-element_type=\"container\" data-settings=\"{&quot;background_background&quot;:&quot;classic&quot;}\">\n\t\t<div class=\"elementor-element elementor-element-4d26df7 e-con-full e-flex e-con e-child\" data-id=\"4d26df7\" data-element_type=\"container\" data-settings=\"{&quot;background_background&quot;:&quot;classic&quot;}\">\n\t\t<div class=\"elementor-element elementor-element-c47c77c e-con-full e-flex e-con e-child\" data-id=\"c47c77c\" data-element_type=\"container\" data-settings=\"{&quot;background_background&quot;:&quot;classic&quot;}\">\n\t\t\t\t<div class=\"elementor-element elementor-element-16d5739 elementor-widget__width-initial elementor-widget elementor-widget-heading\" data-id=\"16d5739\" data-element_type=\"widget\" data-widget_type=\"heading.default\">\n\t\t\t\t<div class=\"elementor-widget-container\">\n\t\t\t\t\t<h3 class=\"elementor-heading-title elementor-size-default\">Easyflatsardinia<br><br>\n<div class=\"agent_detail contact_detail\">\n<span class=\"fas fa-phone\" style=\"margin-right: 10px\"><\/span>\n<a href=\"tel:+393483253530\">+393483253530<\/a><\/div><br><br>\n<div class=\"agent_detail contact_detail\">\n<span class=\"far fa-envelope\" style=\"margin-right: 10px\"><\/span><a href=\"mailto:info@easyflatsardinia.com\">info@easyflatsardinia.com<\/a><\/div><\/h3>\t\t\t\t<\/div>\n\t\t\t\t<\/div>\n\t\t\t\t<\/div>\n\t\t<div class=\"elementor-element elementor-element-db6ef2c e-con-full e-flex e-con e-child\" data-id=\"db6ef2c\" data-element_type=\"container\" data-settings=\"{&quot;background_background&quot;:&quot;classic&quot;}\">\n\t\t\t\t<div class=\"elementor-element elementor-element-3de95f5 elementor-widget__width-inherit elementor-widget-mobile__width-inherit elementor-widget elementor-widget-heading\" data-id=\"3de95f5\" data-element_type=\"widget\" data-widget_type=\"heading.default\">\n\t\t\t\t<div class=\"elementor-widget-container\">\n\t\t\t\t\t<h2 class=\"elementor-heading-title elementor-size-default\">Kontakt<\/h2>\t\t\t\t<\/div>\n\t\t\t\t<\/div>\n\t\t\t\t<div class=\"elementor-element elementor-element-2b05141 elementor-button-align-stretch elementor-widget elementor-widget-WpRentals_Contact_Form_Builder\" data-id=\"2b05141\" data-element_type=\"widget\" data-widget_type=\"WpRentals_Contact_Form_Builder.default\">\n\t\t\t\t<div class=\"elementor-widget-container\">\n\t\t\t\t\t\n\n\n\n\n\t\t\t<form class=\"elementor-form wprentals_elementor_form\"  id=\"wprentals-elementor-form-2b05141\" method=\"post\" action=\"\" >\n            <div id=\"booking_form_request_mess_modal\"><\/div>\n\n            <input name=\"prop_id\" type=\"hidden\"  id=\"contact_form_elementor\" value=\"1\">\n            <input type=\"hidden\" name=\"contact_ajax_nonce\" id=\"agent_property_ajax_nonce\"  value=\"a4b9226957\" \/>\n\n            <input type=\"hidden\" id=\"elementor_email_subject\" name=\"email_suject\" value=\"New email from &quot;Easyflatsardinia&quot; \" \/>\n\n\t\t\t\t\t\t<div class=\"elementor-form-fields-wrapper elementor-labels-above\">\n\t\t\t\t\t\t\t\t<div class=\"elementor-field-group elementor-column form-group elementor-field-group-name elementor-field-required elementor-col-100\"><label for=\"form-field-name\" class=\"elementor-field-label elementor-screen-only\">Vorname und Nachname*<\/label><input type=\"text\" name=\"name\" id=\"rentals_contact_builder_name\" class=\"elementor-field form-control elementor-size-sm elementor-field-textual\" required=\"required\" placeholder=\"Vorname und Nachname\"><\/div><div class=\"elementor-field-group elementor-column form-group elementor-field-group-email elementor-field-required elementor-col-100\"><label for=\"form-field-email\" class=\"elementor-field-label elementor-screen-only\">Rufnummer*<\/label><input type=\"text\" name=\"phone\" id=\"rentals_contact_builder_phone\" class=\"elementor-field form-control elementor-size-sm elementor-field-textual\" required=\"required\" placeholder=\"Telefon Nr.\"><\/div><div class=\"elementor-field-group elementor-column form-group elementor-field-group-booking_from_date elementor-field-required elementor-col-100\"><label for=\"form-field-booking_from_date\" class=\"elementor-field-label elementor-screen-only\">E-Mail*<\/label><input type=\"email\" name=\"email\" id=\"rentals_contact_builder_email\" class=\"elementor-field form-control elementor-size-sm elementor-field-textual\" required=\"required\" placeholder=\"E-Mail\"><\/div><div class=\"elementor-field-group elementor-column form-group elementor-field-group-message elementor-col-100\"><label for=\"form-field-message\" class=\"elementor-field-label elementor-screen-only\">Nachricht<\/label><textarea class=\"form-control elementor-field-textual elementor-field elementor-size-sm\" name=\"message\" id=\"form-field-message\" rows=\"5\" placeholder=\"Nachricht\"><\/textarea><\/div>\n\t\t\t\t\t\t\t\t<div class=\"elementor-field-group elementor-column elementor-field-type-submit elementor-col-100\">\n\t\t\t\t\t\t\t\t\t\t\t\t\t\t\t\t\t\t<button type=\"submit\" class=\"agent_submit_class_elementor wpresidence_button wprentals_button_elementor elementor-button elementor-size-md\">\n\t\t\t\t\t\t\t\t\t\t\t\t\t\t\t\t\t\t\t\t\t\t\t\tNachricht senden\t\t\t\t\t\t\t\t\t\t\t\t\t\t\t\t\t\t\t\t<\/button>\n\n\t\t\t\t\t\t\t\t<\/div>\n\t\t\t\t\t\t<\/div>\n\n\n\n\t\t\t\t<input type=\"hidden\" name=\"trp-form-language\" value=\"de\"\/><\/form>\n        <script>\n\n            jQuery(document).ready(function() {\n           \n                jQuery('input[name=\"booking_from_date\"]').each(function(){             \n                    var item_parent =   jQuery(this).parent().parent();\n                    var in_date     =   item_parent.find('input[name=\"booking_from_date\"]') .attr('id');\n                    var out_date    =   item_parent.find('input[name=\"booking_to_date\"]') .attr('id');\n                    console.log('in_date : '+in_date +\" out_date \"+out_date);\n                    wpestaste_check_in_out_enable_new(in_date, out_date);\n                    \n                });\n                wprentals_elementor_submit_form();\n            });\n        <\/script>\n\n\n\n    \t\t\t\t<\/div>\n\t\t\t\t<\/div>\n\t\t\t\t<\/div>\n\t\t\t\t<\/div>\n\t\t\t\t<\/div>\n\t\t\t\t<\/div>","protected":false},"excerpt":{"rendered":"<p>Benvenuti sulla nostra piattaforma di case vacanza. Sappiamo che trovare la giusta propriet\u00e0 per le vostre vacanze pu\u00f2 richiedere molto tempo ed essere travolgente, quindi abbiamo progettato un&#8217;interfaccia intuitiva che consente di sfogliare facilmente un&#8217;ampia gamma di offerte selezionate per voi. Il nostro obiettivo \u00e8 quello di mettere in contatto gli affittuari con la propriet\u00e0 &#8230;<\/p>","protected":false},"author":1,"featured_media":0,"parent":0,"menu_order":0,"comment_status":"closed","ping_status":"closed","template":"elementor_header_footer","meta":{"inline_featured_image":false,"footnotes":""},"class_list":["post-37342","page","type-page","status-publish","hentry"],"yoast_head":"<!-- This site is optimized with the Yoast SEO plugin v24.4 - https:\/\/yoast.com\/wordpress\/plugins\/seo\/ -->\n<title>Chi Siamo<\/title>\n<meta name=\"description\" content=\"Offriamo case vacanza selezionate per ogni esigenza nel Sud della Sardegna. Ti aiutiamo a trovare la propriet\u00e0 perfetta per una vacanza indimenticabile\" \/>\n<meta name=\"robots\" content=\"index, follow, max-snippet:-1, max-image-preview:large, max-video-preview:-1\" \/>\n<link rel=\"canonical\" href=\"https:\/\/easyflatsardinia.com\/de\/chi_siamo\/\" \/>\n<meta property=\"og:locale\" content=\"de_DE\" \/>\n<meta property=\"og:type\" content=\"article\" \/>\n<meta property=\"og:title\" content=\"Chi Siamo\" \/>\n<meta property=\"og:description\" content=\"Offriamo case vacanza selezionate per ogni esigenza nel Sud della Sardegna. Ti aiutiamo a trovare la propriet\u00e0 perfetta per una vacanza indimenticabile\" \/>\n<meta property=\"og:url\" content=\"https:\/\/easyflatsardinia.com\/de\/chi_siamo\/\" \/>\n<meta property=\"og:site_name\" content=\"Easyflatsardinia\" \/>\n<meta property=\"article:modified_time\" content=\"2025-02-06T17:08:12+00:00\" \/>\n<meta property=\"og:image\" content=\"https:\/\/easyflatsardinia.com\/wp\/wp-content\/uploads\/elementor\/thumbs\/logoeasy-r0dm3f953jgq7rdl5ndwsf6595am74ia1nlv1seici.png\" \/>\n<meta name=\"twitter:card\" content=\"summary_large_image\" \/>\n<meta name=\"twitter:label1\" content=\"Gesch\u00e4tzte Lesezeit\" \/>\n\t<meta name=\"twitter:data1\" content=\"2\u00a0Minuten\" \/>\n<script type=\"application\/ld+json\" class=\"yoast-schema-graph\">{\"@context\":\"https:\/\/schema.org\",\"@graph\":[{\"@type\":\"WebPage\",\"@id\":\"https:\/\/easyflatsardinia.com\/chi_siamo\/\",\"url\":\"https:\/\/easyflatsardinia.com\/chi_siamo\/\",\"name\":\"Chi Siamo\",\"isPartOf\":{\"@id\":\"https:\/\/easyflatsardinia.com\/#website\"},\"primaryImageOfPage\":{\"@id\":\"https:\/\/easyflatsardinia.com\/chi_siamo\/#primaryimage\"},\"image\":{\"@id\":\"https:\/\/easyflatsardinia.com\/chi_siamo\/#primaryimage\"},\"thumbnailUrl\":\"https:\/\/easyflatsardinia.com\/wp\/wp-content\/uploads\/elementor\/thumbs\/logoeasy-r0dm3f953jgq7rdl5ndwsf6595am74ia1nlv1seici.png\",\"datePublished\":\"2025-01-09T07:37:13+00:00\",\"dateModified\":\"2025-02-06T17:08:12+00:00\",\"description\":\"Offriamo case vacanza selezionate per ogni esigenza nel Sud della Sardegna. Ti aiutiamo a trovare la propriet\u00e0 perfetta per una vacanza indimenticabile\",\"breadcrumb\":{\"@id\":\"https:\/\/easyflatsardinia.com\/chi_siamo\/#breadcrumb\"},\"inLanguage\":\"de\",\"potentialAction\":[{\"@type\":\"ReadAction\",\"target\":[\"https:\/\/easyflatsardinia.com\/chi_siamo\/\"]}]},{\"@type\":\"ImageObject\",\"inLanguage\":\"de\",\"@id\":\"https:\/\/easyflatsardinia.com\/chi_siamo\/#primaryimage\",\"url\":\"https:\/\/easyflatsardinia.com\/wp\/wp-content\/uploads\/elementor\/thumbs\/logoeasy-r0dm3f953jgq7rdl5ndwsf6595am74ia1nlv1seici.png\",\"contentUrl\":\"https:\/\/easyflatsardinia.com\/wp\/wp-content\/uploads\/elementor\/thumbs\/logoeasy-r0dm3f953jgq7rdl5ndwsf6595am74ia1nlv1seici.png\"},{\"@type\":\"BreadcrumbList\",\"@id\":\"https:\/\/easyflatsardinia.com\/chi_siamo\/#breadcrumb\",\"itemListElement\":[{\"@type\":\"ListItem\",\"position\":1,\"name\":\"Home\",\"item\":\"https:\/\/easyflatsardinia.com\/\"},{\"@type\":\"ListItem\",\"position\":2,\"name\":\"Chi siamo\"}]},{\"@type\":\"WebSite\",\"@id\":\"https:\/\/easyflatsardinia.com\/#website\",\"url\":\"https:\/\/easyflatsardinia.com\/\",\"name\":\"Easyflatsardinia\",\"description\":\"\",\"publisher\":{\"@id\":\"https:\/\/easyflatsardinia.com\/#organization\"},\"potentialAction\":[{\"@type\":\"SearchAction\",\"target\":{\"@type\":\"EntryPoint\",\"urlTemplate\":\"https:\/\/easyflatsardinia.com\/?s={search_term_string}\"},\"query-input\":{\"@type\":\"PropertyValueSpecification\",\"valueRequired\":true,\"valueName\":\"search_term_string\"}}],\"inLanguage\":\"de\"},{\"@type\":\"Organization\",\"@id\":\"https:\/\/easyflatsardinia.com\/#organization\",\"name\":\"Easyflatsardinia\",\"url\":\"https:\/\/easyflatsardinia.com\/\",\"logo\":{\"@type\":\"ImageObject\",\"inLanguage\":\"de\",\"@id\":\"https:\/\/easyflatsardinia.com\/#\/schema\/logo\/image\/\",\"url\":\"https:\/\/easyflatsardinia.com\/wp\/wp-content\/uploads\/2025\/01\/logo.png\",\"contentUrl\":\"https:\/\/easyflatsardinia.com\/wp\/wp-content\/uploads\/2025\/01\/logo.png\",\"width\":198,\"height\":60,\"caption\":\"Easyflatsardinia\"},\"image\":{\"@id\":\"https:\/\/easyflatsardinia.com\/#\/schema\/logo\/image\/\"}}]}<\/script>\n<!-- \/ Yoast SEO plugin. -->","yoast_head_json":{"title":"Chi Siamo","description":"Offriamo case vacanza selezionate per ogni esigenza nel Sud della Sardegna. Ti aiutiamo a trovare la propriet\u00e0 perfetta per una vacanza indimenticabile","robots":{"index":"index","follow":"follow","max-snippet":"max-snippet:-1","max-image-preview":"max-image-preview:large","max-video-preview":"max-video-preview:-1"},"canonical":"https:\/\/easyflatsardinia.com\/de\/chi_siamo\/","og_locale":"de_DE","og_type":"article","og_title":"Chi Siamo","og_description":"Offriamo case vacanza selezionate per ogni esigenza nel Sud della Sardegna. Ti aiutiamo a trovare la propriet\u00e0 perfetta per una vacanza indimenticabile","og_url":"https:\/\/easyflatsardinia.com\/de\/chi_siamo\/","og_site_name":"Easyflatsardinia","article_modified_time":"2025-02-06T17:08:12+00:00","og_image":[{"url":"https:\/\/easyflatsardinia.com\/wp\/wp-content\/uploads\/elementor\/thumbs\/logoeasy-r0dm3f953jgq7rdl5ndwsf6595am74ia1nlv1seici.png","type":"","width":"","height":""}],"twitter_card":"summary_large_image","twitter_misc":{"Gesch\u00e4tzte Lesezeit":"2\u00a0Minuten"},"schema":{"@context":"https:\/\/schema.org","@graph":[{"@type":"WebPage","@id":"https:\/\/easyflatsardinia.com\/chi_siamo\/","url":"https:\/\/easyflatsardinia.com\/chi_siamo\/","name":"Chi Siamo","isPartOf":{"@id":"https:\/\/easyflatsardinia.com\/#website"},"primaryImageOfPage":{"@id":"https:\/\/easyflatsardinia.com\/chi_siamo\/#primaryimage"},"image":{"@id":"https:\/\/easyflatsardinia.com\/chi_siamo\/#primaryimage"},"thumbnailUrl":"https:\/\/easyflatsardinia.com\/wp\/wp-content\/uploads\/elementor\/thumbs\/logoeasy-r0dm3f953jgq7rdl5ndwsf6595am74ia1nlv1seici.png","datePublished":"2025-01-09T07:37:13+00:00","dateModified":"2025-02-06T17:08:12+00:00","description":"Offriamo case vacanza selezionate per ogni esigenza nel Sud della Sardegna. Ti aiutiamo a trovare la propriet\u00e0 perfetta per una vacanza indimenticabile","breadcrumb":{"@id":"https:\/\/easyflatsardinia.com\/chi_siamo\/#breadcrumb"},"inLanguage":"de","potentialAction":[{"@type":"ReadAction","target":["https:\/\/easyflatsardinia.com\/chi_siamo\/"]}]},{"@type":"ImageObject","inLanguage":"de","@id":"https:\/\/easyflatsardinia.com\/chi_siamo\/#primaryimage","url":"https:\/\/easyflatsardinia.com\/wp\/wp-content\/uploads\/elementor\/thumbs\/logoeasy-r0dm3f953jgq7rdl5ndwsf6595am74ia1nlv1seici.png","contentUrl":"https:\/\/easyflatsardinia.com\/wp\/wp-content\/uploads\/elementor\/thumbs\/logoeasy-r0dm3f953jgq7rdl5ndwsf6595am74ia1nlv1seici.png"},{"@type":"BreadcrumbList","@id":"https:\/\/easyflatsardinia.com\/chi_siamo\/#breadcrumb","itemListElement":[{"@type":"ListItem","position":1,"name":"Home","item":"https:\/\/easyflatsardinia.com\/"},{"@type":"ListItem","position":2,"name":"Chi siamo"}]},{"@type":"WebSite","@id":"https:\/\/easyflatsardinia.com\/#website","url":"https:\/\/easyflatsardinia.com\/","name":"Easyflatsardinia","description":"","publisher":{"@id":"https:\/\/easyflatsardinia.com\/#organization"},"potentialAction":[{"@type":"SearchAction","target":{"@type":"EntryPoint","urlTemplate":"https:\/\/easyflatsardinia.com\/?s={search_term_string}"},"query-input":{"@type":"PropertyValueSpecification","valueRequired":true,"valueName":"search_term_string"}}],"inLanguage":"de"},{"@type":"Organization","@id":"https:\/\/easyflatsardinia.com\/#organization","name":"Easyflatsardinia","url":"https:\/\/easyflatsardinia.com\/","logo":{"@type":"ImageObject","inLanguage":"de","@id":"https:\/\/easyflatsardinia.com\/#\/schema\/logo\/image\/","url":"https:\/\/easyflatsardinia.com\/wp\/wp-content\/uploads\/2025\/01\/logo.png","contentUrl":"https:\/\/easyflatsardinia.com\/wp\/wp-content\/uploads\/2025\/01\/logo.png","width":198,"height":60,"caption":"Easyflatsardinia"},"image":{"@id":"https:\/\/easyflatsardinia.com\/#\/schema\/logo\/image\/"}}]}},"_links":{"self":[{"href":"https:\/\/easyflatsardinia.com\/de\/wp-json\/wp\/v2\/pages\/37342","targetHints":{"allow":["GET"]}}],"collection":[{"href":"https:\/\/easyflatsardinia.com\/de\/wp-json\/wp\/v2\/pages"}],"about":[{"href":"https:\/\/easyflatsardinia.com\/de\/wp-json\/wp\/v2\/types\/page"}],"author":[{"embeddable":true,"href":"https:\/\/easyflatsardinia.com\/de\/wp-json\/wp\/v2\/users\/1"}],"replies":[{"embeddable":true,"href":"https:\/\/easyflatsardinia.com\/de\/wp-json\/wp\/v2\/comments?post=37342"}],"version-history":[{"count":149,"href":"https:\/\/easyflatsardinia.com\/de\/wp-json\/wp\/v2\/pages\/37342\/revisions"}],"predecessor-version":[{"id":44348,"href":"https:\/\/easyflatsardinia.com\/de\/wp-json\/wp\/v2\/pages\/37342\/revisions\/44348"}],"wp:attachment":[{"href":"https:\/\/easyflatsardinia.com\/de\/wp-json\/wp\/v2\/media?parent=37342"}],"curies":[{"name":"wp","href":"https:\/\/api.w.org\/{rel}","templated":true}]}}