{"id":356,"date":"2015-04-23T12:57:21","date_gmt":"2015-04-23T12:57:21","guid":{"rendered":"http:\/\/demo1.wprentals.org\/?page_id=356"},"modified":"2025-02-06T14:48:15","modified_gmt":"2025-02-06T14:48:15","slug":"terminiecondizioni","status":"publish","type":"page","link":"https:\/\/easyflatsardinia.com\/de\/terminiecondizioni\/","title":{"rendered":"Bedingungen und Konditionen"},"content":{"rendered":"<div data-elementor-type=\"wp-page\" data-elementor-id=\"356\" class=\"elementor elementor-356\" data-elementor-post-type=\"page\">\n\t\t\t\t<div class=\"elementor-element elementor-element-784a56f0 e-flex e-con-boxed e-con e-parent\" data-id=\"784a56f0\" data-element_type=\"container\">\n\t\t\t\t\t<div class=\"e-con-inner\">\n\t\t\t\t<div class=\"elementor-element elementor-element-78e3800a elementor-widget elementor-widget-text-editor\" data-id=\"78e3800a\" data-element_type=\"widget\" data-widget_type=\"text-editor.default\">\n\t\t\t\t<div class=\"elementor-widget-container\">\n\t\t\t\t\t\t\t\t\t<p>Allgemeine Bedingungen und Konditionen<br \/>1. Einleitung<br \/>Die folgenden Allgemeinen Gesch\u00e4ftsbedingungen regeln das Verh\u00e4ltnis zwischen dem Kunden (im Folgenden \"Kunde\") und EasyFlatSardinia (im Folgenden \"Unternehmen\"), mit Sitz in Domus de Maria (SU), Via Ungheria 7a, C.F. und P. IVA IT04105970927. Das Unternehmen betreibt eine Online-Plattform (www.easyflatsardinia.com, im Folgenden die \"Website\") f\u00fcr die Buchung und Bezahlung von Unterk\u00fcnften zu touristischen Zwecken. Die Dienstleistungen von EasyFlatSardinia umfassen die Verwaltung von Unterk\u00fcnften und die Bereitstellung von Nebenleistungen (Reinigung, W\u00e4sche, Betreuung w\u00e4hrend des Aufenthalts usw.). Die Buchung einer Unterkunft \u00fcber die Website setzt die Annahme der folgenden Allgemeinen Gesch\u00e4ftsbedingungen voraus.<br \/>2. Buchungsmodalit\u00e4ten<br \/>Der Kunde kann die Verf\u00fcgbarkeit und die Preise in Echtzeit auf der Website einsehen. Um eine Reservierung zu best\u00e4tigen, muss der Kunde die Zahlung gem\u00e4\u00df den Anweisungen des Eigent\u00fcmers der Immobilie vornehmen oder mit ihm in eine vertrauliche Verhandlung treten. Erst nach erfolgter Zahlung erh\u00e4lt der Kunde eine E-Mail-Best\u00e4tigung mit den Einzelheiten der Reservierung, einschlie\u00dflich der gew\u00fcnschten Zusatzleistungen. Die Reservierung gilt erst dann als best\u00e4tigt, wenn der Kunde die Best\u00e4tigung per E-Mail erhalten hat. Die Website und das Unternehmen stellen die Plattform f\u00fcr G\u00e4ste und Eigent\u00fcmer zur Verf\u00fcgung, um durch Verhandlungen den besten Preis zur vollen Zufriedenheit beider Parteien zu finden.<br \/>3. Geb\u00fchren und Zahlung<br \/>Die Preise f\u00fcr die Unterkunft beinhalten die Miete, die Reinigungskosten und die Nebenleistungen, ohne Steuern. Reservierungen m\u00fcssen vollst\u00e4ndig per Kreditkarte, Bank\u00fcberweisung oder auf eine vom Vermieter bei der Best\u00e4tigung oder vor dem Check-in festgelegte Weise bezahlt werden. Die Kurtaxe ist nicht inbegriffen und muss beim Check-in bezahlt werden. Jegliche Sch\u00e4den, die an der Immobilie oder am Eigentum verursacht werden, werden dem Kunden gem\u00e4\u00df dem Mietvertrag in Rechnung gestellt.<br \/>4. Stornierung von Reservierungen<br \/>Es gibt zwei Arten von Tarifen: erstattungsf\u00e4hige und nicht erstattungsf\u00e4hige. Bei erstattungsf\u00e4higen Tarifen ist es m\u00f6glich, die Buchung vor dem Einchecken zu stornieren und den vollen Betrag zur\u00fcckzuerstatten. Bei nicht erstattungsf\u00e4higen Tarifen gibt es keine Erstattung oder \u00c4nderung der Reservierung. Bei Nichterscheinen wird der volle Betrag der Reservierung in Rechnung gestellt. Die Stornierung oder \u00c4nderung einer Reservierung unterliegt bestimmten Bedingungen, die in der Buchungs\u00fcbersicht angegeben sind.<br \/>5. Einchecken und Auschecken<br \/>Der Kunde muss die Check-in-Zeit im Voraus best\u00e4tigen und beim Check-in Ausweispapiere f\u00fcr alle G\u00e4ste vorlegen. Der Check-in kann entweder pers\u00f6nlich oder \u00fcber ein Online-Check-in-System mit elektronischer Unterschrift per OTP (One-Time Password) erfolgen. Der Kunde ist daf\u00fcr verantwortlich, dass die in der Buchungsbest\u00e4tigung angegebene Personenzahl nicht \u00fcberschritten wird. Die Schl\u00fcssel m\u00fcssen auf die vereinbarte Weise zur\u00fcckgegeben werden.<br \/>6. Sicherheitskaution<br \/>Beim Check-in muss der Kunde, falls gew\u00fcnscht, eine Kaution hinterlegen. Die Kaution wird am Ende des Aufenthalts zur\u00fcckerstattet, es sei denn, es werden Sch\u00e4den in der Unterkunft festgestellt. Im Falle eines Schadens beh\u00e4lt sich das Unternehmen das Recht vor, den Betrag der Kaution zur Deckung der Reparaturkosten einzubehalten.<br \/>7. \u00c4nderung der Reservierung<br \/>Das Unternehmen beh\u00e4lt sich das Recht vor, die Unterkunft durch eine gleich- oder h\u00f6herwertige Unterkunft zu ersetzen, wenn unvorhergesehene Umst\u00e4nde eintreten, auf die es keinen Einfluss hat. Der Kunde wird umgehend informiert und muss die \u00c4nderung best\u00e4tigen. Wenn keine gleichwertige Unterkunft verf\u00fcgbar ist, kann das Unternehmen eine zus\u00e4tzliche Geb\u00fchr f\u00fcr die Ersatzunterkunft berechnen.<br \/>8. Regeln f\u00fcr den Aufenthalt in der Unterkunft<br \/>Der Kunde ist verpflichtet, die Regeln f\u00fcr die Nutzung der Unterkunft zu respektieren und im Falle einer Unterkunft in einem Wohnblock Sch\u00e4den oder St\u00f6rungen der anderen Bewohner zu vermeiden. Es ist verboten, ohne schriftliche Genehmigung des Unternehmens zu rauchen oder Tiere mitzubringen. Der Kunde ist verpflichtet, die Abf\u00e4lle gem\u00e4\u00df den \u00f6rtlichen Vorschriften ordnungsgem\u00e4\u00df zu trennen.<br \/>9. Reservierungen l\u00e4nger als 30 Tage<br \/>F\u00fcr Aufenthalte von mehr als 30 Tagen muss der Kunde eine Reservierung direkt bei der Gesellschaft beantragen.<\/p><p>Die Reservierung wird erst nach der Unterzeichnung des Mietvertrags und der Vorauszahlung der ersten Monatsmiete, der Kaution und sonstiger Nebenkosten abgeschlossen.<br \/>10. Sanktionen und Haftungsbeschr\u00e4nkung<br \/>Der Kunde akzeptiert die vorgesehenen Sanktionen im Falle von Sch\u00e4den am Eigentum und den darin enthaltenen G\u00fctern. Das Unternehmen haftet nicht f\u00fcr Diebstahl oder Besch\u00e4digung des pers\u00f6nlichen Eigentums des Kunden sowie f\u00fcr nicht zurechenbare Unterbrechungen der Dienstleistungen (Strom, Wasser, Gas, Internet).<br \/>11. Reklamationen und Adressen<br \/>Bei Beschwerden oder Anfragen kann der Kunde das Unternehmen per E-Mail unter info@easyflatsardinia.com kontaktieren. Das Unternehmen wird die Beschwerde innerhalb von 30 Tagen nach Erhalt beantworten.<\/p><p>\u00a0<\/p>\t\t\t\t\t\t\t\t<\/div>\n\t\t\t\t<\/div>\n\t\t\t\t\t<\/div>\n\t\t\t\t<\/div>\n\t\t\t\t<\/div>","protected":false},"excerpt":{"rendered":"<p>Termini e Condizioni Generali1. IntroduzioneI seguenti Termini e Condizioni Generali regolano i rapporti tra il cliente (di seguito il \u201cCliente\u201d) e EasyFlatSardinia (di seguito \u201cSociet\u00e0\u201d), con sede legale a Domus de Maria (SU), Via Ungheria 7a, C.F. e P. IVA IT04105970927. La Societ\u00e0 gestisce una piattaforma online (www.easyflatsardinia.com, di seguito il \u201cSito\u201d) per la prenotazione &#8230;<\/p>","protected":false},"author":1,"featured_media":0,"parent":0,"menu_order":0,"comment_status":"closed","ping_status":"closed","template":"terms_conditions.php","meta":{"inline_featured_image":false,"footnotes":""},"class_list":["post-356","page","type-page","status-publish","hentry"],"yoast_head":"<!-- This site is optimized with the Yoast SEO plugin v24.4 - https:\/\/yoast.com\/wordpress\/plugins\/seo\/ -->\n<title>Ville e Case Vacanze nel Sud della Sardegna | Easy Flat Sardinia<\/title>\n<meta name=\"robots\" content=\"noindex, nofollow\" \/>\n<meta property=\"og:locale\" content=\"de_DE\" \/>\n<meta property=\"og:type\" content=\"article\" \/>\n<meta property=\"og:title\" content=\"Ville e Case Vacanze nel Sud della Sardegna | Easy Flat Sardinia\" \/>\n<meta property=\"og:description\" content=\"Termini e Condizioni Generali1. IntroduzioneI seguenti Termini e Condizioni Generali regolano i rapporti tra il cliente (di seguito il \u201cCliente\u201d) e EasyFlatSardinia (di seguito \u201cSociet\u00e0\u201d), con sede legale a Domus de Maria (SU), Via Ungheria 7a, C.F. e P. IVA IT04105970927. La Societ\u00e0 gestisce una piattaforma online (www.easyflatsardinia.com, di seguito il \u201cSito\u201d) per la prenotazione ...\" \/>\n<meta property=\"og:url\" content=\"https:\/\/easyflatsardinia.com\/de\/terminiecondizioni\/\" \/>\n<meta property=\"og:site_name\" content=\"Easyflatsardinia\" \/>\n<meta property=\"article:modified_time\" content=\"2025-02-06T14:48:15+00:00\" \/>\n<meta name=\"twitter:card\" content=\"summary_large_image\" \/>\n<meta name=\"twitter:label1\" content=\"Gesch\u00e4tzte Lesezeit\" \/>\n\t<meta name=\"twitter:data1\" content=\"4\u00a0Minuten\" \/>\n<script type=\"application\/ld+json\" class=\"yoast-schema-graph\">{\"@context\":\"https:\/\/schema.org\",\"@graph\":[{\"@type\":\"WebPage\",\"@id\":\"https:\/\/easyflatsardinia.com\/terminiecondizioni\/\",\"url\":\"https:\/\/easyflatsardinia.com\/terminiecondizioni\/\",\"name\":\"Ville e Case Vacanze nel Sud della Sardegna | Easy Flat Sardinia\",\"isPartOf\":{\"@id\":\"https:\/\/easyflatsardinia.com\/#website\"},\"datePublished\":\"2015-04-23T12:57:21+00:00\",\"dateModified\":\"2025-02-06T14:48:15+00:00\",\"breadcrumb\":{\"@id\":\"https:\/\/easyflatsardinia.com\/terminiecondizioni\/#breadcrumb\"},\"inLanguage\":\"de\",\"potentialAction\":[{\"@type\":\"ReadAction\",\"target\":[\"https:\/\/easyflatsardinia.com\/terminiecondizioni\/\"]}]},{\"@type\":\"BreadcrumbList\",\"@id\":\"https:\/\/easyflatsardinia.com\/terminiecondizioni\/#breadcrumb\",\"itemListElement\":[{\"@type\":\"ListItem\",\"position\":1,\"name\":\"Home\",\"item\":\"https:\/\/easyflatsardinia.com\/\"},{\"@type\":\"ListItem\",\"position\":2,\"name\":\"Termini e Condizioni\"}]},{\"@type\":\"WebSite\",\"@id\":\"https:\/\/easyflatsardinia.com\/#website\",\"url\":\"https:\/\/easyflatsardinia.com\/\",\"name\":\"Easyflatsardinia\",\"description\":\"\",\"publisher\":{\"@id\":\"https:\/\/easyflatsardinia.com\/#organization\"},\"potentialAction\":[{\"@type\":\"SearchAction\",\"target\":{\"@type\":\"EntryPoint\",\"urlTemplate\":\"https:\/\/easyflatsardinia.com\/?s={search_term_string}\"},\"query-input\":{\"@type\":\"PropertyValueSpecification\",\"valueRequired\":true,\"valueName\":\"search_term_string\"}}],\"inLanguage\":\"de\"},{\"@type\":\"Organization\",\"@id\":\"https:\/\/easyflatsardinia.com\/#organization\",\"name\":\"Easyflatsardinia\",\"url\":\"https:\/\/easyflatsardinia.com\/\",\"logo\":{\"@type\":\"ImageObject\",\"inLanguage\":\"de\",\"@id\":\"https:\/\/easyflatsardinia.com\/#\/schema\/logo\/image\/\",\"url\":\"https:\/\/easyflatsardinia.com\/wp\/wp-content\/uploads\/2025\/01\/logo.png\",\"contentUrl\":\"https:\/\/easyflatsardinia.com\/wp\/wp-content\/uploads\/2025\/01\/logo.png\",\"width\":198,\"height\":60,\"caption\":\"Easyflatsardinia\"},\"image\":{\"@id\":\"https:\/\/easyflatsardinia.com\/#\/schema\/logo\/image\/\"}}]}<\/script>\n<!-- \/ Yoast SEO plugin. -->","yoast_head_json":{"title":"Ville e Case Vacanze nel Sud della Sardegna | Easy Flat Sardinia","robots":{"index":"noindex","follow":"nofollow"},"og_locale":"de_DE","og_type":"article","og_title":"Ville e Case Vacanze nel Sud della Sardegna | Easy Flat Sardinia","og_description":"Termini e Condizioni Generali1. IntroduzioneI seguenti Termini e Condizioni Generali regolano i rapporti tra il cliente (di seguito il \u201cCliente\u201d) e EasyFlatSardinia (di seguito \u201cSociet\u00e0\u201d), con sede legale a Domus de Maria (SU), Via Ungheria 7a, C.F. e P. IVA IT04105970927. La Societ\u00e0 gestisce una piattaforma online (www.easyflatsardinia.com, di seguito il \u201cSito\u201d) per la prenotazione ...","og_url":"https:\/\/easyflatsardinia.com\/de\/terminiecondizioni\/","og_site_name":"Easyflatsardinia","article_modified_time":"2025-02-06T14:48:15+00:00","twitter_card":"summary_large_image","twitter_misc":{"Gesch\u00e4tzte Lesezeit":"4\u00a0Minuten"},"schema":{"@context":"https:\/\/schema.org","@graph":[{"@type":"WebPage","@id":"https:\/\/easyflatsardinia.com\/terminiecondizioni\/","url":"https:\/\/easyflatsardinia.com\/terminiecondizioni\/","name":"Ville e Case Vacanze nel Sud della Sardegna | Easy Flat Sardinia","isPartOf":{"@id":"https:\/\/easyflatsardinia.com\/#website"},"datePublished":"2015-04-23T12:57:21+00:00","dateModified":"2025-02-06T14:48:15+00:00","breadcrumb":{"@id":"https:\/\/easyflatsardinia.com\/terminiecondizioni\/#breadcrumb"},"inLanguage":"de","potentialAction":[{"@type":"ReadAction","target":["https:\/\/easyflatsardinia.com\/terminiecondizioni\/"]}]},{"@type":"BreadcrumbList","@id":"https:\/\/easyflatsardinia.com\/terminiecondizioni\/#breadcrumb","itemListElement":[{"@type":"ListItem","position":1,"name":"Home","item":"https:\/\/easyflatsardinia.com\/"},{"@type":"ListItem","position":2,"name":"Termini e Condizioni"}]},{"@type":"WebSite","@id":"https:\/\/easyflatsardinia.com\/#website","url":"https:\/\/easyflatsardinia.com\/","name":"Easyflatsardinia","description":"","publisher":{"@id":"https:\/\/easyflatsardinia.com\/#organization"},"potentialAction":[{"@type":"SearchAction","target":{"@type":"EntryPoint","urlTemplate":"https:\/\/easyflatsardinia.com\/?s={search_term_string}"},"query-input":{"@type":"PropertyValueSpecification","valueRequired":true,"valueName":"search_term_string"}}],"inLanguage":"de"},{"@type":"Organization","@id":"https:\/\/easyflatsardinia.com\/#organization","name":"Easyflatsardinia","url":"https:\/\/easyflatsardinia.com\/","logo":{"@type":"ImageObject","inLanguage":"de","@id":"https:\/\/easyflatsardinia.com\/#\/schema\/logo\/image\/","url":"https:\/\/easyflatsardinia.com\/wp\/wp-content\/uploads\/2025\/01\/logo.png","contentUrl":"https:\/\/easyflatsardinia.com\/wp\/wp-content\/uploads\/2025\/01\/logo.png","width":198,"height":60,"caption":"Easyflatsardinia"},"image":{"@id":"https:\/\/easyflatsardinia.com\/#\/schema\/logo\/image\/"}}]}},"_links":{"self":[{"href":"https:\/\/easyflatsardinia.com\/de\/wp-json\/wp\/v2\/pages\/356","targetHints":{"allow":["GET"]}}],"collection":[{"href":"https:\/\/easyflatsardinia.com\/de\/wp-json\/wp\/v2\/pages"}],"about":[{"href":"https:\/\/easyflatsardinia.com\/de\/wp-json\/wp\/v2\/types\/page"}],"author":[{"embeddable":true,"href":"https:\/\/easyflatsardinia.com\/de\/wp-json\/wp\/v2\/users\/1"}],"replies":[{"embeddable":true,"href":"https:\/\/easyflatsardinia.com\/de\/wp-json\/wp\/v2\/comments?post=356"}],"version-history":[{"count":11,"href":"https:\/\/easyflatsardinia.com\/de\/wp-json\/wp\/v2\/pages\/356\/revisions"}],"predecessor-version":[{"id":44252,"href":"https:\/\/easyflatsardinia.com\/de\/wp-json\/wp\/v2\/pages\/356\/revisions\/44252"}],"wp:attachment":[{"href":"https:\/\/easyflatsardinia.com\/de\/wp-json\/wp\/v2\/media?parent=356"}],"curies":[{"name":"wp","href":"https:\/\/api.w.org\/{rel}","templated":true}]}}