{"id":35042,"date":"2019-08-06T10:53:44","date_gmt":"2019-08-06T10:53:44","guid":{"rendered":"https:\/\/main.wprentals.org\/?page_id=35042"},"modified":"2025-02-06T14:40:43","modified_gmt":"2025-02-06T14:40:43","slug":"gdpr-terms-and-conditions","status":"publish","type":"page","link":"https:\/\/easyflatsardinia.com\/de\/gdpr-terms-and-conditions\/","title":{"rendered":"GDPR"},"content":{"rendered":"<div data-elementor-type=\"wp-page\" data-elementor-id=\"35042\" class=\"elementor elementor-35042\" data-elementor-post-type=\"page\">\n\t\t\t\t<div class=\"elementor-element elementor-element-6688c2b6 e-flex e-con-boxed e-con e-parent\" data-id=\"6688c2b6\" data-element_type=\"container\">\n\t\t\t\t\t<div class=\"e-con-inner\">\n\t\t\t\t<div class=\"elementor-element elementor-element-2d5596ce elementor-widget elementor-widget-text-editor\" data-id=\"2d5596ce\" data-element_type=\"widget\" data-widget_type=\"text-editor.default\">\n\t\t\t\t<div class=\"elementor-widget-container\">\n\t\t\t\t\t\t\t\t\t<p>INFORMATIONEN \u00dcBER DIE VERARBEITUNG PERSONENBEZOGENER DATEN INHABER<br>Gem\u00e4\u00df den Artikeln 13 und 14 der Verordnung (EU) 2016\/679 (GDPR)<br>Mit dieser Mitteilung m\u00f6chten wir Sie gem\u00e4\u00df Artikel 13 der EU-Verordnung Nr. 2016\/679 (auch \"GDPR\" genannt) \u00fcber die Verarbeitung Ihrer personenbezogenen Daten informieren, die bei der Interaktion mit der Website www.easyflatsardinia.com erfasst und verarbeitet werden.<br>Hinweis: F\u00fcr Behandlungen im Zusammenhang mit der Buchung von Aufenthalten \u00fcber den Link \"Buchen\", beachten Sie bitte die Informationen f\u00fcr Dirigenten am Ende der Seite.<br>Es wird auch auf die Cookie-Richtlinie verwiesen, die auf der Website verf\u00fcgbar ist und spezifische Informationen \u00fcber die Verarbeitung der Browsing-Daten der betroffenen Person enth\u00e4lt. Die Verwendung von Cookies zielt insbesondere darauf ab, die Funktionalit\u00e4t und die Qualit\u00e4t der Website zu verbessern, und zwar auf der Grundlage des berechtigten Interesses der<br>Controller, mit Ausnahme von Cookies, die die ausdr\u00fcckliche Zustimmung der betroffenen Person erfordern. Dritte, die Cookies bereitstellen, gelten als externe f\u00fcr die Datenverarbeitung Verantwortliche und m\u00fcssen diesbez\u00fcglich ausf\u00fchrliche Informationen bereitstellen.<\/p>\n<p>1. DATENKONTROLLEUR<br>Der Inhaber der Datenverarbeitung ist EasyFlatSardinia, mit Sitz in Via Ungheria n. 7a, 09010 - Domus de Maria (SU), Italien, vertreten durch seinen gesetzlichen Vertreter pro tempore. Der f\u00fcr die Verarbeitung Verantwortliche kann f\u00fcr jede Anfrage bez\u00fcglich personenbezogener Daten kontaktiert werden:<br>- Gew\u00f6hnliche Post: an den oben angegebenen Firmensitz<br>- E-Mail: info@easyflatsardinia.com<br>- PEC: easyflatsardinia@pec.it<br>Der beh\u00f6rdliche Datenschutzbeauftragte (DSB) ist Herr Spada Corrado, der per E-Mail unter info@easyflatsardinia.com kontaktiert werden kann.<\/p>\n<p>2. KATEGORIEN VON PERSONENBEZOGENEN DATEN, DIE DER VERARBEITUNG UNTERLIEGEN<br>Der f\u00fcr die Verarbeitung Verantwortliche verarbeitet die folgenden Kategorien personenbezogener Daten der betroffenen Person, die \u00fcber die Formulare auf der Website www.easyflatsardinia.com unter den Links \"Kontakt\", \"Anfrage\" und<br>Jetzt buchen\":<br>- Identifikationsdaten: Vorname und Nachname<br>- Kontaktdaten: E-Mail Adresse und Telefonnummer<br>- Sonstige Daten: alle Informationen, die in der von der betroffenen Person gesendeten Nachricht enthalten sind<\/p>\n<p>3. ZWECK DER VERARBEITUNG UND RECHTSGRUNDLAGE<br>Die personenbezogenen Daten werden zu folgenden Zwecken verarbeitet:<br>- Beantwortung von Anfragen und Mitteilungen, die von der betroffenen Person \u00fcber die Website \u00fcbermittelt werden.<br>Die Rechtsgrundlage f\u00fcr die Verarbeitung dieser Daten ist die freie und informierte Zustimmung der betroffenen Person, die in dem an den f\u00fcr die Verarbeitung Verantwortlichen gerichteten Ersuchen um R\u00fcckmeldung zum Ausdruck gebracht wird. Die Bereitstellung der Daten ist erforderlich, um auf die Anfragen antworten zu k\u00f6nnen. Die Verweigerung der Datenbereitstellung kann die Beantwortung der Anfragen unm\u00f6glich machen.<\/p>\n<p>4. BEHANDLUNGSMETHODEN<br>Die Verarbeitung personenbezogener Daten erfolgt nach den Grunds\u00e4tzen der:<br>- Vertraulichkeit<br>- Korrektheit<br>- Die Notwendigkeit<br>- Relevanz<br>- Rechtm\u00e4\u00dfigkeit<br>- Transparenz<br>Die Verarbeitung erfolgt sowohl mit elektronischen als auch mit papiergest\u00fctzten Instrumenten im Einklang mit den geltenden Rechtsvorschriften. Es werden geeignete Sicherheitsma\u00dfnahmen getroffen, um Datenverlust, unrechtm\u00e4\u00dfige oder unbefugte Verarbeitung und unbefugten Zugang zu verhindern. Die Daten werden nur von Mitarbeitern verarbeitet<br>vom f\u00fcr die Verarbeitung Verantwortlichen genehmigt werden, der diesbez\u00fcglich besondere Anweisungen erh\u00e4lt.<\/p>\n<p>5. DAUER DER BEHANDLUNG<br>Die personenbezogenen Daten werden f\u00fcr einen Zeitraum von maximal 1 Jahr ab dem Zeitpunkt der Erhebung gespeichert. Dieser Zeitraum kann verl\u00e4ngert werden, um eventuelle Streitigkeiten zu kl\u00e4ren oder im Falle einer durch italienische oder europ\u00e4ische Vorschriften vorgesehenen Ausnahme.<\/p>\n<p>6. \u00dcBERMITTLUNG VON DATEN<br>Zus\u00e4tzlich zu den gesetzlich vorgeschriebenen oder von den zust\u00e4ndigen Beh\u00f6rden verlangten Mitteilungen k\u00f6nnen die erhobenen personenbezogenen Daten an die folgenden Stellen \u00fcbermittelt werden, die als externe Datenverarbeiter benannt wurden:<br>- Unternehmensberater<br>- Unternehmen, die Wartung oder Unterst\u00fctzung f\u00fcr Plattformen oder Anwendungen anbieten<br>- Fachleute f\u00fcr Computersysteme und elektronische Ger\u00e4te in Unternehmen<br>- Anbieter von Unternehmens- und Verwaltungssoftware<br>- Anbieter von Kommunikationsdiensten (z. B. E-Mail)<br>Daten, die sich auf die Kommunikation zwischen der betroffenen Person und dem f\u00fcr die Datenverarbeitung Verantwortlichen beziehen, k\u00f6nnen an Immobilienmakler weitergegeben werden, die mit EasyFlatSardinia zusammenarbeiten.<\/p>\n<p>6.1. \u00dcBERWEISUNGEN IN DRITTL\u00c4NDER<br>Der f\u00fcr die Verarbeitung Verantwortliche sieht keine \u00dcbermittlung personenbezogener Daten in L\u00e4nder au\u00dferhalb der Europ\u00e4ischen Union vor, jedoch kann ein Teil der Daten aufgrund von Software- und Kommunikationsdienstleistern auf Servern au\u00dferhalb des Europ\u00e4ischen Wirtschaftsraums (EWR) \u00fcbertragen werden. Dienstanbieter wie Microsoft Corporation und Google Ireland Limited halten sich an den Datenschutzrahmen und ergreifen angemessene Schutzma\u00dfnahmen.<br>Weitere Einzelheiten entnehmen Sie bitte den nachstehenden Angaben der Lieferanten:<br>- Microsoft: Erkl\u00e4rung zum Datenschutz<br>- Google: Datenschutzbestimmungen<\/p>\n<p>7. RECHTE DER BETROFFENEN PERSON<br>Gem\u00e4\u00df Artikel 15 ff. der Datenschutz-Grundverordnung hat die betroffene Person das Recht auf Auskunft:<br>- Zugang zu den eigenen Daten (Art. 15 GDPR)<\/p>\n<p>- Berichtigung der eigenen Daten (Art. 16 GDPR)<br>- Ihre Daten l\u00f6schen (Art. 17 GDPR)<br>- Einschr\u00e4nkung der Verarbeitung (Art. 18 GDPR)<br>- Daten\u00fcbertragbarkeit (Art. 20 GDPR)<br>- Widerspruch gegen die Verarbeitung (Art. 21 GDPR)<br>- die Einwilligung zu widerrufen (wenn die Verarbeitung auf der Grundlage der Einwilligung erfolgt), ohne dass die Rechtm\u00e4\u00dfigkeit der vorherigen Verarbeitung ber\u00fchrt wird (Art. 7(3) GDPR)<br>- eine Beschwerde bei der Datenschutzbeh\u00f6rde einreichen oder bei der zust\u00e4ndigen Justizbeh\u00f6rde Rechtsmittel einlegen (Artikel 77 und 78 DSGVO).<br>7.1 Einzelheiten des Zugangsrechts<br>Die betroffene Person hat das Recht, eine Best\u00e4tigung dar\u00fcber zu erhalten, ob sie betreffende personenbezogene Daten verarbeitet werden oder nicht, Zugang zu diesen Daten zu erhalten, die Zwecke der Verarbeitung, die Kategorien der verarbeiteten Daten, die Empf\u00e4nger der Daten und die Dauer der Speicherung zu erfahren.<br>7.2 Einzelheiten zum Beschwerderecht<br>Die betroffene Person kann eine Beschwerde bei der Datenschutzbeh\u00f6rde einreichen. Weitere Informationen finden Sie auf der offiziellen Website: www.garanteprivacy.it.<\/p>\n<p>Zur Aus\u00fcbung ihrer Rechte und f\u00fcr weitere Anfragen kann sich die betroffene Person an den f\u00fcr die Verarbeitung Verantwortlichen und den DSB unter den in Absatz 1 genannten Kontaktdaten wenden.<\/p>\n<p>INFORMATIONEN \u00dcBER DIE VERARBEITUNG DER PERSONENBEZOGENEN DATEN DER MIETER GEM\u00c4SS ARTIKEL 13 UND 14 DER EU-VERORDNUNG 2016\/679 (GDPR)<br>Mit dieser Mitteilung m\u00f6chten wir Sie gem\u00e4\u00df den Bestimmungen von Artikel 13 der EU-Verordnung Nr. 2016\/679 (GDPR) \u00fcber die Verarbeitung Ihrer personenbezogenen Daten informieren, die von EasyFlatSardinia f\u00fcr vertragliche und buchhalterische Zwecke erfasst und verarbeitet werden.<\/p>\n<p>1. DATENKONTROLLEUR<br>Der Inhaber der Datenverarbeitung ist EasyFlatSardinia, mit Sitz in Via Ungheria 7a, 09010 - Domus de Maria (CA), Italien, in der Person seines gesetzlichen Vertreters pro tempore. Der f\u00fcr die Datenverarbeitung Verantwortliche kann f\u00fcr alle Belange im Zusammenhang mit personenbezogenen Daten kontaktiert werden:<br>- Per normaler oder eingeschriebener Post: an den oben angegebenen Firmensitz<br>- Per E-Mail: info@easyflatsardinia.com<br>- \u00dcber PEC: easyflatsardinia@pec.it<br>Der beh\u00f6rdliche Datenschutzbeauftragte (DSB) ist Herr Spada Corrado, der per E-Mail zu erreichen ist<br>unter info@easyflatsardinia.com.<\/p>\n<p>2. KATEGORIEN VON PERSONENBEZOGENEN DATEN, DIE DER VERARBEITUNG UNTERLIEGEN<br>Der f\u00fcr die Verarbeitung Verantwortliche verarbeitet die folgenden Kategorien personenbezogener Daten der betroffenen Person, die bei der Aushandlung des Vertragsverh\u00e4ltnisses zur Verf\u00fcgung gestellt oder erworben oder EasyFlatSardinia vom Eigent\u00fcmer der Immobilie \u00fcbermittelt wurden:<br>- Pers\u00f6nliche Identifikationsdaten: Vorname, Nachname, Steuernummer;<\/p>\n<p>- Kontakt und Kontaktdaten: E-Mail-Adresse, Telefonnummer, Wohnanschrift oder abweichende Anschrift von<br>Adresse;<br>- Reservierungsnummer;<br>- Zahlungsdaten: Geb\u00fchreninformationen, Bank- und\/oder Kreditkartendaten,<br>Verwaltung der Kautionen und Garantien;<br>- Zufriedenheitsdaten und Statistiken: Informationen \u00fcber den Grad der Zufriedenheit mit den Dienstleistungen<br>ausgezahlte Betr\u00e4ge, Angaben zu den Aufenthalten und zu den Gegenst\u00e4nden der geschlossenen Vertr\u00e4ge.<\/p>\n<p>3. ZWECK DER VERARBEITUNG UND RECHTSGRUNDLAGE<br>Die personenbezogenen Daten werden zu folgenden Zwecken verarbeitet:<br>1. Vertragsabschluss und -durchf\u00fchrung: Mietvertrag, Dienstleistungsvertrag und vorvertragliche Ma\u00dfnahmen, die von der interessierten Partei verlangt werden.<br>2. Festsetzung und Zahlung von Miete und Dienstleistungen: Verwaltung der Zahlungen im Zusammenhang mit dem Aufenthalt.<br>3. Erf\u00fcllung der gesetzlichen und vertraglichen Verpflichtungen: einschlie\u00dflich der steuerlichen, verwaltungstechnischen und versicherungstechnischen Verpflichtungen im Zusammenhang mit dem Vertrag.<br>4. Korrespondenzverwaltung: f\u00fcr die Kommunikation zwischen den Parteien.<br>5. Marketing-Aktivit\u00e4ten und Versand von Werbematerial: durch automatisierte Mittel (E-Mail, SMS, App, Messaging) und traditionelle Mittel (Telefonanrufe mit Vermittlung, Papierpost).<br>6. Zufriedenheitsmonitoring und statistische Untersuchungen: durch Befragungen und andere Mittel zur Ermittlung.<br>Die Rechtsgrundlage f\u00fcr die Verarbeitung von Daten f\u00fcr vertragliche und gesetzliche Zwecke ist die Erf\u00fcllung des Vertrags und die Erf\u00fcllung rechtlicher Verpflichtungen (Art. 6(1)(b) und (c) GDPR).<br>F\u00fcr Marketingzwecke und die Zusendung von Werbematerial ist die Rechtsgrundlage das berechtigte Interesse des f\u00fcr die Verarbeitung Verantwortlichen (Art. 6 Abs. 1 Buchstabe f DSGVO), es sei denn, es ist eine ausdr\u00fcckliche Einwilligung erforderlich. Die Rechtsgrundlage f\u00fcr statistische Forschungst\u00e4tigkeiten ist die Einwilligung der betroffenen Person (Art. 6 Abs. 1 Buchstabe a DSGVO).<br>Die Bereitstellung der Daten ist f\u00fcr die Abwicklung des Vertragsverh\u00e4ltnisses erforderlich, und die Nichtbereitstellung dieser Daten kann die Ausf\u00fchrung des Vertrags verhindern.<\/p>\n<p>4. BEHANDLUNGSMETHODEN<br>Die Verarbeitung personenbezogener Daten erfolgt nach den Grunds\u00e4tzen der:<br>- Rechtm\u00e4\u00dfigkeit, Fairness und Transparenz<br>- Zweckbindung<br>- Minimierung der Datenmenge<br>- Exaktheit<br>- Einschr\u00e4nkung der Konservierung<br>- Integrit\u00e4t und Vertraulichkeit<br>Die Daten werden auf Papier und elektronisch verarbeitet, wobei geeignete Sicherheitsma\u00dfnahmen getroffen werden, um einen Verlust oder Missbrauch der Daten zu verhindern. Die Daten werden nur von befugtem Personal verarbeitet, das spezifische Anweisungen erh\u00e4lt.<\/p>\n<p>5. DAUER UND KRITERIEN DER DATENSPEICHERUNG<br>Die Daten werden so lange aufbewahrt, wie es f\u00fcr die Erf\u00fcllung des Vertrags und der gesetzlichen Verpflichtungen erforderlich ist, h\u00f6chstens jedoch 10 Jahre nach Vertragsabschluss, soweit dies gesetzlich vorgeschrieben ist. F\u00fcr Marketingzwecke werden die Daten f\u00fcr 12 Monate nach Beendigung des Vertrags oder bis zum Widerruf der Einwilligung aufbewahrt.<br>Zustimmung. Zu Zufriedenheits- und Forschungszwecken werden die Daten f\u00fcr 12 Monate nach der Erhebung aufbewahrt.<\/p>\n<p>6. \u00dcBERMITTLUNG VON DATEN<br>Zus\u00e4tzlich zu den gesetzlich vorgeschriebenen Mitteilungen k\u00f6nnen die Daten an die folgenden Stellen als Datenverarbeiter weitergeleitet werden:<br>- Buchhalter, Unternehmensberater, Immobilienmakler, Anbieter von Wartung und technischer Unterst\u00fctzung, Anbieter von Unternehmenssoftware und Mitarbeiter, die f\u00fcr die Erf\u00fcllung des Vertrags erforderlich sind.<br>6.1 Daten\u00fcbermittlung an Drittl\u00e4nder<br>Die Daten werden nicht au\u00dferhalb des Europ\u00e4ischen Wirtschaftsraums (EWR) \u00fcbertragen. Einige Softwareanbieter k\u00f6nnen jedoch Daten an Server au\u00dferhalb des EWR \u00fcbertragen, wobei sie dennoch angemessene Schutzma\u00dfnahmen im Einklang mit der DSGVO gew\u00e4hrleisten (Microsoft Corporation und Google Ireland Limited).<\/p>\n<p>7. RECHTE DER BETROFFENEN PERSON<br>Die betroffene Person kann jederzeit die folgenden Rechte gem\u00e4\u00df Artikel 15 ff. der DSGVO aus\u00fcben:<br>- Zugang: Best\u00e4tigung der Verarbeitung und Zugang zu den personenbezogenen Daten (Art. 15 GDPR)<br>- Berichtigung: Erlangung der Berichtigung von unrichtigen Daten (Art. 16 GDPR)<br>- L\u00f6schung: die L\u00f6schung der Daten erwirken (Art. 17 GDPR)<br>- Einschr\u00e4nkung: Einschr\u00e4nkung der Verarbeitung erwirken (Art. 18 GDPR)<br>- \u00dcbertragbarkeit: Erhalt von Daten in einem strukturierten, allgemein gebr\u00e4uchlichen Format (Art. 20 GDPR)<br>- Widerspruch: Einspruch gegen die Datenverarbeitung (Art. 21 GDPR)<br>- Widerruf der Einwilligung: Widerruf der Einwilligung zur Verarbeitung (Art. 7 GDPR)<br>Die betroffene Person kann auch eine Beschwerde bei der Datenschutzbeh\u00f6rde einreichen<br>(www.garanteprivacy.it) oder die zust\u00e4ndige Justizbeh\u00f6rde mit der Angelegenheit befassen (Art. 77 und 78 GDPR).<\/p>\t\t\t\t\t\t\t\t<\/div>\n\t\t\t\t<\/div>\n\t\t\t\t\t<\/div>\n\t\t\t\t<\/div>\n\t\t\t\t<\/div>","protected":false},"excerpt":{"rendered":"<p>INFORMATIVA SUL TRATTAMENTO DEI DATI PERSONALI PROPRIETARIai sensi degli artt. 13 e 14 del Regolamento UE 2016\/679 (GDPR)Con la presente informativa, ai sensi dell&#8217;art. 13 del Regolamento UE n. 2016\/679 (detto anche \u201cGDPR\u201d), desideriamo informarla in merito al trattamento dei suoi dati personali acquisiti e trattati durante l&#8217;interazione con il sito web www.easyflatsardinia.com.Nota: Per i &#8230;<\/p>","protected":false},"author":1,"featured_media":0,"parent":0,"menu_order":0,"comment_status":"closed","ping_status":"closed","template":"gdpr_terms.php","meta":{"inline_featured_image":false,"footnotes":""},"class_list":["post-35042","page","type-page","status-publish","hentry"],"yoast_head":"<!-- This site is optimized with the Yoast SEO plugin v24.4 - https:\/\/yoast.com\/wordpress\/plugins\/seo\/ -->\n<title>Ville e Case Vacanze nel Sud della Sardegna | Easy Flat Sardinia<\/title>\n<meta name=\"robots\" content=\"noindex, nofollow\" \/>\n<meta property=\"og:locale\" content=\"de_DE\" \/>\n<meta property=\"og:type\" content=\"article\" \/>\n<meta property=\"og:title\" content=\"Ville e Case Vacanze nel Sud della Sardegna | Easy Flat Sardinia\" \/>\n<meta property=\"og:description\" content=\"INFORMATIVA SUL TRATTAMENTO DEI DATI PERSONALI PROPRIETARIai sensi degli artt. 13 e 14 del Regolamento UE 2016\/679 (GDPR)Con la presente informativa, ai sensi dell&#8217;art. 13 del Regolamento UE n. 2016\/679 (detto anche \u201cGDPR\u201d), desideriamo informarla in merito al trattamento dei suoi dati personali acquisiti e trattati durante l&#8217;interazione con il sito web www.easyflatsardinia.com.Nota: Per i ...\" \/>\n<meta property=\"og:url\" content=\"https:\/\/easyflatsardinia.com\/de\/gdpr-terms-and-conditions\/\" \/>\n<meta property=\"og:site_name\" content=\"Easyflatsardinia\" \/>\n<meta property=\"article:modified_time\" content=\"2025-02-06T14:40:43+00:00\" \/>\n<meta name=\"twitter:card\" content=\"summary_large_image\" \/>\n<meta name=\"twitter:label1\" content=\"Gesch\u00e4tzte Lesezeit\" \/>\n\t<meta name=\"twitter:data1\" content=\"10\u00a0Minuten\" \/>\n<script type=\"application\/ld+json\" class=\"yoast-schema-graph\">{\"@context\":\"https:\/\/schema.org\",\"@graph\":[{\"@type\":\"WebPage\",\"@id\":\"https:\/\/easyflatsardinia.com\/gdpr-terms-and-conditions\/\",\"url\":\"https:\/\/easyflatsardinia.com\/gdpr-terms-and-conditions\/\",\"name\":\"Ville e Case Vacanze nel Sud della Sardegna | Easy Flat Sardinia\",\"isPartOf\":{\"@id\":\"https:\/\/easyflatsardinia.com\/#website\"},\"datePublished\":\"2019-08-06T10:53:44+00:00\",\"dateModified\":\"2025-02-06T14:40:43+00:00\",\"breadcrumb\":{\"@id\":\"https:\/\/easyflatsardinia.com\/gdpr-terms-and-conditions\/#breadcrumb\"},\"inLanguage\":\"de\",\"potentialAction\":[{\"@type\":\"ReadAction\",\"target\":[\"https:\/\/easyflatsardinia.com\/gdpr-terms-and-conditions\/\"]}]},{\"@type\":\"BreadcrumbList\",\"@id\":\"https:\/\/easyflatsardinia.com\/gdpr-terms-and-conditions\/#breadcrumb\",\"itemListElement\":[{\"@type\":\"ListItem\",\"position\":1,\"name\":\"Home\",\"item\":\"https:\/\/easyflatsardinia.com\/\"},{\"@type\":\"ListItem\",\"position\":2,\"name\":\"GDPR\"}]},{\"@type\":\"WebSite\",\"@id\":\"https:\/\/easyflatsardinia.com\/#website\",\"url\":\"https:\/\/easyflatsardinia.com\/\",\"name\":\"Easyflatsardinia\",\"description\":\"\",\"publisher\":{\"@id\":\"https:\/\/easyflatsardinia.com\/#organization\"},\"potentialAction\":[{\"@type\":\"SearchAction\",\"target\":{\"@type\":\"EntryPoint\",\"urlTemplate\":\"https:\/\/easyflatsardinia.com\/?s={search_term_string}\"},\"query-input\":{\"@type\":\"PropertyValueSpecification\",\"valueRequired\":true,\"valueName\":\"search_term_string\"}}],\"inLanguage\":\"de\"},{\"@type\":\"Organization\",\"@id\":\"https:\/\/easyflatsardinia.com\/#organization\",\"name\":\"Easyflatsardinia\",\"url\":\"https:\/\/easyflatsardinia.com\/\",\"logo\":{\"@type\":\"ImageObject\",\"inLanguage\":\"de\",\"@id\":\"https:\/\/easyflatsardinia.com\/#\/schema\/logo\/image\/\",\"url\":\"https:\/\/easyflatsardinia.com\/wp\/wp-content\/uploads\/2025\/01\/logo.png\",\"contentUrl\":\"https:\/\/easyflatsardinia.com\/wp\/wp-content\/uploads\/2025\/01\/logo.png\",\"width\":198,\"height\":60,\"caption\":\"Easyflatsardinia\"},\"image\":{\"@id\":\"https:\/\/easyflatsardinia.com\/#\/schema\/logo\/image\/\"}}]}<\/script>\n<!-- \/ Yoast SEO plugin. -->","yoast_head_json":{"title":"Ville e Case Vacanze nel Sud della Sardegna | Easy Flat Sardinia","robots":{"index":"noindex","follow":"nofollow"},"og_locale":"de_DE","og_type":"article","og_title":"Ville e Case Vacanze nel Sud della Sardegna | Easy Flat Sardinia","og_description":"INFORMATIVA SUL TRATTAMENTO DEI DATI PERSONALI PROPRIETARIai sensi degli artt. 13 e 14 del Regolamento UE 2016\/679 (GDPR)Con la presente informativa, ai sensi dell&#8217;art. 13 del Regolamento UE n. 2016\/679 (detto anche \u201cGDPR\u201d), desideriamo informarla in merito al trattamento dei suoi dati personali acquisiti e trattati durante l&#8217;interazione con il sito web www.easyflatsardinia.com.Nota: Per i ...","og_url":"https:\/\/easyflatsardinia.com\/de\/gdpr-terms-and-conditions\/","og_site_name":"Easyflatsardinia","article_modified_time":"2025-02-06T14:40:43+00:00","twitter_card":"summary_large_image","twitter_misc":{"Gesch\u00e4tzte Lesezeit":"10\u00a0Minuten"},"schema":{"@context":"https:\/\/schema.org","@graph":[{"@type":"WebPage","@id":"https:\/\/easyflatsardinia.com\/gdpr-terms-and-conditions\/","url":"https:\/\/easyflatsardinia.com\/gdpr-terms-and-conditions\/","name":"Ville e Case Vacanze nel Sud della Sardegna | Easy Flat Sardinia","isPartOf":{"@id":"https:\/\/easyflatsardinia.com\/#website"},"datePublished":"2019-08-06T10:53:44+00:00","dateModified":"2025-02-06T14:40:43+00:00","breadcrumb":{"@id":"https:\/\/easyflatsardinia.com\/gdpr-terms-and-conditions\/#breadcrumb"},"inLanguage":"de","potentialAction":[{"@type":"ReadAction","target":["https:\/\/easyflatsardinia.com\/gdpr-terms-and-conditions\/"]}]},{"@type":"BreadcrumbList","@id":"https:\/\/easyflatsardinia.com\/gdpr-terms-and-conditions\/#breadcrumb","itemListElement":[{"@type":"ListItem","position":1,"name":"Home","item":"https:\/\/easyflatsardinia.com\/"},{"@type":"ListItem","position":2,"name":"GDPR"}]},{"@type":"WebSite","@id":"https:\/\/easyflatsardinia.com\/#website","url":"https:\/\/easyflatsardinia.com\/","name":"Easyflatsardinia","description":"","publisher":{"@id":"https:\/\/easyflatsardinia.com\/#organization"},"potentialAction":[{"@type":"SearchAction","target":{"@type":"EntryPoint","urlTemplate":"https:\/\/easyflatsardinia.com\/?s={search_term_string}"},"query-input":{"@type":"PropertyValueSpecification","valueRequired":true,"valueName":"search_term_string"}}],"inLanguage":"de"},{"@type":"Organization","@id":"https:\/\/easyflatsardinia.com\/#organization","name":"Easyflatsardinia","url":"https:\/\/easyflatsardinia.com\/","logo":{"@type":"ImageObject","inLanguage":"de","@id":"https:\/\/easyflatsardinia.com\/#\/schema\/logo\/image\/","url":"https:\/\/easyflatsardinia.com\/wp\/wp-content\/uploads\/2025\/01\/logo.png","contentUrl":"https:\/\/easyflatsardinia.com\/wp\/wp-content\/uploads\/2025\/01\/logo.png","width":198,"height":60,"caption":"Easyflatsardinia"},"image":{"@id":"https:\/\/easyflatsardinia.com\/#\/schema\/logo\/image\/"}}]}},"_links":{"self":[{"href":"https:\/\/easyflatsardinia.com\/de\/wp-json\/wp\/v2\/pages\/35042","targetHints":{"allow":["GET"]}}],"collection":[{"href":"https:\/\/easyflatsardinia.com\/de\/wp-json\/wp\/v2\/pages"}],"about":[{"href":"https:\/\/easyflatsardinia.com\/de\/wp-json\/wp\/v2\/types\/page"}],"author":[{"embeddable":true,"href":"https:\/\/easyflatsardinia.com\/de\/wp-json\/wp\/v2\/users\/1"}],"replies":[{"embeddable":true,"href":"https:\/\/easyflatsardinia.com\/de\/wp-json\/wp\/v2\/comments?post=35042"}],"version-history":[{"count":4,"href":"https:\/\/easyflatsardinia.com\/de\/wp-json\/wp\/v2\/pages\/35042\/revisions"}],"predecessor-version":[{"id":44257,"href":"https:\/\/easyflatsardinia.com\/de\/wp-json\/wp\/v2\/pages\/35042\/revisions\/44257"}],"wp:attachment":[{"href":"https:\/\/easyflatsardinia.com\/de\/wp-json\/wp\/v2\/media?parent=35042"}],"curies":[{"name":"wp","href":"https:\/\/api.w.org\/{rel}","templated":true}]}}